{"id":7991,"date":"2018-05-11T09:10:41","date_gmt":"2018-05-11T13:10:41","guid":{"rendered":"http:\/\/rstp.turnbull.co\/?page_id=7760"},"modified":"2025-04-03T12:24:20","modified_gmt":"2025-04-03T17:24:20","slug":"subscribe","status":"publish","type":"page","link":"https:\/\/www.rstp.ca\/fr\/subscribe\/","title":{"rendered":"Inscrivez-vous \u00e0 la liste d&rsquo;envoi francophone du PFPR!"},"content":{"rendered":"<p>Abonnez-vous \u00e0 notre liste d&rsquo;envoi francophone pour recevoir par courriel les actualit\u00e9s des politiques et programmes de parrainage priv\u00e9 de r\u00e9fugi\u00e9s, ainsi que des renseignements sur les formations \u00e0 venir <em>en fran\u00e7ais.<\/em><\/p>\n<p>&nbsp;<\/p>\n<a class=\"maxbutton-2 maxbutton maxbutton-register-here\" href=\"https:\/\/mailchi.mp\/rstp.ca\/listedenvoipfpr\"><span class='mb-text'>Abonnez-vous ici<\/span><\/a>\n<p>&nbsp;<\/p>\n","protected":false},"excerpt":{"rendered":"<p>Abonnez-vous \u00e0 notre liste d&rsquo;envoi francophone pour recevoir par courriel les actualit\u00e9s des politiques et programmes de parrainage priv\u00e9 de r\u00e9fugi\u00e9s, ainsi que des renseignements sur les formations \u00e0 venir [&hellip;]<\/p>\n","protected":false},"author":5,"featured_media":0,"parent":0,"menu_order":0,"comment_status":"closed","ping_status":"closed","template":"","meta":{"_relevanssi_hide_post":"","_relevanssi_hide_content":"","_relevanssi_pin_for_all":"","_relevanssi_pin_keywords":"","_relevanssi_unpin_keywords":"","_relevanssi_related_keywords":"","_relevanssi_related_include_ids":"","_relevanssi_related_exclude_ids":"","_relevanssi_related_no_append":"","_relevanssi_related_not_related":"","_relevanssi_related_posts":"","_relevanssi_noindex_reason":"","passster_activate_protection":false,"passster_protect_child_pages":"","passster_protection_type":"password","passster_password":"","passster_activate_overwrite_defaults":"","passster_headline":"","passster_instruction":"","passster_placeholder":"","passster_button":"","passster_id":"","passster_activate_misc_settings":"","passster_redirect_url":"","passster_hide":"no","passster_area_shortcode":"","_price":"","_stock":"","_tribe_ticket_header":"","_tribe_default_ticket_provider":"","_tribe_ticket_capacity":"0","_ticket_start_date":"","_ticket_end_date":"","_tribe_ticket_show_description":"","_tribe_ticket_show_not_going":false,"_tribe_ticket_use_global_stock":"","_tribe_ticket_global_stock_level":"","_global_stock_mode":"","_global_stock_cap":"","_tribe_rsvp_for_event":"","_tribe_ticket_going_count":"","_tribe_ticket_not_going_count":"","_tribe_tickets_list":"[]","_tribe_ticket_has_attendee_info_fields":false,"footnotes":""},"meta_box":{"front_blocks":[]},"ticketed":false,"_links":{"self":[{"href":"https:\/\/www.rstp.ca\/fr\/wp-json\/wp\/v2\/pages\/7991"}],"collection":[{"href":"https:\/\/www.rstp.ca\/fr\/wp-json\/wp\/v2\/pages"}],"about":[{"href":"https:\/\/www.rstp.ca\/fr\/wp-json\/wp\/v2\/types\/page"}],"author":[{"embeddable":true,"href":"https:\/\/www.rstp.ca\/fr\/wp-json\/wp\/v2\/users\/5"}],"replies":[{"embeddable":true,"href":"https:\/\/www.rstp.ca\/fr\/wp-json\/wp\/v2\/comments?post=7991"}],"version-history":[{"count":7,"href":"https:\/\/www.rstp.ca\/fr\/wp-json\/wp\/v2\/pages\/7991\/revisions"}],"predecessor-version":[{"id":10424,"href":"https:\/\/www.rstp.ca\/fr\/wp-json\/wp\/v2\/pages\/7991\/revisions\/10424"}],"wp:attachment":[{"href":"https:\/\/www.rstp.ca\/fr\/wp-json\/wp\/v2\/media?parent=7991"}],"curies":[{"name":"wp","href":"https:\/\/api.w.org\/{rel}","templated":true}]}}