{"id":6954,"date":"2018-01-12T15:53:16","date_gmt":"2018-01-12T20:53:16","guid":{"rendered":"http:\/\/rstp.turnbull.co\/?page_id=6954"},"modified":"2025-12-05T10:07:04","modified_gmt":"2025-12-05T15:07:04","slug":"taux-du-programme-daide-a-la-reinstallation-par","status":"publish","type":"page","link":"https:\/\/www.rstp.ca\/fr\/rdbv\/taux-du-programme-daide-a-la-reinstallation-par\/","title":{"rendered":"Taux du Programme d&rsquo;aide \u00e0 la r\u00e9installation (PAR)"},"content":{"rendered":"<p>Le Programme d&rsquo;aide \u00e0 la r\u00e9installation (PAR) est un programme de contribution par l&rsquo;entremise duquel le gouvernement du Canada fournit du soutien financier et d&rsquo;autres types d&rsquo;aide aux r\u00e9fugi\u00e9s r\u00e9install\u00e9s afin qu&rsquo;ils puissent s&rsquo;installer dans leur nouvelle communaut\u00e9.<\/p>\n<p>Le soutien au revenu offert par le PAR comporte deux composants : 1) les co\u00fbts de d\u00e9marrage (aussi appel\u00e9s \u00ab co\u00fbts initiaux \u00bb) et 2) le soutien au revenu mensuel. Les co\u00fbts de d\u00e9marrage repr\u00e9sentent normalement un versement unique harmonis\u00e9 pour toutes les provinces. Le soutien au revenu mensuel est vers\u00e9 chaque mois et varie en fonction de la province.<\/p>\n<p>Le niveau minimal de soutien financier vers\u00e9 par les SEP, Groupes de cinq et R\u00e9pondants communautaires aux r\u00e9fugi\u00e9s parrain\u00e9s dans le cadre du Programme de parrainage priv\u00e9 de r\u00e9fugi\u00e9s (PPPR) ou du Programme mixte des r\u00e9fugi\u00e9s d\u00e9sign\u00e9s par un bureau des visas (RDBV) doit correspondre aux taux du PAR en vigueur dans la communaut\u00e9 d&rsquo;\u00e9tablissement pr\u00e9vue. Les r\u00e9pondants doivent \u00e9galement se conformer aux politiques du PAR concernant le soutien financier. <a href=\"https:\/\/www.canada.ca\/fr\/immigration-refugies-citoyennete\/services\/refugies\/parrainer-refugie\/programme-parrainage-prive\/evaluations\/exigences-apres-arrivee.html#3\" target=\"_blank\" rel=\"noopener\">Cliquez ici<\/a> pour en apprendre davantage sur les exigences pour les r\u00e9pondants en mati\u00e8re de soutien financier.<\/p>\n<p>Le <a href=\"https:\/\/www.rstp.ca\/calc\/?lang=fr\" target=\"_blank\" rel=\"noopener\">Calculateur du soutien financier minimal<\/a> peut aider les r\u00e9pondants \u00e0 calculer le montant minimal de soutien financier en fonction des taux du PAR. Les r\u00e9pondants peuvent \u00e9galement consulter les documents sur cette page indiquant les taux en vigueur pour les co\u00fbts de d\u00e9marrage (qui s&rsquo;appliquent \u00e0 toutes les provinces) et les taux du soutien mensuel en vigueur dans chaque province.<\/p>\n<p>&nbsp;<\/p>\n<h2><span style=\"color: #00ccff;\">ARCHIVES DES TAUX DU PAR<\/span><\/h2>\n<h2>Taux de 2024<\/h2>\n<ul>\n<li><a href=\"https:\/\/www.rstp.ca\/wp-content\/uploads\/2024\/08\/Couts_de_Demarrage_FR.Sept2024.pdf\">Co\u00fbts de d\u00e9marrage (sept 2024)<\/a><\/li>\n<li><a href=\"https:\/\/www.rstp.ca\/wp-content\/uploads\/2024\/08\/Alberta_FR.Sept2024.pdf\">Alberta (sept 2024)<\/a><\/li>\n<li><a href=\"https:\/\/www.rstp.ca\/wp-content\/uploads\/2024\/08\/CB_FR.Sept_.2024.pdf\">Colombie-Britannique (sept 2024)<\/a><\/li>\n<li><a href=\"https:\/\/www.rstp.ca\/wp-content\/uploads\/2024\/08\/IPE_FR.Sept2024.pdf\">\u00cele-du-Prince-\u00c9douard (sept 2024)<\/a><\/li>\n<li><a href=\"https:\/\/www.rstp.ca\/wp-content\/uploads\/2024\/08\/MB_FR.Sept2024.pdf\">Manitoba (sept 2024)<\/a><\/li>\n<li><a href=\"https:\/\/www.rstp.ca\/wp-content\/uploads\/2024\/08\/NB_FR.Sept2024.pdf\">Nouveau-Brunswick (sept 2024)<\/a><\/li>\n<li><a href=\"https:\/\/www.rstp.ca\/wp-content\/uploads\/2024\/08\/NE_FR.Sept2024.pdf\">Nouvelle-\u00c9cosse (sept 2024)<\/a><\/li>\n<li><a href=\"https:\/\/www.rstp.ca\/wp-content\/uploads\/2024\/08\/Ontario_FR.Sept2024.pdf\">Ontario (sept 2024)<\/a><\/li>\n<li><a href=\"https:\/\/www.rstp.ca\/wp-content\/uploads\/2024\/08\/SK_FR.Sept2024.pdf\">Saskatchewan (sept 2024)<\/a><\/li>\n<li><a href=\"https:\/\/www.rstp.ca\/wp-content\/uploads\/2024\/08\/TNL_FR.Sept2024.pdf\">Terre-Neuve-et-Labrador (sept 2024)<\/a><\/li>\n<\/ul>\n<h2>Taux de 2022<\/h2>\n<ul>\n<li><a href=\"https:\/\/www.rstp.ca\/wp-content\/uploads\/2018\/01\/Startup_FR.pdf\">Co\u00fbts de d\u00e9marrage<\/a><\/li>\n<li><a href=\"https:\/\/www.rstp.ca\/wp-content\/uploads\/2021\/11\/New%20Rap%20Rates%20(Jan%2001%202022)\/French\/Alberta%20rate_FR.NEW.Jan.2022.REV.pdf?_t=1637362354\" target=\"_blank\" rel=\"noopener\">Alberta (Janvier 2022)<\/a><\/li>\n<li><a href=\"https:\/\/www.rstp.ca\/wp-content\/uploads\/2021\/11\/New%20Rap%20Rates%20(Jan%2001%202022)\/French\/BC%20Rate_FR.NEW.Jan.2022.REV.pdf?_t=1637362354\" target=\"_blank\" rel=\"noopener\">Colombie-Britannique (Janvier 2022)<\/a><\/li>\n<li><a href=\"https:\/\/www.rstp.ca\/wp-content\/uploads\/2021\/11\/New%20Rap%20Rates%20(Jan%2001%202022)\/French\/Prince-Edward-Island-RAP-rates.FR.NEW.Jan.2022.REV.pdf?_t=1637362354\" target=\"_blank\" rel=\"noopener\">\u00cele-du-Prince-\u00c9douard (Janvier 2022)<\/a><\/li>\n<li><a href=\"https:\/\/www.rstp.ca\/wp-content\/uploads\/2021\/11\/New%20Rap%20Rates%20(Jan%2001%202022)\/French\/MB%20Rate_FR.NEW.Jan.2022.REV.pdf?_t=1637362354\" target=\"_blank\" rel=\"noopener\">Manitoba (Janvier 2022)<\/a><\/li>\n<li><a href=\"https:\/\/www.rstp.ca\/wp-content\/uploads\/2021\/11\/New%20Rap%20Rates%20(Jan%2001%202022)\/French\/NB%20Rate_FR.NEW.Jan.2022.REV.pdf?_t=1637362354\" target=\"_blank\" rel=\"noopener\">Nouveau-Brunswick (Janvier 2022)<\/a><\/li>\n<li><a href=\"https:\/\/www.rstp.ca\/wp-content\/uploads\/2021\/11\/New%20Rap%20Rates%20%28Jan%2001%202022%29\/French\/NS%20rate_FR.NEW.Jan.2022.REV2.pdf\" target=\"_blank\" rel=\"noopener\">Nouvelle-\u00c9cosse (Janvier 2022)<\/a><\/li>\n<li><a href=\"https:\/\/www.rstp.ca\/wp-content\/uploads\/2021\/11\/New%20Rap%20Rates%20(Jan%2001%202022)\/French\/Ontario_FR.NEW.Jan.2022.REV.pdf?_t=1637362354\" target=\"_blank\" rel=\"noopener\">Ontario (Janvier 2022)<\/a><\/li>\n<li><a href=\"https:\/\/www.rstp.ca\/wp-content\/uploads\/2021\/11\/New%20Rap%20Rates%20(Jan%2001%202022)\/French\/SK%20Rate_FR.NEW.Jan.2022.REV.pdf?_t=1637362354\" target=\"_blank\" rel=\"noopener\">Saskatchewan (Janvier 2022)<\/a><\/li>\n<li><a href=\"https:\/\/www.rstp.ca\/wp-content\/uploads\/2021\/11\/New%20Rap%20Rates%20(Jan%2001%202022)\/French\/NFLD%20Rate_FR.NEW.Jan.2022.REV.pdf?_t=1637362354\" target=\"_blank\" rel=\"noopener\">Terre-Neuve-et-Labrador (Janvier 2022)<\/a><\/li>\n<\/ul>\n<h2>Taux de 2019<\/h2>\n<ul>\n<li><a href=\"https:\/\/www.rstp.ca\/wp-content\/uploads\/2019\/10\/Alberta-rate_FR.NEW_.Nov_.2019-1.pdf\" target=\"_blank\" rel=\"noopener\">Alberta (Novembre 2019)<\/a><\/li>\n<li><a href=\"https:\/\/www.rstp.ca\/wp-content\/uploads\/2019\/10\/BC-Rate_FR.NEW_.Nov_.2019-1.pdf\" target=\"_blank\" rel=\"noopener\">Colombie-Britannique (Novembre 2019)<\/a><\/li>\n<li><a href=\"https:\/\/www.rstp.ca\/wp-content\/uploads\/2019\/10\/Prince-Edward-Island-RAP-rates.FR_.NEW_.Nov_.2019.pdf\" target=\"_blank\" rel=\"noopener\">\u00cele-du-Prince-\u00c9douard (Novembre 2019)<\/a><\/li>\n<li><a href=\"https:\/\/www.rstp.ca\/wp-content\/uploads\/2019\/10\/MB-Rate_FR.NEW_.Nov_.2019.pdf\" target=\"_blank\" rel=\"noopener\">Manitoba (Novembre 2019)<\/a><\/li>\n<li><a href=\"https:\/\/www.rstp.ca\/wp-content\/uploads\/2019\/10\/NB-Rate_FR.NEW_.Nov_.2019.pdf\" target=\"_blank\" rel=\"noopener\">Nouveau-Brunswick (Novembre 2019)<\/a><\/li>\n<li><a href=\"https:\/\/www.rstp.ca\/wp-content\/uploads\/2019\/10\/NB-Rate_FR.NEW_.Nov_.2019.pdf\" target=\"_blank\" rel=\"noopener\">Nouvelle-\u00c9cosse (Novembre 2019)<\/a><\/li>\n<li><a href=\"https:\/\/www.rstp.ca\/wp-content\/uploads\/2019\/10\/Ontario_FR.NEW_.Nov_.2019-1.pdf\" target=\"_blank\" rel=\"noopener\">Ontario (Novembre 2019)<\/a><\/li>\n<li><a href=\"https:\/\/www.rstp.ca\/wp-content\/uploads\/2019\/10\/SK-Rate_FR.NEW_.Nov_.2019.pdf\" target=\"_blank\" rel=\"noopener\">Saskatchewan (Novembre 2019)<\/a><\/li>\n<li><a href=\"https:\/\/www.rstp.ca\/wp-content\/uploads\/2019\/10\/NFLD-Rate_FR.NEW_.Nov_.2019.pdf\" target=\"_blank\" rel=\"noopener\">Terre-Neuve-et-Labrador (Novembre 2019)<\/a><\/li>\n<\/ul>\n","protected":false},"excerpt":{"rendered":"<p>Le Programme d&rsquo;aide \u00e0 la r\u00e9installation (PAR) est un programme de contribution par l&rsquo;entremise duquel le gouvernement du Canada fournit du soutien financier et d&rsquo;autres types d&rsquo;aide aux r\u00e9fugi\u00e9s r\u00e9install\u00e9s [&hellip;]<\/p>\n","protected":false},"author":4,"featured_media":0,"parent":10542,"menu_order":2,"comment_status":"closed","ping_status":"closed","template":"","meta":{"_relevanssi_hide_post":"","_relevanssi_hide_content":"","_relevanssi_pin_for_all":"","_relevanssi_pin_keywords":"","_relevanssi_unpin_keywords":"","_relevanssi_related_keywords":"","_relevanssi_related_include_ids":"","_relevanssi_related_exclude_ids":"","_relevanssi_related_no_append":"","_relevanssi_related_not_related":"","_relevanssi_related_posts":"","_relevanssi_noindex_reason":"","passster_activate_protection":false,"passster_protect_child_pages":"","passster_protection_type":"password","passster_password":"","passster_activate_overwrite_defaults":"","passster_headline":"","passster_instruction":"","passster_placeholder":"","passster_button":"","passster_id":"","passster_activate_misc_settings":"","passster_redirect_url":"","passster_hide":"no","passster_area_shortcode":"","_price":"","_stock":"","_tribe_ticket_header":"","_tribe_default_ticket_provider":"","_tribe_ticket_capacity":"0","_ticket_start_date":"","_ticket_end_date":"","_tribe_ticket_show_description":"","_tribe_ticket_show_not_going":false,"_tribe_ticket_use_global_stock":"","_tribe_ticket_global_stock_level":"","_global_stock_mode":"","_global_stock_cap":"","_tribe_rsvp_for_event":"","_tribe_ticket_going_count":"","_tribe_ticket_not_going_count":"","_tribe_tickets_list":"[]","_tribe_ticket_has_attendee_info_fields":false,"footnotes":""},"meta_box":{"front_blocks":[]},"ticketed":false,"_links":{"self":[{"href":"https:\/\/www.rstp.ca\/fr\/wp-json\/wp\/v2\/pages\/6954"}],"collection":[{"href":"https:\/\/www.rstp.ca\/fr\/wp-json\/wp\/v2\/pages"}],"about":[{"href":"https:\/\/www.rstp.ca\/fr\/wp-json\/wp\/v2\/types\/page"}],"author":[{"embeddable":true,"href":"https:\/\/www.rstp.ca\/fr\/wp-json\/wp\/v2\/users\/4"}],"replies":[{"embeddable":true,"href":"https:\/\/www.rstp.ca\/fr\/wp-json\/wp\/v2\/comments?post=6954"}],"version-history":[{"count":21,"href":"https:\/\/www.rstp.ca\/fr\/wp-json\/wp\/v2\/pages\/6954\/revisions"}],"predecessor-version":[{"id":24032,"href":"https:\/\/www.rstp.ca\/fr\/wp-json\/wp\/v2\/pages\/6954\/revisions\/24032"}],"up":[{"embeddable":true,"href":"https:\/\/www.rstp.ca\/fr\/wp-json\/wp\/v2\/pages\/10542"}],"wp:attachment":[{"href":"https:\/\/www.rstp.ca\/fr\/wp-json\/wp\/v2\/media?parent=6954"}],"curies":[{"name":"wp","href":"https:\/\/api.w.org\/{rel}","templated":true}]}}