{"id":6171,"date":"2017-08-17T12:00:54","date_gmt":"2017-08-17T16:00:54","guid":{"rendered":"http:\/\/rstp.turnbull.co\/?page_id=6171"},"modified":"2026-01-13T20:06:56","modified_gmt":"2026-01-14T01:06:56","slug":"soutien-financier","status":"publish","type":"page","link":"https:\/\/www.rstp.ca\/fr\/les-droits-des-refugies-parraines-par-le-secteur-prive\/soutien-financier\/","title":{"rendered":"Que devriez-vous recevoir de la part de vos r\u00e9pondants?"},"content":{"rendered":"<h2>1. De l&rsquo;aide financi\u00e8re pour couvrir vos d\u00e9penses essentielles pendant un an ou jusqu\u2019\u00e0 ce que vous deveniez autonome, selon la premi\u00e8re \u00e9ventualit\u00e9.<\/h2>\n<p>Votre r\u00e9pondant est responsable de votre soutien financier pendant votre premi\u00e8re ann\u00e9e au Canada ou jusqu\u2019\u00e0 ce que vous soyez capable de subvenir \u00e0 vos propres besoins, selon la premi\u00e8re \u00e9ventualit\u00e9. Un tel soutien pourrait inclure une aide financi\u00e8re directe, mais le r\u00e9pondant pourrait \u00e9galement vous donner du soutien en nature, comme des meubles, des articles m\u00e9nagers ou des v\u00eatements.<\/p>\n<p>On doit vous donner assez d\u2019argent<strong> ou<\/strong> d&rsquo;articles en nature pour pourvoir \u00e0 votre :<\/p>\n<ul>\n<li>Logement (une chambre, un appartement ou une maison)<\/li>\n<li>Nourriture<\/li>\n<li>Habillement<\/li>\n<li>Transport (par exemple, transport en commun)<\/li>\n<\/ul>\n<p>Si vous avez \u00e9t\u00e9 parrain\u00e9 dans le cadre du\u00a0<em><strong>Programme des r\u00e9fugi\u00e9s d\u00e9sign\u00e9s par un bureau des visas (RDBV)<\/strong><\/em>, le Gouvernement du Canada vous fournira des ch\u00e8ques mensuels pour couvrir vos besoins de base pendant six mois, \u00e0 partir de votre deuxi\u00e8me mois au Canada. Votre groupe de parrainage est responsable de\u00a0:<\/p>\n<ul>\n<li>Fournir de l\u2019argent ou articles en nature pour meubler votre logement, comme des meubles, des ustensiles, produits de nettoyage, la literie, de la nourriture, le d\u00e9p\u00f4t de loyer, des v\u00eatements, etc. Il se peut que certains de ces articles soient d\u2019occasion ou donn\u00e9s.<\/li>\n<li>Fournir assez d\u2019argent ou d\u2019articles pour couvrir vos besoins de base (\u00e9num\u00e9r\u00e9s ci-dessus) pendant votre <strong>premier mois<\/strong> au Canada.<\/li>\n<li>Fournir assez d\u2019argent ou d\u2019articles pour couvrir vos besoins de base (\u00e9num\u00e9r\u00e9s ci-dessus) pendant <strong>les derniers cinq mois<\/strong> de la p\u00e9riode de parrainage, ou jusqu\u2019\u00e0 ce que vous soyez autonome, selon la premi\u00e8re \u00e9ventualit\u00e9.<\/li>\n<\/ul>\n<p>Si, pendant votre premi\u00e8re ann\u00e9e au Canada, vous arrivez \u00e0 trouver un emploi, il se peut que vous r\u00e9pondants r\u00e9duisent le montant d\u2019argent qu\u2019ils vous donnent. Si vous \u00eates <em><strong>pleinement<\/strong><\/em> en mesure des subvenir \u00e0 vos besoins et \u00e0 ceux de votre famille, votre groupe de parrainage n\u2019est plus responsable de continuer \u00e0 vous donner une aide financi\u00e8re; la d\u00e9cision de continuer ou d\u2019arr\u00eater ce soutien financier leur revient. Cependant, si vous perdez votre emploi pendant la p\u00e9riode de parrainage, vos r\u00e9pondants doivent vous fournir \u00e0 nouveau de l\u2019aide financi\u00e8re. <strong>Effectivement, le groupe de parrainage doit s\u2019assurer que vous avez tous les essentiels dont vous avez besoin (\u00e9num\u00e9r\u00e9s ci-dessus) tout au long de la p\u00e9riode de parrainage.<\/strong> Il est fortement conseill\u00e9 de tenir des discussions avec le groupe de parrainage sur l\u2019ampleur du soutien que l\u2019on vous donnera si vous trouvez un emploi.<\/p>\n<p>Les r\u00e9pondants priv\u00e9s ne sont pas oblig\u00e9s \u00e0 vous fournir un aide financi\u00e8re si vous avez d\u00e9j\u00e0 assez d\u2019argent pour subvenir aux besoins de votre famille. Si vous avez amen\u00e9 de l\u2019argent au Canada, il se peut que votre groupe de parrainage vous demande de contribuer \u00e0 vos co\u00fbts de la vie au Canada. Les r\u00e9pondants sont n\u00e9anmoins d\u00e9finitivement responsables de s\u2019assurer que vous avez l\u2019argent suffisant pour subvenir \u00e0 vos besoins fondamentaux.<\/p>\n<p>La qualit\u00e9 de votre logement et des articles que vous recevrez d\u00e9pendra du montant d\u2019argent que votre groupe a pu lever pour vous. Bien que les articles ou le logement que l\u2019on vous donne ne soient peut-\u00eatre pas de luxe, il faut qu\u2019ils soient ad\u00e9quats. Votre maison doit \u00eatre suffisante pour h\u00e9berger toute votre famille, et vous devez avoir assez d\u2019argent pour acheter de la nourriture suffisante afin de vous garder en bonne sant\u00e9.<\/p>\n<p>Il se peut que certains r\u00e9fugi\u00e9s re\u00e7oivent plus ou moins d\u2019argent ou d\u2019articles que vous. Cela s\u2019explique par le fait que certains groupes de parrainage ont pu lever un grand montant d\u2019argent pour le parrainage, alors que d\u2019autres n\u2019ont pu lever que le minimum exig\u00e9 par le gouvernement.\u00a0 Il est \u00e9galement possible que certains groupes de parrainage aient organis\u00e9 un appartement sans loyer et contribu\u00e9 des articles m\u00e9nagers et qu\u2019ils donnent donc moins d\u2019argent chaque mois, alors que d\u2019autres groupes fournissent plus d\u2019aide financi\u00e8re et moins d\u2019articles donn\u00e9s. Tout groupe est diff\u00e9rent. <strong>Au minimum, on s&rsquo;attend \u00e0 ce que les r\u00e9pondants fournissent un niveau d\u2019aide qui est \u00e9gal au taux de l\u2019aide sociale dans votre province et ils doivent vous fournir assez d\u2019aide financi\u00e8re pour couvrir vos d\u00e9penses de base<\/strong>. Il est \u00e9galement important de noter que les r\u00e9fugi\u00e9s qui viennent au Canada par le biais de diff\u00e9rentes cat\u00e9gories (tel que r\u00e9fugi\u00e9s pris en charge par le gouvernement) ont de diff\u00e9rents niveaux d\u2019aide financi\u00e8re.<\/p>\n<p><a class=\"button style1\" style=\"margin-bottom: 25px;\" href=\"https:\/\/www.rstp.ca\/fr\/les-droits-des-refugies-parraines-par-le-secteur-prive\/\">Retour<\/a><\/p>\n","protected":false},"excerpt":{"rendered":"<p>1. De l&rsquo;aide financi\u00e8re pour couvrir vos d\u00e9penses essentielles pendant un an ou jusqu\u2019\u00e0 ce que vous deveniez autonome, selon la premi\u00e8re \u00e9ventualit\u00e9. Votre r\u00e9pondant est responsable de votre soutien [&hellip;]<\/p>\n","protected":false},"author":4,"featured_media":0,"parent":6157,"menu_order":0,"comment_status":"closed","ping_status":"closed","template":"","meta":{"_relevanssi_hide_post":"","_relevanssi_hide_content":"","_relevanssi_pin_for_all":"","_relevanssi_pin_keywords":"","_relevanssi_unpin_keywords":"","_relevanssi_related_keywords":"","_relevanssi_related_include_ids":"","_relevanssi_related_exclude_ids":"","_relevanssi_related_no_append":"","_relevanssi_related_not_related":"","_relevanssi_related_posts":"","_relevanssi_noindex_reason":"","passster_activate_protection":false,"passster_protect_child_pages":"","passster_protection_type":"password","passster_password":"","passster_activate_overwrite_defaults":"","passster_headline":"","passster_instruction":"","passster_placeholder":"","passster_button":"","passster_id":"","passster_activate_misc_settings":"","passster_redirect_url":"","passster_hide":"no","passster_area_shortcode":"","_price":"","_stock":"","_tribe_ticket_header":"","_tribe_default_ticket_provider":"","_tribe_ticket_capacity":"0","_ticket_start_date":"","_ticket_end_date":"","_tribe_ticket_show_description":"","_tribe_ticket_show_not_going":false,"_tribe_ticket_use_global_stock":"","_tribe_ticket_global_stock_level":"","_global_stock_mode":"","_global_stock_cap":"","_tribe_rsvp_for_event":"","_tribe_ticket_going_count":"","_tribe_ticket_not_going_count":"","_tribe_tickets_list":"[]","_tribe_ticket_has_attendee_info_fields":false,"footnotes":""},"meta_box":{"front_blocks":[]},"ticketed":false,"_links":{"self":[{"href":"https:\/\/www.rstp.ca\/fr\/wp-json\/wp\/v2\/pages\/6171"}],"collection":[{"href":"https:\/\/www.rstp.ca\/fr\/wp-json\/wp\/v2\/pages"}],"about":[{"href":"https:\/\/www.rstp.ca\/fr\/wp-json\/wp\/v2\/types\/page"}],"author":[{"embeddable":true,"href":"https:\/\/www.rstp.ca\/fr\/wp-json\/wp\/v2\/users\/4"}],"replies":[{"embeddable":true,"href":"https:\/\/www.rstp.ca\/fr\/wp-json\/wp\/v2\/comments?post=6171"}],"version-history":[{"count":8,"href":"https:\/\/www.rstp.ca\/fr\/wp-json\/wp\/v2\/pages\/6171\/revisions"}],"predecessor-version":[{"id":24181,"href":"https:\/\/www.rstp.ca\/fr\/wp-json\/wp\/v2\/pages\/6171\/revisions\/24181"}],"up":[{"embeddable":true,"href":"https:\/\/www.rstp.ca\/fr\/wp-json\/wp\/v2\/pages\/6157"}],"wp:attachment":[{"href":"https:\/\/www.rstp.ca\/fr\/wp-json\/wp\/v2\/media?parent=6171"}],"curies":[{"name":"wp","href":"https:\/\/api.w.org\/{rel}","templated":true}]}}