{"id":6169,"date":"2017-08-17T11:55:07","date_gmt":"2017-08-17T15:55:07","guid":{"rendered":"http:\/\/rstp.turnbull.co\/?page_id=6169"},"modified":"2026-01-13T20:16:07","modified_gmt":"2026-01-14T01:16:07","slug":"quelles-sont-vos-responsabilites-a-letablissement","status":"publish","type":"page","link":"https:\/\/www.rstp.ca\/fr\/les-droits-des-refugies-parraines-par-le-secteur-prive\/quelles-sont-vos-responsabilites-a-letablissement\/","title":{"rendered":"Quelles sont vos responsabilit\u00e9s \u00e0 l&rsquo;\u00e9tablissement?"},"content":{"rendered":"<p>Une fois que vous arriverez au Canada, on s\u2019attend \u00e0 ce que vous fassiez tout pour devenir autonome d\u00e8s que possible. Cela pourrait impliquer l\u2019inscription aux cours d\u2019anglais ou fran\u00e7ais, le contact r\u00e9gulier avec un conseiller en \u00e9tablissement qui peut vous aider \u00e0 vous adapter \u00e0 la vie au Canada, et la recherche d\u2019un emploi, si vous en \u00eates capables. Bien qu\u2019on ne s\u2019attende pas \u00e0 ce que vous travailliez pendant votre premi\u00e8re ann\u00e9e au Canada, il est conseill\u00e9 de cr\u00e9er un plan en vue de subvenir \u00e0 vos propres besoins apr\u00e8s la p\u00e9riode de parrainage.<\/p>\n<p><a class=\"button style1\" style=\"margin-bottom: 25px;\" href=\"https:\/\/www.rstp.ca\/fr\/les-droits-des-refugies-parraines-par-le-secteur-prive\/\">Retour<\/a><\/p>\n","protected":false},"excerpt":{"rendered":"<p>Une fois que vous arriverez au Canada, on s\u2019attend \u00e0 ce que vous fassiez tout pour devenir autonome d\u00e8s que possible. Cela pourrait impliquer l\u2019inscription aux cours d\u2019anglais ou fran\u00e7ais, [&hellip;]<\/p>\n","protected":false},"author":4,"featured_media":0,"parent":6157,"menu_order":0,"comment_status":"closed","ping_status":"closed","template":"","meta":{"_relevanssi_hide_post":"","_relevanssi_hide_content":"","_relevanssi_pin_for_all":"","_relevanssi_pin_keywords":"","_relevanssi_unpin_keywords":"","_relevanssi_related_keywords":"","_relevanssi_related_include_ids":"","_relevanssi_related_exclude_ids":"","_relevanssi_related_no_append":"","_relevanssi_related_not_related":"","_relevanssi_related_posts":"","_relevanssi_noindex_reason":"","passster_activate_protection":false,"passster_protect_child_pages":"","passster_protection_type":"password","passster_password":"","passster_activate_overwrite_defaults":"","passster_headline":"","passster_instruction":"","passster_placeholder":"","passster_button":"","passster_id":"","passster_activate_misc_settings":"","passster_redirect_url":"","passster_hide":"no","passster_area_shortcode":"","_price":"","_stock":"","_tribe_ticket_header":"","_tribe_default_ticket_provider":"","_tribe_ticket_capacity":"0","_ticket_start_date":"","_ticket_end_date":"","_tribe_ticket_show_description":"","_tribe_ticket_show_not_going":false,"_tribe_ticket_use_global_stock":"","_tribe_ticket_global_stock_level":"","_global_stock_mode":"","_global_stock_cap":"","_tribe_rsvp_for_event":"","_tribe_ticket_going_count":"","_tribe_ticket_not_going_count":"","_tribe_tickets_list":"[]","_tribe_ticket_has_attendee_info_fields":false,"footnotes":""},"meta_box":{"front_blocks":[]},"ticketed":false,"_links":{"self":[{"href":"https:\/\/www.rstp.ca\/fr\/wp-json\/wp\/v2\/pages\/6169"}],"collection":[{"href":"https:\/\/www.rstp.ca\/fr\/wp-json\/wp\/v2\/pages"}],"about":[{"href":"https:\/\/www.rstp.ca\/fr\/wp-json\/wp\/v2\/types\/page"}],"author":[{"embeddable":true,"href":"https:\/\/www.rstp.ca\/fr\/wp-json\/wp\/v2\/users\/4"}],"replies":[{"embeddable":true,"href":"https:\/\/www.rstp.ca\/fr\/wp-json\/wp\/v2\/comments?post=6169"}],"version-history":[{"count":4,"href":"https:\/\/www.rstp.ca\/fr\/wp-json\/wp\/v2\/pages\/6169\/revisions"}],"predecessor-version":[{"id":24186,"href":"https:\/\/www.rstp.ca\/fr\/wp-json\/wp\/v2\/pages\/6169\/revisions\/24186"}],"up":[{"embeddable":true,"href":"https:\/\/www.rstp.ca\/fr\/wp-json\/wp\/v2\/pages\/6157"}],"wp:attachment":[{"href":"https:\/\/www.rstp.ca\/fr\/wp-json\/wp\/v2\/media?parent=6169"}],"curies":[{"name":"wp","href":"https:\/\/api.w.org\/{rel}","templated":true}]}}