{"id":6167,"date":"2017-08-17T11:44:01","date_gmt":"2017-08-17T15:44:01","guid":{"rendered":"http:\/\/rstp.turnbull.co\/?page_id=6167"},"modified":"2026-01-13T20:32:03","modified_gmt":"2026-01-14T01:32:03","slug":"quarrive-t-il-si-vous-choisissez-de-demenager-dans-une-autre-ville-au-canada","status":"publish","type":"page","link":"https:\/\/www.rstp.ca\/fr\/les-droits-des-refugies-parraines-par-le-secteur-prive\/quarrive-t-il-si-vous-choisissez-de-demenager-dans-une-autre-ville-au-canada\/","title":{"rendered":"Qu&rsquo;arrive-t-il si vous choisissez de d\u00e9m\u00e9nager dans une autre ville au Canada?"},"content":{"rendered":"<p>Vous pouvez d\u00e9m\u00e9nager n\u2019importe o\u00f9 au Canada. Cependant, si vous choisissez <strong>volontairement<\/strong> de d\u00e9m\u00e9nager dans une autre ville au Canada, il se peut que vos r\u00e9pondants ne soient plus en mesure de vous fournir l\u2019aide financi\u00e8re et du soutien \u00e0 l\u2019\u00e9tablissement. Pour les nouveaux arrivants qui re\u00e7oivent l\u2019aide du gouvernement, il se peut que vous ne soyez plus admissible \u00e0 recevoir de l\u2019aide financi\u00e8re de la part d\u2019IRCC pour le reste de la p\u00e9riode de parrainage.<\/p>\n<p>Les r\u00e9pondants priv\u00e9s s\u2019engagent \u00e0 vous soutenir en tenant pour acquis que vous allez vivre dans leur communaut\u00e9. Bien que vous ayez le droit de d\u00e9m\u00e9nager o\u00f9 que vous le vouliez au Canada, les r\u00e9pondants priv\u00e9s ne sont oblig\u00e9s de vous fournir du soutien pendant la premi\u00e8re ann\u00e9e que si vous restez dans leur communaut\u00e9.\u00a0 Si vous d\u00e9m\u00e9nagez, les r\u00e9pondants devraient vous aider \u00e0 trouver un groupe de parrainage dans votre nouvelle communaut\u00e9. Cependant, s\u2019ils n\u2019arrivent pas \u00e0 le faire, il se peut que vous ne receviez plus d\u2019aide de la part de r\u00e9pondants.<\/p>\n<p><a class=\"button style1\" style=\"margin-bottom: 25px;\" href=\"https:\/\/www.rstp.ca\/fr\/les-droits-des-refugies-parraines-par-le-secteur-prive\/\">Retour<\/a><\/p>\n","protected":false},"excerpt":{"rendered":"<p>Vous pouvez d\u00e9m\u00e9nager n\u2019importe o\u00f9 au Canada. Cependant, si vous choisissez volontairement de d\u00e9m\u00e9nager dans une autre ville au Canada, il se peut que vos r\u00e9pondants ne soient plus en [&hellip;]<\/p>\n","protected":false},"author":4,"featured_media":0,"parent":6157,"menu_order":0,"comment_status":"closed","ping_status":"closed","template":"","meta":{"_relevanssi_hide_post":"","_relevanssi_hide_content":"","_relevanssi_pin_for_all":"","_relevanssi_pin_keywords":"","_relevanssi_unpin_keywords":"","_relevanssi_related_keywords":"","_relevanssi_related_include_ids":"","_relevanssi_related_exclude_ids":"","_relevanssi_related_no_append":"","_relevanssi_related_not_related":"","_relevanssi_related_posts":"","_relevanssi_noindex_reason":"","passster_activate_protection":false,"passster_protect_child_pages":"","passster_protection_type":"password","passster_password":"","passster_activate_overwrite_defaults":"","passster_headline":"","passster_instruction":"","passster_placeholder":"","passster_button":"","passster_id":"","passster_activate_misc_settings":"","passster_redirect_url":"","passster_hide":"no","passster_area_shortcode":"","_price":"","_stock":"","_tribe_ticket_header":"","_tribe_default_ticket_provider":"","_tribe_ticket_capacity":"0","_ticket_start_date":"","_ticket_end_date":"","_tribe_ticket_show_description":"","_tribe_ticket_show_not_going":false,"_tribe_ticket_use_global_stock":"","_tribe_ticket_global_stock_level":"","_global_stock_mode":"","_global_stock_cap":"","_tribe_rsvp_for_event":"","_tribe_ticket_going_count":"","_tribe_ticket_not_going_count":"","_tribe_tickets_list":"[]","_tribe_ticket_has_attendee_info_fields":false,"footnotes":""},"meta_box":{"front_blocks":[]},"ticketed":false,"_links":{"self":[{"href":"https:\/\/www.rstp.ca\/fr\/wp-json\/wp\/v2\/pages\/6167"}],"collection":[{"href":"https:\/\/www.rstp.ca\/fr\/wp-json\/wp\/v2\/pages"}],"about":[{"href":"https:\/\/www.rstp.ca\/fr\/wp-json\/wp\/v2\/types\/page"}],"author":[{"embeddable":true,"href":"https:\/\/www.rstp.ca\/fr\/wp-json\/wp\/v2\/users\/4"}],"replies":[{"embeddable":true,"href":"https:\/\/www.rstp.ca\/fr\/wp-json\/wp\/v2\/comments?post=6167"}],"version-history":[{"count":4,"href":"https:\/\/www.rstp.ca\/fr\/wp-json\/wp\/v2\/pages\/6167\/revisions"}],"predecessor-version":[{"id":24192,"href":"https:\/\/www.rstp.ca\/fr\/wp-json\/wp\/v2\/pages\/6167\/revisions\/24192"}],"up":[{"embeddable":true,"href":"https:\/\/www.rstp.ca\/fr\/wp-json\/wp\/v2\/pages\/6157"}],"wp:attachment":[{"href":"https:\/\/www.rstp.ca\/fr\/wp-json\/wp\/v2\/media?parent=6167"}],"curies":[{"name":"wp","href":"https:\/\/api.w.org\/{rel}","templated":true}]}}