{"id":6165,"date":"2017-08-17T11:42:15","date_gmt":"2017-08-17T15:42:15","guid":{"rendered":"http:\/\/rstp.turnbull.co\/?page_id=6165"},"modified":"2019-02-27T16:52:18","modified_gmt":"2019-02-27T21:52:18","slug":"quest-ce-que-les-repondants-ne-sont-ils-pas-autorises-a-faire","status":"publish","type":"page","link":"https:\/\/www.rstp.ca\/fr\/les-droits-des-refugies-parraines-par-le-secteur-prive\/quest-ce-que-les-repondants-ne-sont-ils-pas-autorises-a-faire\/","title":{"rendered":"Qu&rsquo;est-ce que les r\u00e9pondants n&rsquo;ont pas le droit de faire?"},"content":{"rendered":"<p>Vos r\u00e9pondants s\u2019engagent \u00e0 vous fournir du soutien. Il leur est interdit de\u00a0:<\/p>\n<ul>\n<li>Prendre votre argent <strong>avant votre arriv\u00e9e<\/strong> pour payer les frais li\u00e9s \u00e0 votre parrainage, ou de l\u2019argent pour vos frais de subsistance au Canada (m\u00eame s\u2019ils vous disent qu\u2019ils vous rembourseront l\u2019argent)<\/li>\n<li>Prendre votre argent apr\u00e8s votre arriv\u00e9e au Canada pour se faire rembourser l\u2019argent qu\u2019ils ont pay\u00e9 pour votre parrainage. Il est important de noter qu\u2019il est possible qu\u2019ils vous demandent d\u2019utiliser l\u2019argent que vous avez amen\u00e9 avec vous au Canada pour payer vos propres d\u00e9penses.<\/li>\n<li>Vous obliger \u00e0 travailler<\/li>\n<li>Vous demander \u00e0 travailler pour eux gratuitement<\/li>\n<li>Vous obliger \u00e0 faire quelque chose qui vous rend mal \u00e0 l&rsquo;aise<\/li>\n<\/ul>\n<p>Les r\u00e9pondants se sont engag\u00e9s b\u00e9n\u00e9volement \u00e0 vous aider \u00e0 vous adapter \u00e0 la vie au Canada, et ils ne doivent rien attendre en retour.<\/p>\n<p><a class=\"button style1\" style=\"margin-bottom: 25px;\" href=\"http:\/\/www.rstp.ca\/fr\/les-droits-des-refugies-parraines-par-le-secteur-prive\/\">Retour<\/a><\/p>\n","protected":false},"excerpt":{"rendered":"<p>Vos r\u00e9pondants s\u2019engagent \u00e0 vous fournir du soutien. Il leur est interdit de\u00a0: Prendre votre argent avant votre arriv\u00e9e pour payer les frais li\u00e9s \u00e0 votre parrainage, ou de l\u2019argent [&hellip;]<\/p>\n","protected":false},"author":4,"featured_media":0,"parent":6157,"menu_order":0,"comment_status":"closed","ping_status":"closed","template":"","meta":{"_relevanssi_hide_post":"","_relevanssi_hide_content":"","_relevanssi_pin_for_all":"","_relevanssi_pin_keywords":"","_relevanssi_unpin_keywords":"","_relevanssi_related_keywords":"","_relevanssi_related_include_ids":"","_relevanssi_related_exclude_ids":"","_relevanssi_related_no_append":"","_relevanssi_related_not_related":"","_relevanssi_related_posts":"","_relevanssi_noindex_reason":"","passster_activate_protection":false,"passster_protect_child_pages":"","passster_protection_type":"password","passster_password":"","passster_activate_overwrite_defaults":"","passster_headline":"","passster_instruction":"","passster_placeholder":"","passster_button":"","passster_id":"","passster_activate_misc_settings":"","passster_redirect_url":"","passster_hide":"no","passster_area_shortcode":"","_price":"","_stock":"","_tribe_ticket_header":"","_tribe_default_ticket_provider":"","_tribe_ticket_capacity":"0","_ticket_start_date":"","_ticket_end_date":"","_tribe_ticket_show_description":"","_tribe_ticket_show_not_going":false,"_tribe_ticket_use_global_stock":"","_tribe_ticket_global_stock_level":"","_global_stock_mode":"","_global_stock_cap":"","_tribe_rsvp_for_event":"","_tribe_ticket_going_count":"","_tribe_ticket_not_going_count":"","_tribe_tickets_list":"[]","_tribe_ticket_has_attendee_info_fields":false,"footnotes":""},"meta_box":{"front_blocks":[]},"ticketed":false,"_links":{"self":[{"href":"https:\/\/www.rstp.ca\/fr\/wp-json\/wp\/v2\/pages\/6165"}],"collection":[{"href":"https:\/\/www.rstp.ca\/fr\/wp-json\/wp\/v2\/pages"}],"about":[{"href":"https:\/\/www.rstp.ca\/fr\/wp-json\/wp\/v2\/types\/page"}],"author":[{"embeddable":true,"href":"https:\/\/www.rstp.ca\/fr\/wp-json\/wp\/v2\/users\/4"}],"replies":[{"embeddable":true,"href":"https:\/\/www.rstp.ca\/fr\/wp-json\/wp\/v2\/comments?post=6165"}],"version-history":[{"count":6,"href":"https:\/\/www.rstp.ca\/fr\/wp-json\/wp\/v2\/pages\/6165\/revisions"}],"predecessor-version":[{"id":9409,"href":"https:\/\/www.rstp.ca\/fr\/wp-json\/wp\/v2\/pages\/6165\/revisions\/9409"}],"up":[{"embeddable":true,"href":"https:\/\/www.rstp.ca\/fr\/wp-json\/wp\/v2\/pages\/6157"}],"wp:attachment":[{"href":"https:\/\/www.rstp.ca\/fr\/wp-json\/wp\/v2\/media?parent=6165"}],"curies":[{"name":"wp","href":"https:\/\/api.w.org\/{rel}","templated":true}]}}