{"id":6163,"date":"2017-08-17T11:40:29","date_gmt":"2017-08-17T15:40:29","guid":{"rendered":"http:\/\/rstp.turnbull.co\/?page_id=6163"},"modified":"2026-01-13T20:23:34","modified_gmt":"2026-01-14T01:23:34","slug":"que-faire-si-vous-ne-recevez-pas-assez-de-soutien-de-la-part-de-vos-repondants","status":"publish","type":"page","link":"https:\/\/www.rstp.ca\/fr\/les-droits-des-refugies-parraines-par-le-secteur-prive\/que-faire-si-vous-ne-recevez-pas-assez-de-soutien-de-la-part-de-vos-repondants\/","title":{"rendered":"Que faire si vous ne recevez pas suffisamment de soutien de la part de vos r\u00e9pondants?"},"content":{"rendered":"<p>Si vous croyez que vos r\u00e9pondants ne vous fournissent pas un soutien suffisant, faites-leur part de vos pr\u00e9occupations (si vous vous sentez \u00e0 l&rsquo;aise de le faire). S\u2019ils vous ont parrain\u00e9 par le biais d\u2019un organisme (par exemple, un Signataire d\u2019entente de parrainage), vous pouvez partager vos pr\u00e9occupations avec cet organisme. Si vous ne recevez toujours pas de soutien, ou bien si vous craignez d&rsquo;aborder le sujet avec vos parrains, vous devez <strong>contacter <em>Immigration, R\u00e9fugi\u00e9s et Citoyennet\u00e9 Canada (IRCC)<\/em><\/strong>. Il n\u2019y aucune cons\u00e9quence si vous contactez IRCC et votre statut de r\u00e9sident permanent n&rsquo;en sera pas affect\u00e9. IRCC essaiera de trouver une solution \u00e0 votre probl\u00e8me. C&rsquo;est l&rsquo;\u00c9quipe d&rsquo;assurance des services de r\u00e9installation (\u00c9ASR) d&rsquo;IRCC qui traite toutes les questions qui pourraient survenir apr\u00e8s votre arriv\u00e9e.<\/p>\n<p>Vous pouvez communiquer avec l&rsquo;\u00c9ASR par courriel en \u00e9crivant \u00e0\u00a0:<a href=\"mailto:IRCC.PSRCaseReview-RevuedecasPSR.IRCC@cic.gc.ca\" target=\"_blank\" rel=\"noopener\"> IRCC.PSRCaseReview-RevuedecasPSR.IRCC@cic.gc.ca<\/a><\/p>\n<p>Un membre du personnel de l&rsquo;\u00c9ASR vous posera des questions sur la situation et pourrait \u00e9galement s&rsquo;adresser \u00e0 votre groupe de parrainage. L&rsquo;\u00c9ASR essaiera de recueillir des renseignements, tel que le montant d\u2019aide financi\u00e8re et le soutien \u00e0 l\u2019\u00e9tablissement que l\u2019on vous donne, et les raisons pour lesquelles vous ne recevez pas suffisamment d\u2019aide. Si l&rsquo;\u00c9ASR d\u00e9termine au cours de son enqu\u00eate que vous avez imm\u00e9diatement besoin d\u2019aide, il est possible que l&rsquo;\u00c9ASR vous donne des fonds d\u2019urgence. L&rsquo;\u00c9ASR prendra \u00e9galement la d\u00e9cision finale relative \u00e0 l\u2019aide financi\u00e8re et au soutien \u00e0 l\u2019\u00e9tablissement. Si l&rsquo;\u00c9ASR conclut que vous ne recevez r\u00e9ellement pas suffisamment d\u2019aide, et que votre groupe de parrainage ne veut pas ou ne peut pas vous donner plus d\u2019aide, l&rsquo;\u00c9ASR pourrait d\u00e9clarer une rupture de l\u2019engagement de parrainage. Cela signifie que votre groupe de parrainage ne sera plus responsable de vous fournir de l\u2019aide financi\u00e8re ou du soutien \u00e0 l\u2019\u00e9tablissement pour le reste de la p\u00e9riode de parrainage. Dans ce cas, il y a trois possibilit\u00e9s :<\/p>\n<ul>\n<li>On vous donne un nouveau groupe de parrainage<\/li>\n<li>On vous donne de l\u2019aide financi\u00e8re du gouvernement<\/li>\n<li>Vous \u00eates \u00e9ligible \u00e0 demander l\u2019assistance sociale provinciale<\/li>\n<\/ul>\n<p>Selon les circonstances du cas, il pourrait y avoir certaines cons\u00e9quences pour le groupe de parrainage. Par exemple, il peut arriver que les r\u00e9pondants doivent rembourser le gouvernement pour le financement ou l&rsquo;aide sociale provinciale que vous recevrez.<\/p>\n<p>Il est important de noter que les solutions et les cons\u00e9quences sont d\u00e9termin\u00e9es par l&rsquo;\u00c9ASR au cas par cas.<\/p>\n<p>&nbsp;<\/p>\n<p><a class=\"button style1\" style=\"margin-bottom: 25px;\" href=\"https:\/\/www.rstp.ca\/fr\/les-droits-des-refugies-parraines-par-le-secteur-prive\/\">Retour<\/a><\/p>\n","protected":false},"excerpt":{"rendered":"<p>Si vous croyez que vos r\u00e9pondants ne vous fournissent pas un soutien suffisant, faites-leur part de vos pr\u00e9occupations (si vous vous sentez \u00e0 l&rsquo;aise de le faire). S\u2019ils vous ont [&hellip;]<\/p>\n","protected":false},"author":4,"featured_media":0,"parent":6157,"menu_order":0,"comment_status":"closed","ping_status":"closed","template":"","meta":{"_relevanssi_hide_post":"","_relevanssi_hide_content":"","_relevanssi_pin_for_all":"","_relevanssi_pin_keywords":"","_relevanssi_unpin_keywords":"","_relevanssi_related_keywords":"","_relevanssi_related_include_ids":"","_relevanssi_related_exclude_ids":"","_relevanssi_related_no_append":"","_relevanssi_related_not_related":"","_relevanssi_related_posts":"","_relevanssi_noindex_reason":"","passster_activate_protection":false,"passster_protect_child_pages":"","passster_protection_type":"password","passster_password":"","passster_activate_overwrite_defaults":"","passster_headline":"","passster_instruction":"","passster_placeholder":"","passster_button":"","passster_id":"","passster_activate_misc_settings":"","passster_redirect_url":"","passster_hide":"no","passster_area_shortcode":"","_price":"","_stock":"","_tribe_ticket_header":"","_tribe_default_ticket_provider":"","_tribe_ticket_capacity":"0","_ticket_start_date":"","_ticket_end_date":"","_tribe_ticket_show_description":"","_tribe_ticket_show_not_going":false,"_tribe_ticket_use_global_stock":"","_tribe_ticket_global_stock_level":"","_global_stock_mode":"","_global_stock_cap":"","_tribe_rsvp_for_event":"","_tribe_ticket_going_count":"","_tribe_ticket_not_going_count":"","_tribe_tickets_list":"[]","_tribe_ticket_has_attendee_info_fields":false,"footnotes":""},"meta_box":{"front_blocks":[]},"ticketed":false,"_links":{"self":[{"href":"https:\/\/www.rstp.ca\/fr\/wp-json\/wp\/v2\/pages\/6163"}],"collection":[{"href":"https:\/\/www.rstp.ca\/fr\/wp-json\/wp\/v2\/pages"}],"about":[{"href":"https:\/\/www.rstp.ca\/fr\/wp-json\/wp\/v2\/types\/page"}],"author":[{"embeddable":true,"href":"https:\/\/www.rstp.ca\/fr\/wp-json\/wp\/v2\/users\/4"}],"replies":[{"embeddable":true,"href":"https:\/\/www.rstp.ca\/fr\/wp-json\/wp\/v2\/comments?post=6163"}],"version-history":[{"count":6,"href":"https:\/\/www.rstp.ca\/fr\/wp-json\/wp\/v2\/pages\/6163\/revisions"}],"predecessor-version":[{"id":24187,"href":"https:\/\/www.rstp.ca\/fr\/wp-json\/wp\/v2\/pages\/6163\/revisions\/24187"}],"up":[{"embeddable":true,"href":"https:\/\/www.rstp.ca\/fr\/wp-json\/wp\/v2\/pages\/6157"}],"wp:attachment":[{"href":"https:\/\/www.rstp.ca\/fr\/wp-json\/wp\/v2\/media?parent=6163"}],"curies":[{"name":"wp","href":"https:\/\/api.w.org\/{rel}","templated":true}]}}