{"id":6159,"date":"2017-08-17T11:32:56","date_gmt":"2017-08-17T15:32:56","guid":{"rendered":"http:\/\/rstp.turnbull.co\/?page_id=6159"},"modified":"2026-01-13T20:37:27","modified_gmt":"2026-01-14T01:37:27","slug":"que-faire-si-vous-etes-victime-de-mauvais-traitement-exploitation-ou-abus","status":"publish","type":"page","link":"https:\/\/www.rstp.ca\/fr\/les-droits-des-refugies-parraines-par-le-secteur-prive\/que-faire-si-vous-etes-victime-de-mauvais-traitement-exploitation-ou-abus\/","title":{"rendered":"Que faire si vous \u00eates victime de mauvais traitement, d&rsquo;exploitation ou d&rsquo;abus?"},"content":{"rendered":"<p>Si vous croyez \u00eatre abus\u00e9 ou exploit\u00e9 par vos r\u00e9pondants, veuillez contacter IRCC imm\u00e9diatement \u00e0 <a href=\"mailto:IRCC.PSRCaseReviewRevuedecasPSR.IRCC@cic.gc.ca\">IRCC.PSRCaseReviewRevuedecasPSR.IRCC@cic.gc.ca<\/a>. Il y a de nombreux exemples de mauvais traitement ou d&rsquo;exploitation, y compris\u00a0:<\/p>\n<ul>\n<li>\u00catre menac\u00e9<\/li>\n<li>\u00catre oblig\u00e9 de donner de l\u2019argent aux r\u00e9pondants<\/li>\n<li>Se voir interdire de quitter la maison<\/li>\n<li>\u00catre oblig\u00e9 \u00e0 travailler<\/li>\n<li>\u00catre oblig\u00e9 de faire des choses qui vous rendent mal \u00e0 l&rsquo;aise<\/li>\n<\/ul>\n<p>Pour toute question s\u00e9rieuse ou urgente, veuillez contacter la police. S\u2019il s\u2019agit d\u2019une urgence, composez le 9-1-1 pour obtenir une assistance imm\u00e9diate. Un probl\u00e8me urgent comprend, entre autres\u00a0:<\/p>\n<ul>\n<li>Si quelqu\u2019un est violent envers vous ou votre famille<\/li>\n<li>Si vous craignez que quelqu\u2019un devienne violent envers vous ou votre famille<\/li>\n<li>Si vous \u00eates victime de tout abus, y compris l\u2019abus physique et sexuel<\/li>\n<\/ul>\n<p><a class=\"button style1\" style=\"margin-bottom: 25px;\" href=\"https:\/\/www.rstp.ca\/fr\/les-droits-des-refugies-parraines-par-le-secteur-prive\/\">Retour<\/a><\/p>\n","protected":false},"excerpt":{"rendered":"<p>Si vous croyez \u00eatre abus\u00e9 ou exploit\u00e9 par vos r\u00e9pondants, veuillez contacter IRCC imm\u00e9diatement \u00e0 IRCC.PSRCaseReviewRevuedecasPSR.IRCC@cic.gc.ca. Il y a de nombreux exemples de mauvais traitement ou d&rsquo;exploitation, y compris\u00a0: \u00catre [&hellip;]<\/p>\n","protected":false},"author":4,"featured_media":0,"parent":6157,"menu_order":0,"comment_status":"closed","ping_status":"closed","template":"","meta":{"_relevanssi_hide_post":"","_relevanssi_hide_content":"","_relevanssi_pin_for_all":"","_relevanssi_pin_keywords":"","_relevanssi_unpin_keywords":"","_relevanssi_related_keywords":"","_relevanssi_related_include_ids":"","_relevanssi_related_exclude_ids":"","_relevanssi_related_no_append":"","_relevanssi_related_not_related":"","_relevanssi_related_posts":"","_relevanssi_noindex_reason":"","passster_activate_protection":false,"passster_protect_child_pages":"","passster_protection_type":"password","passster_password":"","passster_activate_overwrite_defaults":"","passster_headline":"","passster_instruction":"","passster_placeholder":"","passster_button":"","passster_id":"","passster_activate_misc_settings":"","passster_redirect_url":"","passster_hide":"no","passster_area_shortcode":"","_price":"","_stock":"","_tribe_ticket_header":"","_tribe_default_ticket_provider":"","_tribe_ticket_capacity":"0","_ticket_start_date":"","_ticket_end_date":"","_tribe_ticket_show_description":"","_tribe_ticket_show_not_going":false,"_tribe_ticket_use_global_stock":"","_tribe_ticket_global_stock_level":"","_global_stock_mode":"","_global_stock_cap":"","_tribe_rsvp_for_event":"","_tribe_ticket_going_count":"","_tribe_ticket_not_going_count":"","_tribe_tickets_list":"[]","_tribe_ticket_has_attendee_info_fields":false,"footnotes":""},"meta_box":{"front_blocks":[]},"ticketed":false,"_links":{"self":[{"href":"https:\/\/www.rstp.ca\/fr\/wp-json\/wp\/v2\/pages\/6159"}],"collection":[{"href":"https:\/\/www.rstp.ca\/fr\/wp-json\/wp\/v2\/pages"}],"about":[{"href":"https:\/\/www.rstp.ca\/fr\/wp-json\/wp\/v2\/types\/page"}],"author":[{"embeddable":true,"href":"https:\/\/www.rstp.ca\/fr\/wp-json\/wp\/v2\/users\/4"}],"replies":[{"embeddable":true,"href":"https:\/\/www.rstp.ca\/fr\/wp-json\/wp\/v2\/comments?post=6159"}],"version-history":[{"count":6,"href":"https:\/\/www.rstp.ca\/fr\/wp-json\/wp\/v2\/pages\/6159\/revisions"}],"predecessor-version":[{"id":24195,"href":"https:\/\/www.rstp.ca\/fr\/wp-json\/wp\/v2\/pages\/6159\/revisions\/24195"}],"up":[{"embeddable":true,"href":"https:\/\/www.rstp.ca\/fr\/wp-json\/wp\/v2\/pages\/6157"}],"wp:attachment":[{"href":"https:\/\/www.rstp.ca\/fr\/wp-json\/wp\/v2\/media?parent=6159"}],"curies":[{"name":"wp","href":"https:\/\/api.w.org\/{rel}","templated":true}]}}