{"id":24399,"date":"2026-02-06T22:04:32","date_gmt":"2026-02-07T03:04:32","guid":{"rendered":"https:\/\/www.rstp.ca\/?page_id=24399"},"modified":"2026-02-06T22:41:50","modified_gmt":"2026-02-07T03:41:50","slug":"orientation","status":"publish","type":"page","link":"https:\/\/www.rstp.ca\/fr\/orientation\/","title":{"rendered":"Orientation"},"content":{"rendered":"<div id=\"b_content\" data-bm=\"50\">\n<div class=\"b_caption\">\n<div class=\"b_wikiRichcard_noHeroSection\">\n<div id=\"WF_tabcontrol_6_64D02F\" class=\"b_wikiRichcard\">\n<div id=\"tabcontrol_6_64D02F\" class=\"tab-container\" data-k=\"5427.2\" data-appns=\"SERP\" data-wire=\"I;tab;; |B;a;;I|\">\n<div class=\"tab-content\">\n<div id=\"tab_3_64CDD7\" role=\"tabpanel\" aria-labelledby=\"tab_3_64CDD7_head\" data-priority=\"\" data-k=\"5422.2\" data-appns=\"SERP\"><a href=\"https:\/\/www.rstp.ca\/wp-content\/uploads\/2026\/02\/LIVRET-DE-RESSOURCES-POUR-REPONDANTS-SUR-Larrivee-et-lorientation-des-nouveaux-arrivants-3-e1770435662223.png\"><img loading=\"lazy\" decoding=\"async\" class=\"alignnone wp-image-24419 size-large\" src=\"https:\/\/www.rstp.ca\/wp-content\/uploads\/2026\/02\/LIVRET-DE-RESSOURCES-POUR-REPONDANTS-SUR-Larrivee-et-lorientation-des-nouveaux-arrivants-3-e1770435662223-1024x392.png\" alt=\"\" width=\"1024\" height=\"392\" srcset=\"https:\/\/www.rstp.ca\/wp-content\/uploads\/2026\/02\/LIVRET-DE-RESSOURCES-POUR-REPONDANTS-SUR-Larrivee-et-lorientation-des-nouveaux-arrivants-3-e1770435662223-1024x392.png 1024w, https:\/\/www.rstp.ca\/wp-content\/uploads\/2026\/02\/LIVRET-DE-RESSOURCES-POUR-REPONDANTS-SUR-Larrivee-et-lorientation-des-nouveaux-arrivants-3-e1770435662223-300x115.png 300w, https:\/\/www.rstp.ca\/wp-content\/uploads\/2026\/02\/LIVRET-DE-RESSOURCES-POUR-REPONDANTS-SUR-Larrivee-et-lorientation-des-nouveaux-arrivants-3-e1770435662223-768x294.png 768w, https:\/\/www.rstp.ca\/wp-content\/uploads\/2026\/02\/LIVRET-DE-RESSOURCES-POUR-REPONDANTS-SUR-Larrivee-et-lorientation-des-nouveaux-arrivants-3-e1770435662223-1536x589.png 1536w, https:\/\/www.rstp.ca\/wp-content\/uploads\/2026\/02\/LIVRET-DE-RESSOURCES-POUR-REPONDANTS-SUR-Larrivee-et-lorientation-des-nouveaux-arrivants-3-e1770435662223-2048x785.png 2048w, https:\/\/www.rstp.ca\/wp-content\/uploads\/2026\/02\/LIVRET-DE-RESSOURCES-POUR-REPONDANTS-SUR-Larrivee-et-lorientation-des-nouveaux-arrivants-3-e1770435662223-24x9.png 24w, https:\/\/www.rstp.ca\/wp-content\/uploads\/2026\/02\/LIVRET-DE-RESSOURCES-POUR-REPONDANTS-SUR-Larrivee-et-lorientation-des-nouveaux-arrivants-3-e1770435662223-36x14.png 36w, https:\/\/www.rstp.ca\/wp-content\/uploads\/2026\/02\/LIVRET-DE-RESSOURCES-POUR-REPONDANTS-SUR-Larrivee-et-lorientation-des-nouveaux-arrivants-3-e1770435662223-48x18.png 48w\" sizes=\"(max-width: 1024px) 100vw, 1024px\" \/><\/a><\/p>\n<h2><a class=\"button style1\" style=\"margin-bottom: 25px;\" href=\"https:\/\/www.rstp.ca\/wp-content\/uploads\/2026\/02\/Livret-sur-lorientation.FINAL_.pdf\" target=\"_blank\" rel=\"noopener\">T\u00e9l\u00e9charger le livret ICI<\/a><\/h2>\n<h4 class=\"b_paractl\"><span class=\"TextRun SCXW68441388 BCX0\" lang=\"EN-CA\" xml:lang=\"EN-CA\" data-contrast=\"auto\"><span class=\"NormalTextRun SCXW68441388 BCX0\"><span class=\"TextRun MacChromeBold SCXW127151800 BCX0\" lang=\"FR-FR\" xml:lang=\"FR-FR\" data-contrast=\"none\"><span class=\"NormalTextRun SCXW127151800 BCX0\" data-ccp-parastyle=\"heading 4\">Voici le nouveau livret de ressources \u00e0 l\u2019intention des r\u00e9pondants \u00e0 propos de l\u2019arriv\u00e9e et de l\u2019orientation des nouveaux arrivants parrain\u00e9s. <\/span><\/span><span class=\"EOP SCXW127151800 BCX0\" data-ccp-props=\"{&quot;134233117&quot;:false,&quot;134233118&quot;:false,&quot;134245418&quot;:true,&quot;134245529&quot;:true,&quot;335557856&quot;:16777215,&quot;335559738&quot;:450,&quot;335559739&quot;:180}\">\u00a0<\/span><\/span><\/span><\/h4>\n<p class=\"b_paractl\"><span class=\"TextRun SCXW68441388 BCX0\" lang=\"EN-CA\" xml:lang=\"EN-CA\" data-contrast=\"auto\"><span class=\"NormalTextRun SCXW68441388 BCX0\"><span class=\"TextRun SCXW199934070 BCX0\" lang=\"FR-FR\" xml:lang=\"FR-FR\" data-contrast=\"none\"><span class=\"NormalTextRun SCXW199934070 BCX0\">Ce livret a \u00e9t\u00e9 r\u00e9dig\u00e9 pour aider les r\u00e9pondants \u00e0 appuyer les nouveaux arrivants parrain\u00e9s dans le cadre du Programme de parrainage priv\u00e9 de r\u00e9fugi\u00e9s<\/span><span class=\"NormalTextRun SCXW199934070 BCX0\">,<\/span><span class=\"NormalTextRun SCXW199934070 BCX0\">\u00a0d\u00e8s leur arriv\u00e9e au Canada.<\/span><\/span><span class=\"TextRun SCXW199934070 BCX0\" lang=\"EN-CA\" xml:lang=\"EN-CA\" data-contrast=\"none\"><span class=\"NormalTextRun SCXW199934070 BCX0\"> Vous y <\/span><span class=\"NormalTextRun SpellingErrorV2Themed SCXW199934070 BCX0\">trouverez<\/span><span class=\"NormalTextRun SCXW199934070 BCX0\">\u00a0<\/span><span class=\"NormalTextRun SpellingErrorV2Themed SCXW199934070 BCX0\">une<\/span><span class=\"NormalTextRun SCXW199934070 BCX0\">\u00a0introduction\u00a0<\/span><span class=\"NormalTextRun SpellingErrorV2Themed SCXW199934070 BCX0\">exp<\/span><span class=\"NormalTextRun SpellingErrorV2Themed SCXW199934070 BCX0\">liquant<\/span><span class=\"NormalTextRun SCXW199934070 BCX0\">\u00a0<\/span><span class=\"NormalTextRun SpellingErrorV2Themed SCXW199934070 BCX0\">l\u2019importance<\/span><span class=\"NormalTextRun SCXW199934070 BCX0\">\u00a0de\u00a0<\/span><span class=\"NormalTextRun SpellingErrorV2Themed SCXW199934070 BCX0\">l\u2019arriv\u00e9e<\/span><span class=\"NormalTextRun SCXW199934070 BCX0\">\u00a0et de\u00a0<\/span><span class=\"NormalTextRun SpellingErrorV2Themed SCXW199934070 BCX0\">l\u2019orientation<\/span><span class=\"NormalTextRun SCXW199934070 BCX0\">\u00a0<\/span><span class=\"NormalTextRun SpellingErrorV2Themed SCXW199934070 BCX0\">ainsi<\/span><span class=\"NormalTextRun SCXW199934070 BCX0\">\u00a0<\/span><span class=\"NormalTextRun SpellingErrorV2Themed SCXW199934070 BCX0\">que<\/span><span class=\"NormalTextRun SCXW199934070 BCX0\">\u00a0de liens vers\u00a0<\/span><span class=\"NormalTextRun SpellingErrorV2Themed SCXW199934070 BCX0\">plusieurs<\/span><span class=\"NormalTextRun SCXW199934070 BCX0\">\u00a0<\/span><span class=\"NormalTextRun SpellingErrorV2Themed SCXW199934070 BCX0\">ressources<\/span><span class=\"NormalTextRun SCXW199934070 BCX0\">\u00a0<\/span><span class=\"NormalTextRun SpellingErrorV2Themed SCXW199934070 BCX0\">cl\u00e9s<\/span><span class=\"NormalTextRun SCXW199934070 BCX0\">\u00a0<\/span><span class=\"NormalTextRun SpellingErrorV2Themed SCXW199934070 BCX0\">appuyant<\/span><span class=\"NormalTextRun SCXW199934070 BCX0\">\u00a0les nouveaux\u00a0<\/span><span class=\"NormalTextRun SpellingErrorV2Themed SCXW199934070 BCX0\">arrivants<\/span><span class=\"NormalTextRun SCXW199934070 BCX0\">\u00a0dans\u00a0<\/span><span class=\"NormalTextRun SpellingErrorV2Themed SCXW199934070 BCX0\">leur<\/span><span class=\"NormalTextRun SCXW199934070 BCX0\">\u00a0<\/span><span class=\"NormalTextRun SpellingErrorV2Themed SCXW199934070 BCX0\">d\u00e9couverte<\/span><span class=\"NormalTextRun SCXW199934070 BCX0\">\u00a0<\/span><span class=\"NormalTextRun SCXW199934070 BCX0\">du Canada \u00e0\u00a0<\/span><span class=\"NormalTextRun SpellingErrorV2Themed SCXW199934070 BCX0\">leur<\/span><span class=\"NormalTextRun SCXW199934070 BCX0\">\u00a0<\/span><span class=\"NormalTextRun SpellingErrorV2Themed SCXW199934070 BCX0\">arriv\u00e9e<\/span><span class=\"NormalTextRun SCXW199934070 BCX0\">.<\/span><\/span><span class=\"EOP SCXW199934070 BCX0\" data-ccp-props=\"{&quot;134233117&quot;:false,&quot;134233118&quot;:false,&quot;335557856&quot;:16777215,&quot;335559738&quot;:0,&quot;335559739&quot;:450}\">\u00a0<\/span> <\/span><\/span><\/p>\n<h4 class=\"b_paractl\"><span class=\"TextRun MacChromeBold SCXW185345303 BCX0\" lang=\"FR-FR\" xml:lang=\"FR-FR\" data-contrast=\"none\"><span class=\"NormalTextRun SCXW185345303 BCX0\" data-ccp-parastyle=\"heading 4\">Comment se servir de ce livret :<\/span><\/span><span class=\"EOP SCXW185345303 BCX0\" data-ccp-props=\"{&quot;134233117&quot;:false,&quot;134233118&quot;:false,&quot;134245418&quot;:true,&quot;134245529&quot;:true,&quot;335557856&quot;:16777215,&quot;335559738&quot;:450,&quot;335559739&quot;:180}\">\u00a0<\/span><\/h4>\n<p class=\"b_paractl\"><span class=\"EOP SCXW68441388 BCX0\" data-ccp-props=\"{}\"><span class=\"TextRun SCXW238372429 BCX0\" lang=\"FR-FR\" xml:lang=\"FR-FR\" data-contrast=\"none\"><span class=\"NormalTextRun SCXW238372429 BCX0\">D\u00e9couvrez<\/span><span class=\"NormalTextRun SCXW238372429 BCX0\">\u00a0<\/span><span class=\"NormalTextRun SCXW238372429 BCX0\">les<\/span><span class=\"NormalTextRun SCXW238372429 BCX0\">\u00a0<\/span><span class=\"NormalTextRun SCXW238372429 BCX0\">activit\u00e9s<\/span><span class=\"NormalTextRun SCXW238372429 BCX0\">\u00a0<\/span><span class=\"NormalTextRun SCXW238372429 BCX0\">par<\/span><span class=\"NormalTextRun SCXW238372429 BCX0\">\u00a0<\/span><span class=\"NormalTextRun SCXW238372429 BCX0\">les<\/span><span class=\"NormalTextRun SCXW238372429 BCX0\">quelles<\/span><span class=\"NormalTextRun SCXW238372429 BCX0\">\u00a0<\/span><span class=\"NormalTextRun SCXW238372429 BCX0\">il est<\/span><span class=\"NormalTextRun SCXW238372429 BCX0\">\u00a0opportun\u00a0<\/span><span class=\"NormalTextRun SCXW238372429 BCX0\">de<\/span><span class=\"NormalTextRun SCXW238372429 BCX0\">\u00a0<\/span><span class=\"NormalTextRun SCXW238372429 BCX0\">commencer\u00a0<\/span><span class=\"NormalTextRun SCXW238372429 BCX0\">en\u00a0<\/span><span class=\"NormalTextRun SCXW238372429 BCX0\">lisant la section\u00a0<\/span><\/span><span class=\"TextRun MacChromeBold SCXW238372429 BCX0\" lang=\"FR-FR\" xml:lang=\"FR-FR\" data-contrast=\"none\"><strong><span class=\"NormalTextRun SCXW238372429 BCX0\">Les choses importantes d\u2019abord<\/span><\/strong><span class=\"NormalTextRun SCXW238372429 BCX0\">.\u00a0<\/span><\/span><span class=\"TextRun SCXW238372429 BCX0\" lang=\"FR-FR\" xml:lang=\"FR-FR\" data-contrast=\"none\"><span class=\"NormalTextRun SCXW238372429 BCX0\">Ou\u00a0<\/span><span class=\"NormalTextRun SCXW238372429 BCX0\">rendez-vous<\/span><span class=\"NormalTextRun SCXW238372429 BCX0\">\u00a0\u00e0 la section des instructions\u00a0<\/span><span class=\"NormalTextRun SCXW238372429 BCX0\">pour<\/span><span class=\"NormalTextRun SCXW238372429 BCX0\">\u00a0<\/span><span class=\"NormalTextRun SCXW238372429 BCX0\">acc\u00e9der \u00e0 l\u2019appli<\/span><span class=\"NormalTextRun SCXW238372429 BCX0\">\u00a0O-Canada, un logiciel gratuit et interactif<\/span><span class=\"NormalTextRun SCXW238372429 BCX0\">\u00a0<\/span><span class=\"NormalTextRun SCXW238372429 BCX0\">expliquant<\/span><span class=\"NormalTextRun SCXW238372429 BCX0\">\u00a0la vie au Canada. Ce livret aborde\u00a0<\/span><span class=\"NormalTextRun SCXW238372429 BCX0\">non seulement\u00a0<\/span><span class=\"NormalTextRun SCXW238372429 BCX0\">les types de\u00a0<\/span><span class=\"NormalTextRun SCXW238372429 BCX0\">soutien que les r\u00e9pondants ont l\u2019obligation de fournir dans le cadre du Programme de parrainage<\/span><span class=\"NormalTextRun SCXW238372429 BCX0\">\u00a0priv\u00e9 de r\u00e9fugi\u00e9s<\/span><span class=\"NormalTextRun SCXW238372429 BCX0\">, mais aussi des notions sur l\u2019<\/span><span class=\"NormalTextRun SCXW238372429 BCX0\">adapt<\/span><span class=\"NormalTextRun SCXW238372429 BCX0\">at<\/span><span class=\"NormalTextRun SCXW238372429 BCX0\">ion<\/span><span class=\"NormalTextRun SCXW238372429 BCX0\">\u00a0culturelle et les d\u00e9terminants sociaux de la sant\u00e9.<\/span><span class=\"NormalTextRun SCXW238372429 BCX0\">\u00a0<\/span><span class=\"NormalTextRun SCXW238372429 BCX0\">Le livret repr\u00e9sente<\/span><span class=\"NormalTextRun SCXW238372429 BCX0\">\u00a0tant une\u00a0<\/span><span class=\"NormalTextRun SCXW238372429 BCX0\">excellente\u00a0<\/span><span class=\"NormalTextRun SCXW238372429 BCX0\">ressource pour les nouveaux r\u00e9pondants qu\u2019un document de r\u00e9f\u00e9rence utile pour les r\u00e9pondants chevronn\u00e9s.<\/span><\/span><span class=\"EOP SCXW238372429 BCX0\" data-ccp-props=\"{&quot;134233117&quot;:false,&quot;134233118&quot;:false,&quot;201341983&quot;:0,&quot;335551550&quot;:1,&quot;335551620&quot;:1,&quot;335559685&quot;:0,&quot;335559737&quot;:0,&quot;335559738&quot;:0,&quot;335559739&quot;:160,&quot;335559740&quot;:279}\">\u00a0<\/span><\/span><\/p>\n<p><a class=\"button style1\" style=\"margin-bottom: 25px;\" href=\"https:\/\/www.rstp.ca\/wp-content\/uploads\/2026\/02\/Livret-sur-lorientation.FINAL_.pdf\" target=\"_blank\" rel=\"noopener\">T\u00e9l\u00e9charger le livret ICI<\/a><\/p>\n<p>&nbsp;<\/p>\n<\/div>\n<\/div>\n<\/div>\n<\/div>\n<\/div>\n<\/div>\n<\/div>\n<div class=\"color4-bg\" style=\"margin-bottom: 30px; padding: 10px 35px 10px 35px;\">\n<h4 style=\"text-align: left;\"><span style=\"color: #000000;\"><span class=\"TextRun MacChromeBold SCXW250048435 BCX0\" lang=\"FR-FR\" xml:lang=\"FR-FR\" data-contrast=\"none\"><span class=\"NormalTextRun SCXW250048435 BCX0\" data-ccp-parastyle=\"heading 4\">Autres ressources sur le soutien apr\u00e8s l\u2019arriv\u00e9e<\/span><\/span><span class=\"EOP SCXW250048435 BCX0\" data-ccp-props=\"{&quot;134233117&quot;:false,&quot;134233118&quot;:false,&quot;134245418&quot;:true,&quot;134245529&quot;:true,&quot;335551550&quot;:1,&quot;335551620&quot;:1,&quot;335559738&quot;:450,&quot;335559739&quot;:180}\">\u00a0<\/span><\/span><\/h4>\n<div class='content-column one_half'><div style=\"padding-right:20px;\"><h4><span class=\"TextRun MacChromeBold SCXW199338491 BCX0\" lang=\"EN-US\" xml:lang=\"EN-US\" data-contrast=\"none\"><span class=\"NormalTextRun SpellingErrorV2Themed SpellingErrorHighlight SCXW199338491 BCX0\" data-ccp-parastyle=\"heading 4\">Ressources<\/span><span class=\"NormalTextRun SCXW199338491 BCX0\" data-ccp-parastyle=\"heading 4\">\u00a0du\u00a0<\/span><span class=\"NormalTextRun ContextualSpellingAndGrammarErrorV2Themed SCXW199338491 BCX0\" data-ccp-parastyle=\"heading 4\">PFPR <\/span><span class=\"NormalTextRun ContextualSpellingAndGrammarErrorV2Themed SCXW199338491 BCX0\" data-ccp-parastyle=\"heading 4\">:<\/span><\/span><span class=\"EOP SCXW199338491 BCX0\" data-ccp-props=\"{&quot;134233117&quot;:false,&quot;134233118&quot;:false,&quot;134245418&quot;:true,&quot;134245529&quot;:true,&quot;335559738&quot;:450,&quot;335559739&quot;:180}\">\u00a0<\/span><\/h4>\n<ul>\n<li><span class=\"NormalTextRun SCXW60369730 BCX0\">Guides <\/span><span class=\"NormalTextRun SCXW60369730 BCX0\">provinciaux et municipaux\u00a0<\/span><span class=\"NormalTextRun SCXW60369730 BCX0\">pour les nouveaux arrivants<\/span> <span style=\"color: #ffffff;\"><a style=\"color: #ffffff;\" href=\"https:\/\/www.rstp.ca\/fr\/responsabilites\/services-detablissement\/guide-dorientation\/\" target=\"_blank\" rel=\"noopener\">Cliquez ici<\/a><\/span><\/li>\n<li><span class=\"NormalTextRun SpellingErrorV2Themed SCXW140047473 BCX0\">A<\/span><span class=\"NormalTextRun SpellingErrorV2Themed SCXW140047473 BCX0\">ctivit\u00e9s<\/span><span class=\"NormalTextRun SCXW140047473 BCX0\">\u00a0<\/span><span class=\"NormalTextRun SpellingErrorV2Themed SCXW140047473 BCX0\">d\u2019assurance<\/span> <span style=\"color: #ffffff;\"><a style=\"color: #ffffff;\" href=\"https:\/\/www.rstp.ca\/wp-content\/uploads\/2021\/04\/PSR-Post-Arrival-Assurance-Activities-March-2021-FR.pdf\" target=\"_blank\" rel=\"noopener\">Cliquez ici<\/a><\/span><\/li>\n<li><span class=\"NormalTextRun SCXW53680072 BCX0\">Services <\/span><span class=\"NormalTextRun SpellingErrorV2Themed SCXW53680072 BCX0\">d\u2019\u00e9tablissement<\/span><span class=\"NormalTextRun SCXW53680072 BCX0\">\u00a0<\/span> <span style=\"color: #ffffff;\"><a style=\"color: #ffffff;\" href=\"https:\/\/www.rstp.ca\/fr\/responsabilites\/services-detablissement\/\" target=\"_blank\" rel=\"noopener\">Cliquez ici<\/a><\/span><\/li>\n<li><span class=\"NormalTextRun SCXW232692058 BCX0\">Guide des exigences apr\u00e8s <\/span><span class=\"NormalTextRun SpellingErrorV2Themed SCXW232692058 BCX0\">l\u2019arriv\u00e9e<\/span> <span style=\"color: #ffffff;\"><a style=\"color: #ffffff;\" href=\"https:\/\/www.canada.ca\/fr\/immigration-refugies-citoyennete\/services\/refugies\/parrainer-refugie\/programme-parrainage-prive\/evaluations\/exigences-apres-arrivee.html\" target=\"_blank\" rel=\"noopener\">Cliquez ici<\/a><\/span><\/li>\n<\/ul><\/div><\/div><div class='content-column one_half last_column'><h4><span class=\"TextRun MacChromeBold SCXW83452314 BCX0\" lang=\"EN-US\" xml:lang=\"EN-US\" data-contrast=\"none\"><span class=\"NormalTextRun SpellingErrorV2Themed SpellingErrorHighlight SCXW83452314 BCX0\" data-ccp-parastyle=\"heading 4\">Autres<\/span><span class=\"NormalTextRun SCXW83452314 BCX0\" data-ccp-parastyle=\"heading 4\">\u00a0liens\u00a0<\/span><span class=\"NormalTextRun SpellingErrorV2Themed SCXW83452314 BCX0\" data-ccp-parastyle=\"heading 4\">utiles<\/span><span class=\"NormalTextRun SCXW83452314 BCX0\" data-ccp-parastyle=\"heading 4\">\u00a0<\/span><span class=\"NormalTextRun SCXW83452314 BCX0\" data-ccp-parastyle=\"heading 4\">:<\/span><\/span><span class=\"EOP SCXW83452314 BCX0\" data-ccp-props=\"{&quot;134233117&quot;:false,&quot;134233118&quot;:false,&quot;134245418&quot;:true,&quot;134245529&quot;:true,&quot;335559738&quot;:450,&quot;335559739&quot;:180}\">\u00a0<\/span><\/h4>\n<p><span class=\"TextRun SCXW103714592 BCX0\" lang=\"EN-US\" xml:lang=\"EN-US\" data-contrast=\"none\"><span class=\"NormalTextRun SpellingErrorV2Themed SCXW103714592 BCX0\">L\u2019appli<\/span><span class=\"NormalTextRun SCXW103714592 BCX0\">\u00a0<\/span><span class=\"NormalTextRun SCXW103714592 BCX0\">O-Canada\u00a0<\/span><span class=\"NormalTextRun SCXW103714592 BCX0\">de\u00a0<\/span><span class=\"NormalTextRun SpellingErrorV2Themed SCXW103714592 BCX0\">l\u2019OI<\/span><\/span><span class=\"TextRun SCXW103714592 BCX0\" lang=\"EN-US\" xml:lang=\"EN-US\" data-contrast=\"auto\"><span class=\"NormalTextRun SpellingErrorV2Themed SCXW103714592 BCX0\">M<\/span><\/span> <span style=\"color: #ffffff;\"><a class=\"button style1\" style=\"margin-bottom: 25px; color: #ffffff;\" href=\"https:\/\/www.iom.int\/fr\/news\/o-canada-une-nouvelle-application-aide-les-refugies-pour-leur-future-integration\" target=\"_blank\" rel=\"noopener\">T\u00e9l\u00e9charger ici<\/a><\/span><\/p>\n<p><span class=\"NormalTextRun SCXW232259749 BCX0\">Publications <\/span><span class=\"NormalTextRun SpellingErrorV2Themed SCXW232259749 BCX0\">d\u2019<\/span><span class=\"NormalTextRun SpellingErrorV2Themed SCXW232259749 BCX0\">IRCC<\/span><span class=\"NormalTextRun SCXW232259749 BCX0\">\u00a0<\/span><span class=\"NormalTextRun SCXW232259749 BCX0\">\u00e0\u00a0<\/span><span class=\"NormalTextRun SpellingErrorV2Themed SCXW232259749 BCX0\">l\u2019intention<\/span><span class=\"NormalTextRun SCXW232259749 BCX0\">\u00a0des nouveaux\u00a0<\/span><span class=\"NormalTextRun SpellingErrorV2Themed SCXW232259749 BCX0\">arrivants<\/span><span class=\"NormalTextRun SCXW232259749 BCX0\">\u00a0<\/span> <span style=\"color: #ffffff;\"><a class=\"button style1\" style=\"margin-bottom: 25px; color: #ffffff;\" href=\"https:\/\/www.canada.ca\/fr\/immigration-refugies-citoyennete\/organisation\/publications-guides\/bienvenue-canada-vous-devriez-savoir.html\" target=\"_blank\" rel=\"noopener\">Consulter ici <\/a><\/span><\/p><\/div><div class='clear_column'><\/div><\/p>\n<\/div>\n<h4><\/h4>\n<p>&nbsp;<\/p>\n<p style=\"text-align: center;\"><span class=\"TextRun SCXW87683846 BCX0\" lang=\"FR-FR\" xml:lang=\"FR-FR\" data-contrast=\"none\"><span class=\"NormalTextRun SCXW87683846 BCX0\">Consultez notre calendrier des s\u00e9ances de formation pour d\u00e9couvrir les formations en direct \u00e0 venir.<\/span><\/span><\/p>\n<p style=\"text-align: center;\"><a class=\"maxbutton-2 maxbutton maxbutton-register-here\" href=\"https:\/\/www.rstp.ca\/fr\/events\/\"><span class='mb-text'>Calendrier<\/span><\/a><\/p>\n","protected":false},"excerpt":{"rendered":"<p>T\u00e9l\u00e9charger le livret ICI Voici le nouveau livret de ressources \u00e0 l\u2019intention des r\u00e9pondants \u00e0 propos de l\u2019arriv\u00e9e et de l\u2019orientation des nouveaux arrivants parrain\u00e9s. \u00a0 Ce livret a \u00e9t\u00e9 [&hellip;]<\/p>\n","protected":false},"author":14,"featured_media":0,"parent":0,"menu_order":0,"comment_status":"closed","ping_status":"closed","template":"","meta":{"_relevanssi_hide_post":"","_relevanssi_hide_content":"","_relevanssi_pin_for_all":"","_relevanssi_pin_keywords":"","_relevanssi_unpin_keywords":"","_relevanssi_related_keywords":"","_relevanssi_related_include_ids":"","_relevanssi_related_exclude_ids":"","_relevanssi_related_no_append":"","_relevanssi_related_not_related":"","_relevanssi_related_posts":"","_relevanssi_noindex_reason":"","passster_activate_protection":false,"passster_protect_child_pages":"","passster_protection_type":"password","passster_password":"","passster_activate_overwrite_defaults":"","passster_headline":"","passster_instruction":"","passster_placeholder":"","passster_button":"","passster_id":"","passster_activate_misc_settings":"","passster_redirect_url":"","passster_hide":"no","passster_area_shortcode":"","_price":"","_stock":"","_tribe_ticket_header":"","_tribe_default_ticket_provider":"","_tribe_ticket_capacity":"0","_ticket_start_date":"","_ticket_end_date":"","_tribe_ticket_show_description":"","_tribe_ticket_show_not_going":false,"_tribe_ticket_use_global_stock":"","_tribe_ticket_global_stock_level":"","_global_stock_mode":"","_global_stock_cap":"","_tribe_rsvp_for_event":"","_tribe_ticket_going_count":"","_tribe_ticket_not_going_count":"","_tribe_tickets_list":"[]","_tribe_ticket_has_attendee_info_fields":false,"footnotes":""},"meta_box":{"front_blocks":[]},"ticketed":false,"_links":{"self":[{"href":"https:\/\/www.rstp.ca\/fr\/wp-json\/wp\/v2\/pages\/24399"}],"collection":[{"href":"https:\/\/www.rstp.ca\/fr\/wp-json\/wp\/v2\/pages"}],"about":[{"href":"https:\/\/www.rstp.ca\/fr\/wp-json\/wp\/v2\/types\/page"}],"author":[{"embeddable":true,"href":"https:\/\/www.rstp.ca\/fr\/wp-json\/wp\/v2\/users\/14"}],"replies":[{"embeddable":true,"href":"https:\/\/www.rstp.ca\/fr\/wp-json\/wp\/v2\/comments?post=24399"}],"version-history":[{"count":10,"href":"https:\/\/www.rstp.ca\/fr\/wp-json\/wp\/v2\/pages\/24399\/revisions"}],"predecessor-version":[{"id":24425,"href":"https:\/\/www.rstp.ca\/fr\/wp-json\/wp\/v2\/pages\/24399\/revisions\/24425"}],"wp:attachment":[{"href":"https:\/\/www.rstp.ca\/fr\/wp-json\/wp\/v2\/media?parent=24399"}],"curies":[{"name":"wp","href":"https:\/\/api.w.org\/{rel}","templated":true}]}}