{"id":22348,"date":"2025-01-29T15:44:42","date_gmt":"2025-01-29T20:44:42","guid":{"rendered":"https:\/\/www.rstp.ca\/?page_id=22348"},"modified":"2026-01-13T20:13:22","modified_gmt":"2026-01-14T01:13:22","slug":"soutien-etablissement","status":"publish","type":"page","link":"https:\/\/www.rstp.ca\/fr\/les-droits-des-refugies-parraines-par-le-secteur-prive\/soutien-etablissement\/","title":{"rendered":"Quel soutien devriez-vous recevoir de la part de vos r\u00e9pondants?"},"content":{"rendered":"<h2>2. Du soutien \u00e0 l\u2019\u00e9tablissement pour la dur\u00e9e de la p\u00e9riode de parrainage<\/h2>\n<p>Vos r\u00e9pondants doivent vous aider \u00e0 vous \u00e9tablir et \u00e0 vous adapter \u00e0 la vie au Canada. Cela implique beaucoup de t\u00e2ches, y compris (sans toutefois s&rsquo;y limiter) :<\/p>\n<p><strong>Logement<\/strong><\/p>\n<ul>\n<li>Trouver un logement pour vous, ou vous aider \u00e0 trouver un logement<\/li>\n<\/ul>\n<p><strong>Orientation<\/strong><\/p>\n<ul>\n<li>Instruction sur le syst\u00e8me de transport en commun, tels que les trains et les bus<\/li>\n<li>Orientation sur votre nouvelle communaut\u00e9 et localisation de l&rsquo;\u00e9picerie la plus proche<\/li>\n<li>Explication des lois au Canada<\/li>\n<\/ul>\n<p><strong>Soins de sant\u00e9 <\/strong><\/p>\n<ul>\n<li>Aide \u00e0 demander une carte d\u2019assurance maladie provinciale et \u00e0 vous inscrire au Programme f\u00e9d\u00e9ral de sant\u00e9 int\u00e9rimaire (PFSI)<\/li>\n<li>Aide \u00e0 trouver un m\u00e9decin, un dentiste et d\u2019autres fournisseurs de services<\/li>\n<li>Explication du syst\u00e8me de sant\u00e9<\/li>\n<\/ul>\n<p><strong>\u00c9ducation<\/strong><\/p>\n<ul>\n<li>Aide \u00e0 vous inscrire aux cours d\u2019anglais ou de fran\u00e7ais<\/li>\n<li>Aide \u00e0 inscrire vos enfants \u00e0 l\u2019\u00e9cole<\/li>\n<\/ul>\n<p><strong>Services et documents importants<\/strong><\/p>\n<ul>\n<li>Aide \u00e0 ouvrir un compte bancaire, demander un num\u00e9ro d\u2019assurance sociale, et si vous avez des enfants, demander l\u2019allocation canadienne pour enfants<\/li>\n<\/ul>\n<p><strong>Interpr\u00e9tation<\/strong><\/p>\n<ul>\n<li>Aide \u00e0 trouver un interpr\u00e8te si n\u00e9cessaire<\/li>\n<\/ul>\n<p><strong>Emploi<\/strong><\/p>\n<ul>\n<li>Mise en contact avec des services de recherche d\u2019emploi<\/li>\n<\/ul>\n<p><strong>Ressources et services<\/strong><\/p>\n<ul>\n<li style=\"list-style-type: none;\">\n<ul>\n<li>Mise en contact avec des services et ressources appropri\u00e9es, tel qu\u2019un conseiller en \u00e9tablissement<\/li>\n<\/ul>\n<\/li>\n<\/ul>\n<p>Les r\u00e9pondants devraient aussi vous fournir un <strong>soutien moral et \u00e9motionnel<\/strong> pendant que vous vous adaptez \u00e0 votre nouvelle vie au Canada.<\/p>\n<p><a class=\"button style1\" style=\"margin-bottom: 25px;\" href=\"https:\/\/www.rstp.ca\/fr\/les-droits-des-refugies-parraines-par-le-secteur-prive\/\">Retour<\/a><\/p>\n","protected":false},"excerpt":{"rendered":"<p>2. Du soutien \u00e0 l\u2019\u00e9tablissement pour la dur\u00e9e de la p\u00e9riode de parrainage Vos r\u00e9pondants doivent vous aider \u00e0 vous \u00e9tablir et \u00e0 vous adapter \u00e0 la vie au Canada. [&hellip;]<\/p>\n","protected":false},"author":4,"featured_media":0,"parent":6157,"menu_order":0,"comment_status":"closed","ping_status":"closed","template":"","meta":{"_relevanssi_hide_post":"","_relevanssi_hide_content":"","_relevanssi_pin_for_all":"","_relevanssi_pin_keywords":"","_relevanssi_unpin_keywords":"","_relevanssi_related_keywords":"","_relevanssi_related_include_ids":"","_relevanssi_related_exclude_ids":"","_relevanssi_related_no_append":"","_relevanssi_related_not_related":"","_relevanssi_related_posts":"","_relevanssi_noindex_reason":"","passster_activate_protection":false,"passster_protect_child_pages":"","passster_protection_type":"password","passster_password":"","passster_activate_overwrite_defaults":"","passster_headline":"","passster_instruction":"","passster_placeholder":"","passster_button":"","passster_id":"","passster_activate_misc_settings":"","passster_redirect_url":"","passster_hide":"no","passster_area_shortcode":"","_price":"","_stock":"","_tribe_ticket_header":"","_tribe_default_ticket_provider":"","_tribe_ticket_capacity":"0","_ticket_start_date":"","_ticket_end_date":"","_tribe_ticket_show_description":"","_tribe_ticket_show_not_going":false,"_tribe_ticket_use_global_stock":"","_tribe_ticket_global_stock_level":"","_global_stock_mode":"","_global_stock_cap":"","_tribe_rsvp_for_event":"","_tribe_ticket_going_count":"","_tribe_ticket_not_going_count":"","_tribe_tickets_list":"[]","_tribe_ticket_has_attendee_info_fields":false,"footnotes":""},"meta_box":{"front_blocks":[]},"ticketed":false,"_links":{"self":[{"href":"https:\/\/www.rstp.ca\/fr\/wp-json\/wp\/v2\/pages\/22348"}],"collection":[{"href":"https:\/\/www.rstp.ca\/fr\/wp-json\/wp\/v2\/pages"}],"about":[{"href":"https:\/\/www.rstp.ca\/fr\/wp-json\/wp\/v2\/types\/page"}],"author":[{"embeddable":true,"href":"https:\/\/www.rstp.ca\/fr\/wp-json\/wp\/v2\/users\/4"}],"replies":[{"embeddable":true,"href":"https:\/\/www.rstp.ca\/fr\/wp-json\/wp\/v2\/comments?post=22348"}],"version-history":[{"count":6,"href":"https:\/\/www.rstp.ca\/fr\/wp-json\/wp\/v2\/pages\/22348\/revisions"}],"predecessor-version":[{"id":24184,"href":"https:\/\/www.rstp.ca\/fr\/wp-json\/wp\/v2\/pages\/22348\/revisions\/24184"}],"up":[{"embeddable":true,"href":"https:\/\/www.rstp.ca\/fr\/wp-json\/wp\/v2\/pages\/6157"}],"wp:attachment":[{"href":"https:\/\/www.rstp.ca\/fr\/wp-json\/wp\/v2\/media?parent=22348"}],"curies":[{"name":"wp","href":"https:\/\/api.w.org\/{rel}","templated":true}]}}