{"id":21384,"date":"2022-05-27T14:18:27","date_gmt":"2022-05-27T18:18:27","guid":{"rendered":"https:\/\/www.rstp.ca\/rdbv\/reasons-for-resettlement\/"},"modified":"2024-07-26T15:18:30","modified_gmt":"2024-07-26T20:18:30","slug":"motifs-de-la-reinstallation","status":"publish","type":"page","link":"https:\/\/www.rstp.ca\/fr\/rdbv\/motifs-de-la-reinstallation\/","title":{"rendered":"Motifs de la r\u00e9installation"},"content":{"rendered":"<p>Un bref aper\u00e7u des raisons pour lesquelles certains r\u00e9fugi\u00e9s ne peuvent pas rentrer chez eux ou rester l\u00e0 o\u00f9 ils sont. Pour assurer leur s\u00e9curit\u00e9, ils doivent \u00eatre r\u00e9install\u00e9s dans un autre pays.<\/p>\n<p>&nbsp;<\/p>\n<h1><a href=\"https:\/\/www.rstp.ca\/wp-content\/uploads\/2022\/05\/WARsymbol-01.png\"><img loading=\"lazy\" decoding=\"async\" class=\"alignnone wp-image-15262\" src=\"https:\/\/www.rstp.ca\/wp-content\/uploads\/2022\/05\/WARsymbol-01-150x150.png\" alt=\"\" width=\"100\" height=\"100\" srcset=\"https:\/\/www.rstp.ca\/wp-content\/uploads\/2022\/05\/WARsymbol-01-150x150.png 150w, https:\/\/www.rstp.ca\/wp-content\/uploads\/2022\/05\/WARsymbol-01-300x300.png 300w, https:\/\/www.rstp.ca\/wp-content\/uploads\/2022\/05\/WARsymbol-01-768x767.png 768w, https:\/\/www.rstp.ca\/wp-content\/uploads\/2022\/05\/WARsymbol-01-24x24.png 24w, https:\/\/www.rstp.ca\/wp-content\/uploads\/2022\/05\/WARsymbol-01-36x36.png 36w, https:\/\/www.rstp.ca\/wp-content\/uploads\/2022\/05\/WARsymbol-01-48x48.png 48w, https:\/\/www.rstp.ca\/wp-content\/uploads\/2022\/05\/WARsymbol-01.png 806w\" sizes=\"(max-width: 100px) 100vw, 100px\" \/><\/a><\/h1>\n<h1>Femmes dans les situations \u00e0 risque<\/h1>\n<p>Les femmes et les filles sont confront\u00e9es \u00e0 des formes de pers\u00e9cution uniques ou li\u00e9es \u00e0 leur genre, y compris la violence sexuelle et fond\u00e9e sur le genre, qui peuvent les contraindre \u00e0 quitter leur pays d\u2019origine. Le Haut-Commissariat des Nations Unies pour les r\u00e9fugi\u00e9s (HCR) consid\u00e8re qu\u2019une femme est dans une situation \u00e0 risque si elle a des probl\u00e8mes de protection propres \u00e0 son genre et si elle ne b\u00e9n\u00e9ficie pas d\u2019une protection efficace normalement assur\u00e9e par les membres de sexe masculin de sa famille. Il peut s\u2019agir de femmes monoparentales, de femmes non accompagn\u00e9es ou de femmes accompagn\u00e9es par des membres de leur famille (hommes et femmes).<\/p>\n<p><strong>Les femmes r\u00e9fugi\u00e9es sont \u00e9galement confront\u00e9es \u00e0 des probl\u00e8mes et \u00e0 des d\u00e9fis uniques une fois qu\u2019elles se trouvent dans un pays d\u2019asile, notamment\u00a0:<\/strong><\/p>\n<ul>\n<li>Acc\u00e8s inad\u00e9quat ou in\u00e9gal aux soutiens et aux services.<\/li>\n<li>Marginalisation et discrimination en raison de la situation des femmes et des filles dans le pays d\u2019asile.<\/li>\n<li>Inaccessibilit\u00e9 des moyens de subsistance et syst\u00e8mes juridiques qui ne respectent pas les droits des femmes.<\/li>\n<li>Violence sexuelle et fond\u00e9e sur le genre.<\/li>\n<\/ul>\n<p>Les femmes r\u00e9fugi\u00e9es du Programme mixte des r\u00e9fugi\u00e9s d\u00e9sign\u00e9s par un bureau des visas (RDBV) peuvent avoir connu une ou plusieurs de ces difficult\u00e9s au cours de leur parcours de r\u00e9fugi\u00e9e, ce qui peut signifier qu\u2019elles sont particuli\u00e8rement vuln\u00e9rables et qu\u2019elles ont besoin d\u2019\u00eatre r\u00e9install\u00e9es.<\/p>\n<h1 style=\"text-align: left;\">\u00a0 \u00a0 \u00a0 \u00a0 \u00a0 \u00a0 \u00a0 \u00a0 \u00a0 \u00a0 \u00a0 \u00a0 \u00a0 \u00a0 \u00a0 \u00a0 \u00a0 \u00a0 \u00a0 \u00a0 \u00a0 \u00a0 \u00a0 \u00a0 \u00a0<img loading=\"lazy\" decoding=\"async\" class=\"wp-image-15272 alignleft\" src=\"https:\/\/www.rstp.ca\/wp-content\/uploads\/2022\/05\/SOGIEsymbol-01-01-300x300.png\" alt=\"\" width=\"100\" height=\"100\" srcset=\"https:\/\/www.rstp.ca\/wp-content\/uploads\/2022\/05\/SOGIEsymbol-01-01-300x300.png 300w, https:\/\/www.rstp.ca\/wp-content\/uploads\/2022\/05\/SOGIEsymbol-01-01-150x150.png 150w, https:\/\/www.rstp.ca\/wp-content\/uploads\/2022\/05\/SOGIEsymbol-01-01-768x767.png 768w, https:\/\/www.rstp.ca\/wp-content\/uploads\/2022\/05\/SOGIEsymbol-01-01-24x24.png 24w, https:\/\/www.rstp.ca\/wp-content\/uploads\/2022\/05\/SOGIEsymbol-01-01-36x36.png 36w, https:\/\/www.rstp.ca\/wp-content\/uploads\/2022\/05\/SOGIEsymbol-01-01-48x48.png 48w, https:\/\/www.rstp.ca\/wp-content\/uploads\/2022\/05\/SOGIEsymbol-01-01.png 806w\" sizes=\"(max-width: 100px) 100vw, 100px\" \/><\/h1>\n<p>&nbsp;<\/p>\n<h1>Pers\u00e9cution des personnes LGBTQI ou ayant une orientation sexuelle ou une identit\u00e9 et expression de genre (OSIEG) diverse<\/h1>\n<p>Les r\u00e9fugi\u00e9s peuvent faire l\u2019objet de pers\u00e9cutions, de menaces et de d\u00e9fis en raison de leur orientation sexuelle, de leur identit\u00e9 de genre et de leur expression de genre, notamment\u00a0:<\/p>\n<ul>\n<li>Violence et harc\u00e8lement, y compris de la part de membres de la famille, d\u2019amis, des autorit\u00e9s et d\u2019acteurs non \u00e9tatiques.<\/li>\n<li>Intol\u00e9rance et discrimination en raison de normes culturelles et soci\u00e9tales, y compris lors de la recherche de services et de soutiens, tels que le logement, les soins de sant\u00e9 et l\u2019emploi.<\/li>\n<li>Interrogations d\u00e9plac\u00e9es lors de la demande du statut de r\u00e9fugi\u00e9 dans un pays d\u2019asile.<\/li>\n<li>Manque de protection de la part des autorit\u00e9s, d\u00e9tention arbitraire et exclusion sociale.<\/li>\n<li>Lois criminalisant l\u2019identit\u00e9, l\u2019expression et l\u2019association de personnes LGBTQI ou ayant une OSIEG diverse.<\/li>\n<li>Violence sexuelle et fond\u00e9e sur le genre.<\/li>\n<\/ul>\n<p>Ces difficult\u00e9s peuvent persister tout au long de leur parcours de r\u00e9fugi\u00e9, m\u00eame dans le pays d\u2019asile, ce qui les rend particuli\u00e8rement vuln\u00e9rables et en besoin de r\u00e9installation.<\/p>\n<p>&nbsp;<\/p>\n<h1><a href=\"https:\/\/www.rstp.ca\/wp-content\/uploads\/2022\/05\/PolitOpsymbol-01.png\"><img loading=\"lazy\" decoding=\"async\" class=\"alignnone wp-image-15285\" src=\"https:\/\/www.rstp.ca\/wp-content\/uploads\/2022\/05\/PolitOpsymbol-01-300x300.png\" alt=\"\" width=\"100\" height=\"100\" srcset=\"https:\/\/www.rstp.ca\/wp-content\/uploads\/2022\/05\/PolitOpsymbol-01-300x300.png 300w, https:\/\/www.rstp.ca\/wp-content\/uploads\/2022\/05\/PolitOpsymbol-01-150x150.png 150w, https:\/\/www.rstp.ca\/wp-content\/uploads\/2022\/05\/PolitOpsymbol-01-768x767.png 768w, https:\/\/www.rstp.ca\/wp-content\/uploads\/2022\/05\/PolitOpsymbol-01-24x24.png 24w, https:\/\/www.rstp.ca\/wp-content\/uploads\/2022\/05\/PolitOpsymbol-01-36x36.png 36w, https:\/\/www.rstp.ca\/wp-content\/uploads\/2022\/05\/PolitOpsymbol-01-48x48.png 48w, https:\/\/www.rstp.ca\/wp-content\/uploads\/2022\/05\/PolitOpsymbol-01.png 806w\" sizes=\"(max-width: 100px) 100vw, 100px\" \/><\/a><\/h1>\n<h1>Opinions politiques<\/h1>\n<p>Les r\u00e9fugi\u00e9s peuvent \u00eatre contraints de fuir leur pays parce qu\u2019ils ont \u00e9t\u00e9 pers\u00e9cut\u00e9s en raison de leurs convictions, de leur identit\u00e9, de leur expression ou de leur appartenance politiques. Cela comprend notamment les menaces, le harc\u00e8lement et la violence de la part des autorit\u00e9s et des acteurs non \u00e9tatiques.<\/p>\n<p>&nbsp;<\/p>\n<p><a href=\"https:\/\/www.rstp.ca\/wp-content\/uploads\/2022\/05\/Relsymbol-01.png\"><img loading=\"lazy\" decoding=\"async\" class=\"alignnone wp-image-15297\" src=\"https:\/\/www.rstp.ca\/wp-content\/uploads\/2022\/05\/Relsymbol-01-300x300.png\" alt=\"\" width=\"100\" height=\"100\" srcset=\"https:\/\/www.rstp.ca\/wp-content\/uploads\/2022\/05\/Relsymbol-01-300x300.png 300w, https:\/\/www.rstp.ca\/wp-content\/uploads\/2022\/05\/Relsymbol-01-150x150.png 150w, https:\/\/www.rstp.ca\/wp-content\/uploads\/2022\/05\/Relsymbol-01-768x767.png 768w, https:\/\/www.rstp.ca\/wp-content\/uploads\/2022\/05\/Relsymbol-01-24x24.png 24w, https:\/\/www.rstp.ca\/wp-content\/uploads\/2022\/05\/Relsymbol-01-36x36.png 36w, https:\/\/www.rstp.ca\/wp-content\/uploads\/2022\/05\/Relsymbol-01-48x48.png 48w, https:\/\/www.rstp.ca\/wp-content\/uploads\/2022\/05\/Relsymbol-01.png 806w\" sizes=\"(max-width: 100px) 100vw, 100px\" \/><\/a><\/p>\n<h1>Minorit\u00e9s religieuses ou ethniques<\/h1>\n<p>Les personnes appartenant \u00e0 certains groupes religieux ou \u00e0 certaines minorit\u00e9s ethniques peuvent \u00eatre cibl\u00e9es, discrimin\u00e9es et pers\u00e9cut\u00e9es par les autorit\u00e9s et des acteurs non \u00e9tatiques dans leur pays d\u2019origine. Les traitements auxquels elles sont soumises peuvent comprendre des menaces, du harc\u00e8lement, de la violence, une d\u00e9tention arbitraire, la torture et des ex\u00e9cutions sommaires.<\/p>\n<p>Les r\u00e9fugi\u00e9s qui fuient leur pays d\u2019origine pour ces raisons peuvent \u00e9galement \u00eatre confront\u00e9s \u00e0 ces difficult\u00e9s tout au long de leur parcours, y compris dans le pays d\u2019asile, ce qui peut limiter leur capacit\u00e9 \u00e0 s\u2019int\u00e9grer localement.<\/p>\n<p>&nbsp;<\/p>\n<h1><a href=\"https:\/\/www.rstp.ca\/wp-content\/uploads\/2022\/05\/WARsymbol-01-01.png\"><img loading=\"lazy\" decoding=\"async\" class=\"alignnone wp-image-15299\" src=\"https:\/\/www.rstp.ca\/wp-content\/uploads\/2022\/05\/WARsymbol-01-01-300x300.png\" alt=\"\" width=\"100\" height=\"100\" srcset=\"https:\/\/www.rstp.ca\/wp-content\/uploads\/2022\/05\/WARsymbol-01-01-300x300.png 300w, https:\/\/www.rstp.ca\/wp-content\/uploads\/2022\/05\/WARsymbol-01-01-150x150.png 150w, https:\/\/www.rstp.ca\/wp-content\/uploads\/2022\/05\/WARsymbol-01-01-768x767.png 768w, https:\/\/www.rstp.ca\/wp-content\/uploads\/2022\/05\/WARsymbol-01-01-24x24.png 24w, https:\/\/www.rstp.ca\/wp-content\/uploads\/2022\/05\/WARsymbol-01-01-36x36.png 36w, https:\/\/www.rstp.ca\/wp-content\/uploads\/2022\/05\/WARsymbol-01-01-48x48.png 48w, https:\/\/www.rstp.ca\/wp-content\/uploads\/2022\/05\/WARsymbol-01-01.png 806w\" sizes=\"(max-width: 100px) 100vw, 100px\" \/><\/a><\/h1>\n<h1>D\u00e9placement en raison d\u2019une guerre ou d\u2019un conflit<\/h1>\n<p>Les r\u00e9fugi\u00e9s sont souvent d\u00e9plac\u00e9s en raison de conflits arm\u00e9s, y compris les guerres entre deux ou plusieurs pays et les conflits internes entre les forces gouvernementales et un ou plusieurs groupes arm\u00e9s.<\/p>\n<p>La Syrie, l\u2019Iraq, le Y\u00e9men, l\u2019Afghanistan et l\u2019Ukraine sont des pays qui ont r\u00e9cemment connu des conflits ayant contraint des r\u00e9fugi\u00e9s \u00e0 fuir leur pays.<\/p>\n<p>La nature pr\u00e9caire et dangereuse des conflits arm\u00e9s oblige les r\u00e9fugi\u00e9s \u00e0 chercher la s\u00e9curit\u00e9 dans d\u2019autres pays et les emp\u00eache de retourner vivre dans leur pays d\u2019origine. Ils peuvent \u00e9galement ne pas b\u00e9n\u00e9ficier d\u2019une protection physique et juridique suffisante dans le pays d\u2019asile et n\u2019avoir qu\u2019un acc\u00e8s restreint aux droits sociaux et \u00e9conomiques ainsi qu\u2019aux services et aux soutiens dont ils ont besoin.<\/p>\n<p>Les r\u00e9fugi\u00e9s d\u00e9plac\u00e9s en raison de conflits doivent \u00eatre r\u00e9install\u00e9s afin de pouvoir reconstruire leur vie dans la s\u00e9curit\u00e9 et la paix.<\/p>\n<p class=\"p1\">\n<p><img loading=\"lazy\" decoding=\"async\" class=\"alignnone wp-image-15296\" src=\"https:\/\/www.rstp.ca\/wp-content\/uploads\/2022\/05\/HRDsymbol-01-300x300.png\" alt=\"\" width=\"100\" height=\"100\" srcset=\"https:\/\/www.rstp.ca\/wp-content\/uploads\/2022\/05\/HRDsymbol-01-300x300.png 300w, https:\/\/www.rstp.ca\/wp-content\/uploads\/2022\/05\/HRDsymbol-01-150x150.png 150w, https:\/\/www.rstp.ca\/wp-content\/uploads\/2022\/05\/HRDsymbol-01-768x767.png 768w, https:\/\/www.rstp.ca\/wp-content\/uploads\/2022\/05\/HRDsymbol-01-24x24.png 24w, https:\/\/www.rstp.ca\/wp-content\/uploads\/2022\/05\/HRDsymbol-01-36x36.png 36w, https:\/\/www.rstp.ca\/wp-content\/uploads\/2022\/05\/HRDsymbol-01-48x48.png 48w, https:\/\/www.rstp.ca\/wp-content\/uploads\/2022\/05\/HRDsymbol-01.png 806w\" sizes=\"(max-width: 100px) 100vw, 100px\" \/><\/p>\n<h1>D\u00e9fenseurs des droits de la personne<\/h1>\n<p>Les d\u00e9fenseurs des droits de la personne sont des personnes actives dans la lutte pour les droits de la personne, leur promotion ou leur protection, soit individuellement, soit collectivement avec d\u2019autres. Les d\u00e9fenseurs des droits de la personne soul\u00e8vent de nombreuses questions li\u00e9es \u00e0 la promotion et \u00e0 la protection des droits de la personne, notamment\u00a0:<\/p>\n<ul>\n<li>Le droit \u00e0 la vie, \u00e0 la dignit\u00e9, \u00e0 la libert\u00e9 et \u00e0 l\u2019\u00e9galit\u00e9.<\/li>\n<li>L\u2019acc\u00e8s aux droits sociaux, \u00e9conomiques et culturels tels que l\u2019emploi, les soins de sant\u00e9 et un niveau de vie convenable.<\/li>\n<li>La libert\u00e9 de pens\u00e9e, d\u2019expression, de religion et d\u2019association.<\/li>\n<li>La primaut\u00e9 du droit et l\u2019acc\u00e8s \u00e0 la justice, en visant \u00e0 l\u2019abolition des ex\u00e9cutions sommaires, de la torture, et des arrestations arbitraires et des d\u00e9tentions.<\/li>\n<li>La discrimination fond\u00e9e le genre, l\u2019orientation sexuelle, la race, la religion ou l\u2019appartenance ethnique<\/li>\n<\/ul>\n<p>Les d\u00e9fenseurs des droits de la personne peuvent prot\u00e9ger les droits de certains groupes, tels que les femmes, les personnes handicap\u00e9es, les Autochtones et la communaut\u00e9 LGBTQI. Leurs activit\u00e9s peuvent comprendre la r\u00e9alisation d\u2019enqu\u00eates, la collecte de renseignements sur les violations et la production de rapports afin de les porter \u00e0 l\u2019attention du public et des gouvernements, le soutien aux victimes et la pr\u00e9conisation de politiques et de mesures d\u2019\u00e9ducation et de sensibilisation.<\/p>\n<p>Les d\u00e9fenseurs des droits de la personne peuvent \u00eatre cibl\u00e9s, harcel\u00e9s et pers\u00e9cut\u00e9s par les autorit\u00e9s et des acteurs non \u00e9tatiques afin de les dissuader de poursuivre leurs activit\u00e9s. Les d\u00e9fenseurs des droits de la personne, ainsi que les membres de leur famille, sont la cible de repr\u00e9sailles, d\u2019arrestations et de d\u00e9tentions arbitraires, de torture, d\u2019ex\u00e9cutions sommaires, de fausses accusations, de proc\u00e8s truqu\u00e9s et de condamnations in\u00e9quitables. Les d\u00e9fenseurs des droits de la personne peuvent ainsi \u00eatre contraints de quitter leur pays d\u2019origine et il peut \u00eatre dangereux pour eux d\u2019y retourner.<\/p>\n","protected":false},"excerpt":{"rendered":"<p>Un bref aper\u00e7u des raisons pour lesquelles certains r\u00e9fugi\u00e9s ne peuvent pas rentrer chez eux ou rester l\u00e0 o\u00f9 ils sont. Pour assurer leur s\u00e9curit\u00e9, ils doivent \u00eatre r\u00e9install\u00e9s dans [&hellip;]<\/p>\n","protected":false},"author":11,"featured_media":0,"parent":10542,"menu_order":0,"comment_status":"closed","ping_status":"closed","template":"","meta":{"_relevanssi_hide_post":"","_relevanssi_hide_content":"","_relevanssi_pin_for_all":"","_relevanssi_pin_keywords":"","_relevanssi_unpin_keywords":"","_relevanssi_related_keywords":"","_relevanssi_related_include_ids":"","_relevanssi_related_exclude_ids":"","_relevanssi_related_no_append":"","_relevanssi_related_not_related":"","_relevanssi_related_posts":"","_relevanssi_noindex_reason":"","passster_activate_protection":false,"passster_protect_child_pages":"","passster_protection_type":"password","passster_password":"","passster_activate_overwrite_defaults":"","passster_headline":"","passster_instruction":"","passster_placeholder":"","passster_button":"","passster_id":"","passster_activate_misc_settings":"","passster_redirect_url":"","passster_hide":"no","passster_area_shortcode":"","_price":"","_stock":"","_tribe_ticket_header":"","_tribe_default_ticket_provider":"","_tribe_ticket_capacity":"0","_ticket_start_date":"","_ticket_end_date":"","_tribe_ticket_show_description":"","_tribe_ticket_show_not_going":false,"_tribe_ticket_use_global_stock":"","_tribe_ticket_global_stock_level":"","_global_stock_mode":"","_global_stock_cap":"","_tribe_rsvp_for_event":"","_tribe_ticket_going_count":"","_tribe_ticket_not_going_count":"","_tribe_tickets_list":"[]","_tribe_ticket_has_attendee_info_fields":false,"footnotes":""},"meta_box":{"front_blocks":[]},"ticketed":false,"_links":{"self":[{"href":"https:\/\/www.rstp.ca\/fr\/wp-json\/wp\/v2\/pages\/21384"}],"collection":[{"href":"https:\/\/www.rstp.ca\/fr\/wp-json\/wp\/v2\/pages"}],"about":[{"href":"https:\/\/www.rstp.ca\/fr\/wp-json\/wp\/v2\/types\/page"}],"author":[{"embeddable":true,"href":"https:\/\/www.rstp.ca\/fr\/wp-json\/wp\/v2\/users\/11"}],"replies":[{"embeddable":true,"href":"https:\/\/www.rstp.ca\/fr\/wp-json\/wp\/v2\/comments?post=21384"}],"version-history":[{"count":3,"href":"https:\/\/www.rstp.ca\/fr\/wp-json\/wp\/v2\/pages\/21384\/revisions"}],"predecessor-version":[{"id":21387,"href":"https:\/\/www.rstp.ca\/fr\/wp-json\/wp\/v2\/pages\/21384\/revisions\/21387"}],"up":[{"embeddable":true,"href":"https:\/\/www.rstp.ca\/fr\/wp-json\/wp\/v2\/pages\/10542"}],"wp:attachment":[{"href":"https:\/\/www.rstp.ca\/fr\/wp-json\/wp\/v2\/media?parent=21384"}],"curies":[{"name":"wp","href":"https:\/\/api.w.org\/{rel}","templated":true}]}}