{"id":20954,"date":"2022-09-29T16:36:38","date_gmt":"2022-09-29T20:36:38","guid":{"rendered":"https:\/\/www.rstp.ca\/formation\/empp\/"},"modified":"2024-03-28T13:46:53","modified_gmt":"2024-03-28T18:46:53","slug":"pvame","status":"publish","type":"page","link":"https:\/\/www.rstp.ca\/fr\/formation\/pvame\/","title":{"rendered":"Projet pilote sur la voie d\u2019acc\u00e8s \u00e0 la mobilit\u00e9 \u00e9conomique (PVAME)"},"content":{"rendered":"<p>Le Projet pilote sur la voie d&rsquo;acc\u00e8s \u00e0 la mobilit\u00e9 \u00e9conomique (PVAME) est une voie compl\u00e9mentaire qui permet aux r\u00e9fugi\u00e9s qualifi\u00e9s d&rsquo;\u00eatre r\u00e9install\u00e9s au Canada.<\/p>\n<p>De plus amples renseignements sur le fonctionnement du PVAME, y compris qui y est admissible et comment pr\u00e9senter une demande, se trouvent sur le site Web d&rsquo;IRCC <a href=\"https:\/\/www.canada.ca\/fr\/immigration-refugies-citoyennete\/services\/refugies\/pilote-voie-acces-mobilite-economique.html\" target=\"_blank\" rel=\"noopener\">\u00e0 cet endroit<\/a>, ainsi que ci-dessous :<\/p>\n<ul>\n<li><a href=\"https:\/\/www.canada.ca\/fr\/immigration-refugies-citoyennete\/services\/refugies\/pilote-voie-acces-mobilite-economique\/immigrer.html\" target=\"_blank\" rel=\"noopener\">Comment fonctionne le projet pilote<\/a><\/li>\n<li><a href=\"https:\/\/www.canada.ca\/fr\/immigration-refugies-citoyennete\/services\/refugies\/pilote-voie-acces-mobilite-economique\/immigrer\/admissibilite.html\" target=\"_blank\" rel=\"noopener\">Qui peut pr\u00e9senter une demande<\/a><\/li>\n<li><a href=\"https:\/\/www.canada.ca\/fr\/immigration-refugies-citoyennete\/services\/refugies\/pilote-voie-acces-mobilite-economique\/immigrer\/presenter-demande.html\" target=\"_blank\" rel=\"noopener\">Comment pr\u00e9senter une demande<\/a><\/li>\n<li><a href=\"https:\/\/www.canada.ca\/fr\/immigration-refugies-citoyennete\/services\/refugies\/pilote-voie-acces-mobilite-economique\/immigrer\/arrivee.html\" target=\"_blank\" rel=\"noopener\">Se pr\u00e9parer \u00e0 l&rsquo;arriv\u00e9e au Canada<\/a><\/li>\n<\/ul>\n<p>Des renseignements sur comment les employeurs peuvent embaucher des r\u00e9fugi\u00e9s qualifi\u00e9s dans le cadre du projet pilote sont disponibles \u00e0 <a href=\"https:\/\/www.canada.ca\/fr\/immigration-refugies-citoyennete\/services\/refugies\/pilote-voie-acces-mobilite-economique.html\" target=\"_blank\" rel=\"noopener\">cet endroit<\/a>, ainsi que ci-dessous :<\/p>\n<ul>\n<li><a href=\"https:\/\/www.canada.ca\/fr\/immigration-refugies-citoyennete\/services\/refugies\/pilote-voie-acces-mobilite-economique\/embaucher.html\" target=\"_blank\" rel=\"noopener\">Comment fonctionne le projet pilote pour les employeurs<\/a><\/li>\n<li><a href=\"https:\/\/www.canada.ca\/fr\/immigration-refugies-citoyennete\/services\/refugies\/pilote-voie-acces-mobilite-economique\/embaucher\/recherche-candidat-programme.html\" target=\"_blank\" rel=\"noopener\">Recherche d&rsquo;un candidat et d&rsquo;un programme<\/a><\/li>\n<li><a href=\"https:\/\/www.canada.ca\/fr\/immigration-refugies-citoyennete\/services\/refugies\/pilote-voie-acces-mobilite-economique\/embaucher\/aide-employes.html\" target=\"_blank\" rel=\"noopener\">Aide aux employ\u00e9s nouvellement arriv\u00e9s<\/a><\/li>\n<\/ul>\n","protected":false},"excerpt":{"rendered":"<p>Le Projet pilote sur la voie d&rsquo;acc\u00e8s \u00e0 la mobilit\u00e9 \u00e9conomique (PVAME) est une voie compl\u00e9mentaire qui permet aux r\u00e9fugi\u00e9s qualifi\u00e9s d&rsquo;\u00eatre r\u00e9install\u00e9s au Canada. De plus amples renseignements sur [&hellip;]<\/p>\n","protected":false},"author":4,"featured_media":0,"parent":1337,"menu_order":0,"comment_status":"closed","ping_status":"closed","template":"","meta":{"_relevanssi_hide_post":"","_relevanssi_hide_content":"","_relevanssi_pin_for_all":"","_relevanssi_pin_keywords":"","_relevanssi_unpin_keywords":"","_relevanssi_related_keywords":"","_relevanssi_related_include_ids":"","_relevanssi_related_exclude_ids":"","_relevanssi_related_no_append":"","_relevanssi_related_not_related":"","_relevanssi_related_posts":"","_relevanssi_noindex_reason":"","passster_activate_protection":false,"passster_protect_child_pages":"","passster_protection_type":"password","passster_password":"","passster_activate_overwrite_defaults":"","passster_headline":"","passster_instruction":"","passster_placeholder":"","passster_button":"","passster_id":"","passster_activate_misc_settings":"","passster_redirect_url":"","passster_hide":"no","passster_area_shortcode":"","_price":"","_stock":"","_tribe_ticket_header":"","_tribe_default_ticket_provider":"","_tribe_ticket_capacity":"0","_ticket_start_date":"","_ticket_end_date":"","_tribe_ticket_show_description":"","_tribe_ticket_show_not_going":false,"_tribe_ticket_use_global_stock":"","_tribe_ticket_global_stock_level":"","_global_stock_mode":"","_global_stock_cap":"","_tribe_rsvp_for_event":"","_tribe_ticket_going_count":"","_tribe_ticket_not_going_count":"","_tribe_tickets_list":"[]","_tribe_ticket_has_attendee_info_fields":false,"footnotes":""},"meta_box":{"front_blocks":[]},"ticketed":false,"_links":{"self":[{"href":"https:\/\/www.rstp.ca\/fr\/wp-json\/wp\/v2\/pages\/20954"}],"collection":[{"href":"https:\/\/www.rstp.ca\/fr\/wp-json\/wp\/v2\/pages"}],"about":[{"href":"https:\/\/www.rstp.ca\/fr\/wp-json\/wp\/v2\/types\/page"}],"author":[{"embeddable":true,"href":"https:\/\/www.rstp.ca\/fr\/wp-json\/wp\/v2\/users\/4"}],"replies":[{"embeddable":true,"href":"https:\/\/www.rstp.ca\/fr\/wp-json\/wp\/v2\/comments?post=20954"}],"version-history":[{"count":4,"href":"https:\/\/www.rstp.ca\/fr\/wp-json\/wp\/v2\/pages\/20954\/revisions"}],"predecessor-version":[{"id":20959,"href":"https:\/\/www.rstp.ca\/fr\/wp-json\/wp\/v2\/pages\/20954\/revisions\/20959"}],"up":[{"embeddable":true,"href":"https:\/\/www.rstp.ca\/fr\/wp-json\/wp\/v2\/pages\/1337"}],"wp:attachment":[{"href":"https:\/\/www.rstp.ca\/fr\/wp-json\/wp\/v2\/media?parent=20954"}],"curies":[{"name":"wp","href":"https:\/\/api.w.org\/{rel}","templated":true}]}}