{"id":2060,"date":"2014-05-15T14:24:02","date_gmt":"2014-05-15T14:24:02","guid":{"rendered":"http:\/\/rstp.fantomdesign.net\/?page_id=2060"},"modified":"2026-01-17T15:44:54","modified_gmt":"2026-01-17T20:44:54","slug":"trouver-un-service-detablissement","status":"publish","type":"page","link":"https:\/\/www.rstp.ca\/fr\/responsabilites\/services-detablissement\/trouver-un-service-detablissement\/","title":{"rendered":"Trouver un service d\u2019\u00e9tablissement"},"content":{"rendered":"<h4 class=\"color10-bg\" style=\"margin-bottom: 20px; padding: 35px 25px 35px 25px;\"><em><strong>Besoin d&rsquo;aide pour trouver un conseiller en \u00e9tablissement apr\u00e8s l&rsquo;arriv\u00e9e des personnes parrain\u00e9es?<\/strong> <\/em>Communiquez avec un membre de l&rsquo;\u00e9quipe du PFPR! Vous trouverez leurs coordonn\u00e9es <a href=\"https:\/\/www.rstp.ca\/fr\/contactez-nous\/\" target=\"_blank\" rel=\"noopener\">sur cette page<\/a>.<\/h4>\n<p><a href=\"http:\/\/www.cic.gc.ca\/francais\/nouveaux\/services\/index.asp\" target=\"_blank\" rel=\"noopener\">Trouvez des services gratuits pr\u00e8s de chez vous <\/a>est un site web qui fournit de l\u2019information sur les services gouvernementaux et communautaires en fonction de la ville ou de l&rsquo;adresse saisie. Cette ressource est fournie par Immigration, R\u00e9fugi\u00e9s et Citoyennet\u00e9 Canada.<\/p>\n<p>Veuillez trouver ci-dessous les annuaires de services des diff\u00e9rentes provinces.<\/p>\n<p>Recherche par province\u00a0:\u00a0<a href=\"#ab\">AB<\/a>\u00a0|\u00a0<a href=\"#cb\">CB<\/a>\u00a0| <a href=\"#ipe\">\u00ce.-P.-\u00c9<\/a>\u00a0| <a href=\"#mb\">MB<\/a>\u00a0|\u00a0<a href=\"#nb\">NB<\/a>\u00a0|\u00a0<a href=\"#n\u00e9\">N\u00c9<\/a>\u00a0|\u00a0<a href=\"#on\">ON\u00a0<\/a>|\u00a0 <a href=\"#sk\">SK<\/a> |\u00a0<a href=\"#tnl\">TNL<\/a><\/p>\n<h2><a name=\"ab\"><\/a>ALBERTA<\/h2>\n<ul>\n<li><strong><a href=\"https:\/\/www.alberta.ca\/fr\/french-services-directory\" target=\"_blank\" rel=\"noopener\">R\u00e9pertoire des services en fran\u00e7ais<\/a><\/strong> (Gouvernement de l&rsquo;Alberta)<\/li>\n<li><strong><a href=\"https:\/\/acfa.ab.ca\/la-francophonie-albertaine\/vivre-en-francais\/services-en-francais\/\" target=\"_blank\" rel=\"noopener\">Services en fran\u00e7ais<\/a> <\/strong>en Alberta (compil\u00e9 par l&rsquo;ACFA)<\/li>\n<li><strong><a href=\"http:\/\/informalberta.ca\/\" target=\"_blank\" rel=\"noopener\">Inform Alberta<\/a>\u00a0&#8211;\u00a0<\/strong>fournit des informations sur les services en Alberta (en anglais)<\/li>\n<li><strong><a href=\"http:\/\/www.ab.211.ca\/\" target=\"_blank\" rel=\"noopener\">211 Alberta<\/a><\/strong> &#8211; un annuaire des services gouvernementaux, communautaires et sociaux \u00e0 Edmonton, Calgary et plusieurs autres villes en Alberta (en anglais)<\/li>\n<li>Bureaux de <strong><a href=\"https:\/\/offices.service.canada.ca\/fr\" target=\"_blank\" rel=\"noopener\">Service Canada<\/a><\/strong><\/li>\n<\/ul>\n<p><a class=\"button style1\" style=\"margin-bottom: 35px;\" href=\"#top\">Haut de page<\/a><\/p>\n<h2><a name=\"cb\"><\/a>COLOMBIE-BRITANNIQUE<\/h2>\n<ul>\n<li><strong><a href=\"https:\/\/rifcb.ca\/services-en-francais\/\" target=\"_blank\" rel=\"noopener\">Services en fran\u00e7ais en Colombie-Britannique pour les immigrants<\/a><\/strong> (compil\u00e9 par le R\u00e9seau en immigration francophone de la Colombie-Britannique)<\/li>\n<li><strong><a href=\"https:\/\/www.annuairefrcb.ca\/\" target=\"_blank\" rel=\"noopener\">L&rsquo;Annuaire des services en fran\u00e7ais en Colombie-Britannique<\/a><\/strong><\/li>\n<li><a href=\"https:\/\/bc.211.ca\/french\/\" target=\"_blank\" rel=\"noopener\"><strong>BC211<\/strong><\/a> fournit de l\u2019information sur les services communautaires, sociaux et gouvernementaux \u00e0 Vancouver, Fraser Valley et Squamish-Lillooet.<\/li>\n<li><strong><a href=\"https:\/\/www.welcomebc.ca\/start-your-life-in-b-c\/settlement-services\" target=\"_blank\" rel=\"noopener\">Welcome BC<\/a> <\/strong>&#8211; Trouvez des services d&rsquo;\u00e9tablissement (en anglais)<\/li>\n<li><a href=\"https:\/\/newtobc.ca\/\" target=\"_blank\" rel=\"noopener\"><strong>New To BC<\/strong><\/a> &#8211; Programmes et services offerts aux nouveaux arrivants dans les biblioth\u00e8ques (en anglais)<\/li>\n<li>Bureaux de <strong><a href=\"https:\/\/offices.service.canada.ca\/fr\" target=\"_blank\" rel=\"noopener\">Service Canada<\/a><\/strong><\/li>\n<\/ul>\n<p><a class=\"button style1\" style=\"margin-bottom: 35px;\" href=\"#top\">Haut de page<\/a><\/p>\n<h2><a name=\"ipe\"><\/a>\u00ceLE-DU-PRINCE-\u00c9DOUARD<\/h2>\n<ul>\n<li><strong><a href=\"https:\/\/tonile.ca\/fr\/services-d-etablissement\/communautes-francophones-et-acadiennes\" target=\"_blank\" rel=\"noopener\">Communaut\u00e9s francophones et acadiennes<\/a> <\/strong>(compil\u00e9 par la Coop\u00e9rative d&rsquo;int\u00e9gration francophone de l&rsquo;\u00cele-du-Prince-\u00c9douard)<\/li>\n<li><a href=\"https:\/\/pe.211.ca\/french\" target=\"_blank\" rel=\"noopener\"><strong>211 PEI<\/strong><\/a>\u00a0 &#8211;\u00a0\u00a0r\u00e9pertoire des services communautaires \u00e0 l\u2019\u00cele-du-Prince-\u00c9douard (en anglais)<\/li>\n<li>Bureaux de <strong><a href=\"https:\/\/offices.service.canada.ca\/fr\" target=\"_blank\" rel=\"noopener\">Service Canada<\/a><\/strong><\/li>\n<\/ul>\n<p><a class=\"button style1\" style=\"margin-bottom: 35px;\" href=\"#top\">Haut de page<\/a><\/p>\n<h2><a name=\"mb\"><\/a>MANITOBA<\/h2>\n<ul>\n<li><strong><a href=\"https:\/\/residents.gov.mb.ca\/index.fr.html\" target=\"_blank\" rel=\"noopener\">Ressources pour les r\u00e9sidents<\/a><\/strong> &#8211; un outil en ligne sur le site Web du gouvernement provincial qui fournit de l\u2019information sur les services gouvernementaux.<\/li>\n<li><a href=\"https:\/\/annuaire.sfm.mb.ca\/\" target=\"_blank\" rel=\"noopener\"><strong>Annuaire des services en fran\u00e7ais au Manitoba<\/strong><\/a><\/li>\n<li>Bureaux de <strong><a href=\"https:\/\/offices.service.canada.ca\/fr\" target=\"_blank\" rel=\"noopener\">Service Canada<\/a><\/strong><\/li>\n<\/ul>\n<p><a class=\"button style1\" style=\"margin-bottom: 35px;\" href=\"#top\">Haut de page<\/a><\/p>\n<h2><a name=\"nb\"><\/a>NOUVEAU-BRUNSWICK<\/h2>\n<ul>\n<li><strong><a href=\"https:\/\/nb.211.ca\/recherche\/\" target=\"_blank\" rel=\"noopener\">NB 211<\/a> \u00a0<\/strong>&#8211; une base de donn\u00e9es en ligne pour trouver des programmes et organismes communautaires ou gouvernementaux.<\/li>\n<li><strong><a href=\"https:\/\/www2.gnb.ca\/content\/gnb\/fr\/corporate\/promo\/immigration\/vivre-au-nb\/services-d-etablissement.html#2\" target=\"_blank\" rel=\"noopener\">Services d&rsquo;\u00e9tablissement au Nouveau-Brunswick<\/a><\/strong> (Gouvernement du Nouveau-Brunswick)<\/li>\n<li><strong><a href=\"https:\/\/rifnb.ca\/carte-interactive-n-b\" target=\"_blank\" rel=\"noopener\">Carte interactive du Nouveau-Brunswick<\/a> <\/strong>(cr\u00e9\u00e9e par le R\u00e9seau en immigration francophone du Nouveau-Brunswick)<\/li>\n<li><strong><a href=\"https:\/\/centre-sainte-anne.nb.ca\/organisme\/repertoire-des-services-en-francais\" target=\"_blank\" rel=\"noopener\">R\u00e9pertoire des services en fran\u00e7ais de la r\u00e9gion de Fredericton<\/a><\/strong><\/li>\n<li><a href=\"https:\/\/nouvelarrivantsaintjohn.ca\/annuaire-des-ressources-communautaires\" target=\"_blank\" rel=\"noopener\"><strong>Annuaire des ressources communautaires<\/strong><\/a> &#8211; R\u00e9gion de Saint John<\/li>\n<li><strong><a href=\"https:\/\/www.immigrationgrandmoncton.ca\/fr\/avant-votre-arrivee\/services-detablissement\" target=\"_blank\" rel=\"noopener\">Services d&rsquo;\u00e9tablissement<\/a><\/strong> dans la r\u00e9gion du Grand Moncton<\/li>\n<li>Bureaux de <strong><a href=\"https:\/\/offices.service.canada.ca\/fr\" target=\"_blank\" rel=\"noopener\">Service Canada<\/a><\/strong><\/li>\n<li><a href=\"https:\/\/www2.snb.ca\/content\/snb\/fr.html\" target=\"_blank\" rel=\"noopener\"><strong>Service Nouveau-Brunswick<\/strong><\/a> &#8211; services offerts par la province<\/li>\n<\/ul>\n<p><a class=\"button style1\" style=\"margin-bottom: 35px;\" href=\"#top\">Haut de page<\/a><\/p>\n<h2><a name=\"n\u00e9\"><\/a>NOUVELLE-\u00c9COSSE<\/h2>\n<ul>\n<li><strong><a href=\"https:\/\/ifne.ca\/\" target=\"_blank\" rel=\"noopener\">Immigration francophone Nouvelle-\u00c9cosse<\/a><\/strong><\/li>\n<li><strong><a href=\"https:\/\/cdene.ns.ca\/fr\/repertoires-des-services-en-francais?filter_25=communautaires&amp;cc=p\" target=\"_blank\" rel=\"noopener\">R\u00e9pertoire des services communautaires en fran\u00e7ais<\/a><\/strong><\/li>\n<li><strong><a href=\"http:\/\/www.ns.211.ca\/\" target=\"_blank\" rel=\"noopener\">211 Nova Scotia<\/a><\/strong> -pour trouver les services communautaires et sociaux en Nouvelle \u00c9cosse (en anglais)<\/li>\n<li><strong><a href=\"https:\/\/ns.211.ca\/#subtopic_anchor\" target=\"_blank\" rel=\"noopener\">Services pour les communaut\u00e9s acadienne et francophone<\/a><\/strong> &#8211; rubrique de 211 Nova Scotia (en anglais)<\/li>\n<li>Bureaux de <strong><a href=\"https:\/\/offices.service.canada.ca\/fr\" target=\"_blank\" rel=\"noopener\">Service Canada<\/a><\/strong><\/li>\n<\/ul>\n<p><a class=\"button style1\" style=\"margin-bottom: 35px;\" href=\"#top\">Haut de page<\/a><\/p>\n<h2><a name=\"on\"><\/a>ONTARIO<\/h2>\n<ul>\n<li><strong><a href=\"https:\/\/etablissement.org\/\" target=\"_blank\" rel=\"noopener\">Etablissement.org<\/a>\u00a0<\/strong>&#8211;\u00a0information et ressources pour les nouveaux arrivants en Ontario<\/li>\n<li><strong><a href=\"https:\/\/etablissement.org\/vivreenfrancais\" target=\"_blank\" rel=\"noopener\">Vivre en fran\u00e7ais<\/a> <\/strong>(page du site Etablissement.org)<\/li>\n<li><strong><a href=\"https:\/\/211ontario.ca\/recherche\/\" target=\"_blank\" rel=\"noopener\">211 Ontario<\/a><\/strong> &#8211; service de renseignement et d&rsquo;orientation qui fournit des renseignements sur les organismes communautaires en Ontario, dont les services d\u2019\u00e9tablissement<\/li>\n<li><strong><a href=\"https:\/\/211ontario.ca\/resultats\/?searchLocation=Toronto&amp;topicPath=236&amp;latitude=43.653226&amp;longitude=-79.3831843&amp;pg=2&amp;fpg=sm\" target=\"_blank\" rel=\"noopener\">Services pour francophones<\/a> <\/strong>&#8211; rubrique de 211 Ontario<\/li>\n<li><strong><a href=\"https:\/\/refugies.immigrationfrancophone.ca\/ontario\/\" target=\"_blank\" rel=\"noopener\">Immigrer en Ontario<\/a><\/strong> &#8211; Immigration francophone au Canada<\/li>\n<li><strong><a href=\"https:\/\/pafottawa.ca\/ressources\/\" target=\"_blank\" rel=\"noopener\">Ressources<\/a> <\/strong>&#8211; Point d&rsquo;accueil francophone (Ottawa)<\/li>\n<li><b><a href=\"https:\/\/acfosdg.ca\/projets-et-activites\/accueil\/repertoire\/\" target=\"_blank\" rel=\"noopener\">R\u00e9pertoire des services<\/a> &#8211; A<\/b>CFO Stormont Dundas Glengarry<\/li>\n<li><strong><a href=\"https:\/\/investsudbury.ca\/fr\/why-sudbury\/newcomers\/local-immigration-partnership\/newcomers-supports-in-greater-sudbury\/\" target=\"_blank\" rel=\"noopener\">Soutien aux nouveaux arrivants dans le Grand Sudbury<\/a><\/strong><\/li>\n<li>Bureaux de <strong><a href=\"https:\/\/offices.service.canada.ca\/fr\" target=\"_blank\" rel=\"noopener\">Service Canada<\/a><\/strong><\/li>\n<\/ul>\n<p><a class=\"button style1\" style=\"margin-bottom: 35px;\" href=\"#top\">Haut de page<\/a><\/p>\n<h2><a name=\"sk\"><\/a>SASKATCHEWAN<\/h2>\n<ul>\n<li><strong><a href=\"https:\/\/www.saskatchewan.ca\/bonjour\/moving-to-saskatchewan\/immigrating-to-saskatchewan\/language-training-and-settlement-services\/settlement-services\" target=\"_blank\" rel=\"noopener\">Services d&rsquo;\u00e9tablissement<\/a><\/strong>(Gouvernement de la Saskatchewan)<\/li>\n<li><strong><a href=\"https:\/\/www.s55.ca\/annuaire\" target=\"_blank\" rel=\"noopener\">Annuaire des services en fran\u00e7ais<\/a><\/strong><\/li>\n<li><strong><a href=\"https:\/\/sk.211.ca\/\" target=\"_blank\" rel=\"noopener\">211 Saskatchewan<\/a><\/strong> &#8211; r\u00e9pertoire de services communautaires (en anglais)<\/li>\n<li>Bureaux de <strong><a href=\"https:\/\/offices.service.canada.ca\/fr\" target=\"_blank\" rel=\"noopener\">Service Canada<\/a><\/strong><\/li>\n<\/ul>\n<p><a class=\"button style1\" style=\"margin-bottom: 35px;\" href=\"#top\">Haut de page<\/a><\/p>\n<h2><a name=\"tnl\"><\/a>TERRE-NEUVE-ET-LABRADOR<\/h2>\n<ul>\n<li><strong><a href=\"https:\/\/nl.211.ca\/recherche\/\" target=\"_blank\" rel=\"noopener\">NL 211<\/a><\/strong> &#8211; pour trouver des services communautaires et sociaux \u00e0 Terre-Neuve-et-Labrador<\/li>\n<li><a href=\"https:\/\/www.francotnl.ca\/fr\/services\/services-en-francais\/carte-services-francais\/\" target=\"_blank\" rel=\"noopener\"><b>Carte des services en fran\u00e7ais\u00a0<\/b><\/a><\/li>\n<li>Bureaux de <strong><a href=\"https:\/\/offices.service.canada.ca\/fr\" target=\"_blank\" rel=\"noopener\">Service Canada<\/a><\/strong><\/li>\n<\/ul>\n<p><a class=\"button style1\" style=\"margin-bottom: 35px;\" href=\"#top\">Haut de page<\/a><\/p>\n","protected":false},"excerpt":{"rendered":"<p>Besoin d&rsquo;aide pour trouver un conseiller en \u00e9tablissement apr\u00e8s l&rsquo;arriv\u00e9e des personnes parrain\u00e9es? Communiquez avec un membre de l&rsquo;\u00e9quipe du PFPR! Vous trouverez leurs coordonn\u00e9es sur cette page. Trouvez des [&hellip;]<\/p>\n","protected":false},"author":4,"featured_media":0,"parent":1298,"menu_order":0,"comment_status":"open","ping_status":"open","template":"","meta":{"_relevanssi_hide_post":"","_relevanssi_hide_content":"","_relevanssi_pin_for_all":"","_relevanssi_pin_keywords":"","_relevanssi_unpin_keywords":"","_relevanssi_related_keywords":"","_relevanssi_related_include_ids":"","_relevanssi_related_exclude_ids":"","_relevanssi_related_no_append":"","_relevanssi_related_not_related":"","_relevanssi_related_posts":"","_relevanssi_noindex_reason":"","passster_activate_protection":false,"passster_protect_child_pages":"","passster_protection_type":"password","passster_password":"","passster_activate_overwrite_defaults":"","passster_headline":"","passster_instruction":"","passster_placeholder":"","passster_button":"","passster_id":"","passster_activate_misc_settings":"","passster_redirect_url":"","passster_hide":"no","passster_area_shortcode":"","_price":"","_stock":"","_tribe_ticket_header":"","_tribe_default_ticket_provider":"","_tribe_ticket_capacity":"0","_ticket_start_date":"","_ticket_end_date":"","_tribe_ticket_show_description":"","_tribe_ticket_show_not_going":false,"_tribe_ticket_use_global_stock":"","_tribe_ticket_global_stock_level":"","_global_stock_mode":"","_global_stock_cap":"","_tribe_rsvp_for_event":"","_tribe_ticket_going_count":"","_tribe_ticket_not_going_count":"","_tribe_tickets_list":"[]","_tribe_ticket_has_attendee_info_fields":false,"footnotes":""},"meta_box":{"front_blocks":[]},"ticketed":false,"_links":{"self":[{"href":"https:\/\/www.rstp.ca\/fr\/wp-json\/wp\/v2\/pages\/2060"}],"collection":[{"href":"https:\/\/www.rstp.ca\/fr\/wp-json\/wp\/v2\/pages"}],"about":[{"href":"https:\/\/www.rstp.ca\/fr\/wp-json\/wp\/v2\/types\/page"}],"author":[{"embeddable":true,"href":"https:\/\/www.rstp.ca\/fr\/wp-json\/wp\/v2\/users\/4"}],"replies":[{"embeddable":true,"href":"https:\/\/www.rstp.ca\/fr\/wp-json\/wp\/v2\/comments?post=2060"}],"version-history":[{"count":19,"href":"https:\/\/www.rstp.ca\/fr\/wp-json\/wp\/v2\/pages\/2060\/revisions"}],"predecessor-version":[{"id":24263,"href":"https:\/\/www.rstp.ca\/fr\/wp-json\/wp\/v2\/pages\/2060\/revisions\/24263"}],"up":[{"embeddable":true,"href":"https:\/\/www.rstp.ca\/fr\/wp-json\/wp\/v2\/pages\/1298"}],"wp:attachment":[{"href":"https:\/\/www.rstp.ca\/fr\/wp-json\/wp\/v2\/media?parent=2060"}],"curies":[{"name":"wp","href":"https:\/\/api.w.org\/{rel}","templated":true}]}}