{"id":1690,"date":"2014-04-08T14:31:25","date_gmt":"2014-04-08T14:31:25","guid":{"rendered":"http:\/\/rstp.fantomdesign.net\/?page_id=1690"},"modified":"2014-07-31T13:34:42","modified_gmt":"2014-07-31T17:34:42","slug":"4-qui-peut-etre-parraine","status":"publish","type":"page","link":"https:\/\/www.rstp.ca\/fr\/parrainage-de-refugies\/groupe-des-cinq\/4-qui-peut-etre-parraine\/","title":{"rendered":"4. Qui peut \u00eatre parrain\u00e9?"},"content":{"rendered":"<p>La personne que vous souhaitez parrainer doit r\u00e9pondre aux crit\u00e8res d&rsquo;\u00e9ligibilit\u00e9 du programme de r\u00e9installation au Canada et aussi \u00eatre admissible au Canada en plus d&rsquo;avoir un groupe de gens qui sont pr\u00eats \u00e0 la parrainer.<\/p>\n<div class='content-column one_half'><div style=\"padding-right:20px;\"><p>Le parrainage des r\u00e9fugi\u00e9s est une solution de dernier recours. Le demandeur d&rsquo;asile doit d\u00e9montrer qu&rsquo;il \/ elle a essay\u00e9 tous les autres recours possibles pour obtenir la protection ; d&rsquo;abord, par les autorit\u00e9s de son pays d&rsquo;origine, ou, \u00e0 d\u00e9faut, dans le pays de refuge.<\/p>\n<p>D&rsquo;une mani\u00e8re g\u00e9n\u00e9rale, les personnes parrain\u00e9es dans le cadre du Programme de parrainage priv\u00e9 de r\u00e9fugi\u00e9s sont des personnes qui ont quitt\u00e9 leur pays d&rsquo;origine, dont la vie serait en danger s&rsquo;ils devaient retourner dans leur pays d&rsquo;origine et qui n&rsquo;ont pas d&rsquo;autres options.<\/p>\n<p>Pour les parrainages par un groupe de cinq, le demandeur d&rsquo;asile doit \u00e9galement \u00eatre reconnu comme r\u00e9fugi\u00e9 par l&rsquo;Etat ou le Haut Commissariat des Nations Unies pour les r\u00e9fugi\u00e9s (HCR). Un document photocopi\u00e9 montrant une preuve valide de reconnaissance comme r\u00e9fugi\u00e9 par le HCR ou un Etat \u00e9tranger devra \u00eatre inclus dans la demande.<\/p>\n<p>Il est important de garder \u00e0 l&rsquo;esprit que seules les personnes sont \u00e9ligibles au parrainage s&rsquo;elles remplissent toutes les conditions mentionn\u00e9es pr\u00e9c\u00e9demment.<\/p><\/div><\/div><div class='content-column one_half last_column'><p>Plus pr\u00e9cis\u00e9ment, la Loi sur l&rsquo;Immigration et la Protection des R\u00e9fugi\u00e9s (LIPR) d\u00e9crit deux cat\u00e9gories de personnes qui peuvent \u00eatre \u00e9ligibles au programme de r\u00e9installation humanitaire des r\u00e9fugi\u00e9s du Canada.<\/p>\n<p>Ces classes sont les suivantes:<\/p>\n<ol>\n<li>R\u00e9fugi\u00e9 au sens de la convention outre-fronti\u00e8res<\/li>\n<li>Personnes du pays d&rsquo;accueil<\/li>\n<\/ol>\n<p>Lorsque l&rsquo;on consid\u00e8re un individu pour le parrainage de r\u00e9fugi\u00e9s, demandez-vous:<\/p>\n<ul>\n<li>Est-ce qu&rsquo;ils r\u00e9pondent \u00e0 la d\u00e9finition de r\u00e9fugi\u00e9 au sens de la Convention outre-fronti\u00e8res ou le pays d&rsquo;accueil?<\/li>\n<li>Ont-ils fait l&rsquo;objet d&rsquo;une proc\u00e9dure de d\u00e9termination du statut de r\u00e9fugi\u00e9? Ont-ils re\u00e7u la reconnaissance du statut de r\u00e9fugi\u00e9 par le HCR ou l&rsquo;\u00c9tat?<\/li>\n<li>Peuvent-ils retourner dans leur pays en toute s\u00e9curit\u00e9 et dans la dignit\u00e9?<\/li>\n<li>Quelle est leur situation dans le pays d&rsquo;asile actuel? Pourquoi ne peuvent-ils pas vivre l\u00e0 o\u00f9 ils sont actuellement?<\/li>\n<li>Est-ce-que la r\u00e9installation au Canada est leur seule solution durable possible?<\/li>\n<\/ul><\/div><div class='clear_column'><\/div><\/p>\n<h2>En bref:<br \/>\nLes r\u00e9fugi\u00e9s qui sont d\u00e9j\u00e0 en Canada ne sont pas \u00e9ligibles \u00e0 \u00eatre parrain\u00e9s par le Programme de parrainage priv\u00e9 de r\u00e9fugi\u00e9s.<\/h2>\n<h2>Rappelez-vous:<br \/>\nL&rsquo;\u00e9ligibilit\u00e9 est seulement l&rsquo;\u00e9tape 1 pour d\u00e9terminer si quelqu&rsquo;un qualifie pour la r\u00e9installation au Canada en tant que r\u00e9fugi\u00e9.<br \/>\nApr\u00e8s une d\u00e9cision positive sur l\u2019\u00e9ligibilit\u00e9, les agents des visas doivent d\u00e9terminer si la personne est admissible: les contr\u00f4les, m\u00e9dical, de criminalit\u00e9 et de s\u00e9curit\u00e9.<\/h2>\n<p><a class=\"button style1\" style=\"margin-top: 25px;\" href=\"\/fr\/parrainage-de-refugies\/groupe-des-cinq\/3-besoins-financiers\/\">Pr\u00e9c\u00e9dent<\/a><a class=\"button style1\" style=\"margin-top: 25px;\" href=\"\/fr\/parrainage-de-refugies\/groupe-des-cinq\/5-vos-responsabilites\/\">Suivant<\/a><\/p>\n","protected":false},"excerpt":{"rendered":"<p>La personne que vous souhaitez parrainer doit r\u00e9pondre aux crit\u00e8res d&rsquo;\u00e9ligibilit\u00e9 du programme de r\u00e9installation au Canada et aussi \u00eatre admissible au Canada en plus d&rsquo;avoir un groupe de gens [&hellip;]<\/p>\n","protected":false},"author":4,"featured_media":1692,"parent":1190,"menu_order":3,"comment_status":"open","ping_status":"open","template":"","meta":{"_relevanssi_hide_post":"","_relevanssi_hide_content":"","_relevanssi_pin_for_all":"","_relevanssi_pin_keywords":"","_relevanssi_unpin_keywords":"","_relevanssi_related_keywords":"","_relevanssi_related_include_ids":"","_relevanssi_related_exclude_ids":"","_relevanssi_related_no_append":"","_relevanssi_related_not_related":"","_relevanssi_related_posts":"","_relevanssi_noindex_reason":"","passster_activate_protection":false,"passster_protect_child_pages":"","passster_protection_type":"password","passster_password":"","passster_activate_overwrite_defaults":"","passster_headline":"","passster_instruction":"","passster_placeholder":"","passster_button":"","passster_id":"","passster_activate_misc_settings":"","passster_redirect_url":"","passster_hide":"no","passster_area_shortcode":"","_price":"","_stock":"","_tribe_ticket_header":"","_tribe_default_ticket_provider":"","_tribe_ticket_capacity":"0","_ticket_start_date":"","_ticket_end_date":"","_tribe_ticket_show_description":"","_tribe_ticket_show_not_going":false,"_tribe_ticket_use_global_stock":"","_tribe_ticket_global_stock_level":"","_global_stock_mode":"","_global_stock_cap":"","_tribe_rsvp_for_event":"","_tribe_ticket_going_count":"","_tribe_ticket_not_going_count":"","_tribe_tickets_list":"[]","_tribe_ticket_has_attendee_info_fields":false,"footnotes":""},"meta_box":{"front_blocks":[]},"ticketed":false,"_links":{"self":[{"href":"https:\/\/www.rstp.ca\/fr\/wp-json\/wp\/v2\/pages\/1690"}],"collection":[{"href":"https:\/\/www.rstp.ca\/fr\/wp-json\/wp\/v2\/pages"}],"about":[{"href":"https:\/\/www.rstp.ca\/fr\/wp-json\/wp\/v2\/types\/page"}],"author":[{"embeddable":true,"href":"https:\/\/www.rstp.ca\/fr\/wp-json\/wp\/v2\/users\/4"}],"replies":[{"embeddable":true,"href":"https:\/\/www.rstp.ca\/fr\/wp-json\/wp\/v2\/comments?post=1690"}],"version-history":[{"count":5,"href":"https:\/\/www.rstp.ca\/fr\/wp-json\/wp\/v2\/pages\/1690\/revisions"}],"predecessor-version":[{"id":1982,"href":"https:\/\/www.rstp.ca\/fr\/wp-json\/wp\/v2\/pages\/1690\/revisions\/1982"}],"up":[{"embeddable":true,"href":"https:\/\/www.rstp.ca\/fr\/wp-json\/wp\/v2\/pages\/1190"}],"wp:featuredmedia":[{"embeddable":true,"href":"https:\/\/www.rstp.ca\/fr\/wp-json\/wp\/v2\/media\/1692"}],"wp:attachment":[{"href":"https:\/\/www.rstp.ca\/fr\/wp-json\/wp\/v2\/media?parent=1690"}],"curies":[{"name":"wp","href":"https:\/\/api.w.org\/{rel}","templated":true}]}}