{"id":1383,"date":"2014-04-04T11:03:58","date_gmt":"2014-04-04T11:03:58","guid":{"rendered":"http:\/\/rstp.fantomdesign.net\/?page_id=1383"},"modified":"2014-04-04T11:03:58","modified_gmt":"2014-04-04T11:03:58","slug":"liens","status":"publish","type":"page","link":"https:\/\/www.rstp.ca\/fr\/liens\/","title":{"rendered":"Liens"},"content":{"rendered":"<div class='content-column one_half'><div style=\"padding-right:20px;\"><p><a href=\"http:\/\/www.cic.gc.ca\/\" target=\"_blank\"><img loading=\"lazy\" decoding=\"async\" class=\"alignright size-full wp-image-522\" alt=\"cicenlogo\" src=\"http:\/\/www.rstp.ca\/wp-content\/uploads\/2014\/03\/cicenlogo.jpg\" width=\"229\" height=\"34\" \/><\/a><\/p><\/div><\/div><div class='content-column one_half last_column'><p><strong>Citoyennet\u00e9 et Immigration Canada<br \/>\n<\/strong><a href=\"http:\/\/www.cic.gc.ca\/francais\/refugies\/parrainer\/index.asp\" target=\"_blank\">Parrainer un r\u00e9fugi\u00e9<br \/>\n<\/a><a href=\"http:\/\/www.cic.gc.ca\/francais\/information\/demandes\/refugie-parrainage.asp\" target=\"_blank\">Parrainage de r\u00e9fugi\u00e9s<br \/>\n<\/a><a href=\"http:\/\/www.cic.gc.ca\/francais\/refugies\/parrainer\/pac.asp\" target=\"_blank\">Programme d\u2019aide conjointe<br \/>\n<\/a><a href=\"http:\/\/www.cic.gc.ca\/francais\/ressources\/publications\/ref-parrainage\/index.asp\" target=\"_blank\">Guide du Programme de parrainage priv\u00e9 de r\u00e9fugi\u00e9s<br \/>\n<\/a><a href=\"http:\/\/www.cic.gc.ca\/francais\/ressources\/guides\/op\/op05-fra.pdf\" target=\"_blank\">Guide op\u00e9rationnel \u2013 Traitement des demandes \u00e0 l\u2019\u00e9tranger (OP5)<br \/>\n<\/a><a href=\"http:\/\/www.cic.gc.ca\/francais\/ressources\/guides\/ip\/ip03-part4-fra.pdf\" target=\"_blank\">Guide op\u00e9rationnel \u2013 Traitement des demandes au Canada (IP3)<br \/>\n<\/a><a href=\"http:\/\/www.cic.gc.ca\/francais\/refugies\/parrainer\/liste-parrainage.asp\" target=\"_blank\">Signataires d\u2019une entente de parrainage (SEP)<br \/>\n<\/a><a href=\"http:\/\/laws-lois.justice.gc.ca\/fra\/lois\/I-2.5\/index.html\" target=\"_blank\">Loi sur l\u2019immigration et la protection des r\u00e9fugi\u00e9s (LIPR)<br \/>\n<\/a><a href=\"http:\/\/laws-lois.justice.gc.ca\/fra\/reglements\/DORS-2002-227\/index.html\" target=\"_blank\">R\u00e8glement sur l\u2019immigration et la protection des r\u00e9fugi\u00e9s (RIPR)<br \/>\n<\/a><a href=\"http:\/\/www.cic.gc.ca\/francais\/ressources\/recherche-stats.asp\" target=\"_blank\">Recherche et statistiques<br \/>\n<\/a><a href=\"http:\/\/www.immigration-quebec.gouv.qc.ca\/fr\/immigrer-installer\/refugies-autres\/index.html\" target=\"_blank\">Parrainage de r\u00e9fugi\u00e9s au Qu\u00e9bec<\/a><\/p><\/div><div class='clear_column'><\/div><div class='content-column one_half'><div style=\"padding-top:20px;padding-right:20px;\"><p><a href=\"http:\/\/www.cathcrosscultural.org\/index.html\" target=\"_blank\"><img loading=\"lazy\" decoding=\"async\" class=\"alignright size-full wp-image-520\" alt=\"slogo\" src=\"http:\/\/www.rstp.ca\/wp-content\/uploads\/2014\/03\/slogo.jpg\" width=\"110\" height=\"62\" \/><\/a><\/p><\/div><\/div><div class='content-column one_half last_column'><div style=\"padding-top:20px;\"><p><strong>Catholic Crosscultural Services<br \/>\n<\/strong><a href=\"http:\/\/www.cathcrosscultural.org\/index.html\" target=\"_blank\">Page d&rsquo;accueil<br \/>\n<\/a><a href=\"http:\/\/www.cathcrosscultural.org\/aboutus.html\" target=\"_blank\">\u00c0 propos de CCS<br \/>\n<\/a><a href=\"http:\/\/www.cathcrosscultural.org\/services.html\" target=\"_blank\">Programmes et services<\/a><\/p><\/div><\/div><div class='clear_column'><\/div><div class='content-column one_half'><div style=\"padding-top:20px;padding-right:20px;\"><p><a href=\"http:\/\/www.unhcr.org\/\" target=\"_blank\"><img loading=\"lazy\" decoding=\"async\" class=\"alignright size-full wp-image-512\" alt=\"unhcrlogo\" src=\"http:\/\/www.rstp.ca\/wp-content\/uploads\/2014\/03\/unhcrlogo.jpg\" width=\"110\" height=\"129\" \/><\/a><\/p><\/div><\/div><div class='content-column one_half last_column'><div style=\"padding-top:20px;\"><p><strong>Le HCR (l\u2019Agence des Nations Unies pour les r\u00e9fugi\u00e9s)<br \/>\n<\/strong><a href=\"http:\/\/www.unhcr.fr\/cgi-bin\/texis\/vtx\/home\/opendocPDFViewer.html?docid=5162da949&amp;query=reinstallation\" target=\"_blank\">Manuel de r\u00e9installation du HCR<br \/>\n<\/a><a href=\"http:\/\/www.unhcr.org\/5006aff49.html\" target=\"_blank\">Besoins globaux pr\u00e9vus en mati\u00e8re de r\u00e9installation 2013<br \/>\n<\/a><a href=\"http:\/\/www.refworld.org\/cgi-bin\/texis\/vtx\/rwmain?docid=\" target=\"_blank\">RefWorld<br \/>\n<\/a><a href=\"http:\/\/www.unhcr.org\/3bd58ce9a.html\" target=\"_blank\">Proc\u00e9dures de r\u00e9installation<br \/>\n<\/a><a href=\"http:\/\/www.unhcr.org\/cgi-bin\/texis\/vtx\/home\/opendocPDFViewer.html?docid=4ac0873d6&amp;query\" target=\"_blank\">Questions fr\u00e9quemment pos\u00e9es sur la r\u00e9installation<br \/>\n<\/a><a href=\"http:\/\/www.unhcr.org\/pages\/4a2cd39e6.html\" target=\"_blank\">Consultations annuelles tripartites sur la r\u00e9installation (ATCR)<br \/>\n<\/a><a href=\"http:\/\/www.refworld.org\/cgi-bin\/texis\/vtx\/rwmain\/opendocpdf.pdf?reldoc=y&amp;docid=4fc5ce2c2\" target=\"_blank\">Manuel de DSR du HCR<\/a><\/p><\/div><\/div><div class='clear_column'><\/div><div class='content-column one_half'><div style=\"padding-top:20px;padding-right:20px;\"><p><a href=\"http:\/\/www.iom.int\/\" target=\"_blank\"><img loading=\"lazy\" decoding=\"async\" class=\"alignright size-full wp-image-513\" alt=\"iomlogo\" src=\"http:\/\/www.rstp.ca\/wp-content\/uploads\/2014\/03\/iomlogo.jpg\" width=\"110\" height=\"108\" \/><\/a><\/p><\/div><\/div><div class='content-column one_half last_column'><div style=\"padding-top:20px;\"><p><strong>Organisation internationale pour les migrations (OIM)<br \/>\n<\/strong><a href=\"http:\/\/www.iom.int\/cms\/fr\/sites\/iom\/home.html\" target=\"_blank\">Page d&rsquo;accueil<br \/>\n<\/a><a href=\"http:\/\/www.iom.int\/cms\/en\/sites\/iom\/home\/what-we-do\/resettlement-assistance\/canadian-orientation-abroad-helping-fut.html\" target=\"_blank\">Orientation canadienne \u00e0 l&rsquo;\u00e9tranger (OCE)<br \/>\n<\/a><a href=\"http:\/\/www.iom.int\/cms\/fr\/sites\/iom\/home\/what-we-do\/resettlement-assistance.html\" target=\"_blank\">Aide \u00e0 la r\u00e9installation<br \/>\n<\/a><a href=\"http:\/\/www.iom.int\/cms\/fr\/sites\/iom\/home\/news-and-views\/feature-stories.html\" target=\"_blank\">Vid\u00e9os par l&rsquo;OIM<\/a><\/p><\/div><\/div><div class='clear_column'><\/div><div class='content-column one_half'><div style=\"padding-top:20px;padding-right:20px;\"><p><a href=\"http:\/\/www.icmc.net\/\" target=\"_blank\"><img loading=\"lazy\" decoding=\"async\" class=\"alignright size-full wp-image-514\" alt=\"icmclogo\" src=\"http:\/\/www.rstp.ca\/wp-content\/uploads\/2014\/03\/icmclogo.jpg\" width=\"110\" height=\"62\" \/><\/a><\/p><\/div><\/div><div class='content-column one_half last_column'><div style=\"padding-top:20px;\"><p><strong>Commission internationale catholique pour les migrations (CICM)<br \/>\n<\/strong><a href=\"http:\/\/www.icmc.net\/vue-densemble\" target=\"_blank\">\u00c0 propos de CICM<br \/>\n<\/a><a href=\"http:\/\/www.icmc.net\/pubs\/paving-way-a-handbook-reception-and-integration-resettled-refugees\" target=\"_blank\">Manuel sur l&rsquo;accueil et l&rsquo;int\u00e9gration des r\u00e9fugi\u00e9s r\u00e9install\u00e9s<br \/>\n<\/a><a href=\"http:\/\/www.icmc.net\/type\/refugee-resettlement\" target=\"_blank\">R\u00e9installation des r\u00e9fugi\u00e9s<br \/>\n<\/a><a href=\"http:\/\/www.unhcr.fr\/pages\/4aae621da1.html\" target=\"_blank\">Le Programme de d\u00e9ploiement HCR-CICM en mati\u00e8re de r\u00e9installation<\/a><\/p><\/div><\/div><div class='clear_column'><\/div><div class='content-column one_half'><div style=\"padding-top:20px;padding-right:20px;\"><p><a href=\"http:\/\/www.ccrweb.ca\/\"><img loading=\"lazy\" decoding=\"async\" class=\"alignright size-full wp-image-515\" alt=\"ccrlogo\" src=\"http:\/\/www.rstp.ca\/wp-content\/uploads\/2014\/03\/ccrlogo.jpg\" width=\"110\" height=\"70\" \/><\/a><\/p><\/div><\/div><div class='content-column one_half last_column'><div style=\"padding-top:20px;\"><p><strong>Conseil canadien pour les r\u00e9fugi\u00e9s<br \/>\n<\/strong><a href=\"http:\/\/ccrweb.ca\/fr\/accueil\" target=\"_blank\">Page d&rsquo;accueil<br \/>\n<\/a><a href=\"http:\/\/ccrweb.ca\/fr\/code-dethique-destine-aux-groupes-impliques-dans-le-parrainage-collectif-parrainage-prive-de\" target=\"_blank\">Code d&rsquo;\u00e9thique destin\u00e9 aux groupes impliqu\u00e9s dans le parrainage collectif<br \/>\n<\/a><a href=\"http:\/\/ccrweb.ca\/fr\/changes-private-sponsorship-refugees\" target=\"_blank\">Communiqu\u00e9 sur les modifications au Programme canadien de parrainage priv\u00e9 de r\u00e9fugi\u00e9s (PPPR)<br \/>\n<\/a><a href=\"http:\/\/ccrweb.ca\/fr\/group\/protection-outremer-et-parrainage\" target=\"_blank\">Groupe de travail sur la Protection outremer et le Parrainage<\/a><\/p><\/div><\/div><div class='clear_column'><\/div><\/p>\n","protected":false},"excerpt":{"rendered":"","protected":false},"author":4,"featured_media":0,"parent":0,"menu_order":0,"comment_status":"closed","ping_status":"closed","template":"","meta":{"_relevanssi_hide_post":"","_relevanssi_hide_content":"","_relevanssi_pin_for_all":"","_relevanssi_pin_keywords":"","_relevanssi_unpin_keywords":"","_relevanssi_related_keywords":"","_relevanssi_related_include_ids":"","_relevanssi_related_exclude_ids":"","_relevanssi_related_no_append":"","_relevanssi_related_not_related":"","_relevanssi_related_posts":"","_relevanssi_noindex_reason":"","passster_activate_protection":false,"passster_protect_child_pages":"","passster_protection_type":"password","passster_password":"","passster_activate_overwrite_defaults":"","passster_headline":"","passster_instruction":"","passster_placeholder":"","passster_button":"","passster_id":"","passster_activate_misc_settings":"","passster_redirect_url":"","passster_hide":"no","passster_area_shortcode":"","_price":"","_stock":"","_tribe_ticket_header":"","_tribe_default_ticket_provider":"","_tribe_ticket_capacity":"0","_ticket_start_date":"","_ticket_end_date":"","_tribe_ticket_show_description":"","_tribe_ticket_show_not_going":false,"_tribe_ticket_use_global_stock":"","_tribe_ticket_global_stock_level":"","_global_stock_mode":"","_global_stock_cap":"","_tribe_rsvp_for_event":"","_tribe_ticket_going_count":"","_tribe_ticket_not_going_count":"","_tribe_tickets_list":"[]","_tribe_ticket_has_attendee_info_fields":false,"footnotes":""},"meta_box":{"front_blocks":[]},"ticketed":false,"_links":{"self":[{"href":"https:\/\/www.rstp.ca\/fr\/wp-json\/wp\/v2\/pages\/1383"}],"collection":[{"href":"https:\/\/www.rstp.ca\/fr\/wp-json\/wp\/v2\/pages"}],"about":[{"href":"https:\/\/www.rstp.ca\/fr\/wp-json\/wp\/v2\/types\/page"}],"author":[{"embeddable":true,"href":"https:\/\/www.rstp.ca\/fr\/wp-json\/wp\/v2\/users\/4"}],"replies":[{"embeddable":true,"href":"https:\/\/www.rstp.ca\/fr\/wp-json\/wp\/v2\/comments?post=1383"}],"version-history":[{"count":1,"href":"https:\/\/www.rstp.ca\/fr\/wp-json\/wp\/v2\/pages\/1383\/revisions"}],"predecessor-version":[{"id":1384,"href":"https:\/\/www.rstp.ca\/fr\/wp-json\/wp\/v2\/pages\/1383\/revisions\/1384"}],"wp:attachment":[{"href":"https:\/\/www.rstp.ca\/fr\/wp-json\/wp\/v2\/media?parent=1383"}],"curies":[{"name":"wp","href":"https:\/\/api.w.org\/{rel}","templated":true}]}}