{"id":1379,"date":"2024-06-20T13:35:08","date_gmt":"2024-06-20T18:35:08","guid":{"rendered":"http:\/\/rstp.fantomdesign.net\/?page_id=1379"},"modified":"2026-01-20T11:19:47","modified_gmt":"2026-01-20T16:19:47","slug":"contactez-nous","status":"publish","type":"page","link":"https:\/\/www.rstp.ca\/fr\/contactez-nous\/","title":{"rendered":"Contactez-nous"},"content":{"rendered":"<p><span style=\"color: #000000;\">Appelez la ligne d&rsquo;assistance sans frais du PFPR si vous avez besoin de parler \u00e0 un formateur du PFPR (du lundi au vendredi de 9 h \u00e0 19 h, heure de l&rsquo;Est) : <\/span> <strong><span style=\"color: #ff6600;\">1-877-290-1701<\/span><\/strong><\/p>\n<hr \/>\n<h2><span style=\"color: #000000;\"><strong>Rencontrez les membres de notre \u00e9quipe!<\/strong><\/span><\/h2>\n<div style=\"width: 960px;\" class=\"wp-video\"><!--[if lt IE 9]><script>document.createElement('video');<\/script><![endif]-->\n<video class=\"wp-video-shortcode\" id=\"video-1379-1\" width=\"960\" height=\"540\" preload=\"metadata\" controls=\"controls\"><source type=\"video\/mp4\" src=\"https:\/\/www.rstp.ca\/wp-content\/uploads\/2025\/05\/PFPR-carte-des-formateurs-au-canada_FR_May2025.mp4?_=1\" \/><a href=\"https:\/\/www.rstp.ca\/wp-content\/uploads\/2025\/05\/PFPR-carte-des-formateurs-au-canada_FR_May2025.mp4\">https:\/\/www.rstp.ca\/wp-content\/uploads\/2025\/05\/PFPR-carte-des-formateurs-au-canada_FR_May2025.mp4<\/a><\/video><\/div>\n<p>&nbsp;<\/p>\n<p>Le PFPR offre des services dans les deux langues officielles du Canada. Cliquez sur le lien ci-dessous pour trouver les coordonn\u00e9es des membres de notre \u00e9quipe francophones.<\/p>\n<div id=\"wp-spoiler-1\" class=\"accordion-box\" data-style=\"first\">  <p class=\"accordion-title\">Personnel francophone<\/p><div class=\"accordion-body\"><\/p>\n<p><strong>Florence Barabonerana, formation en fran\u00e7ais <\/strong>| <a href=\"mailto:fbarabonerana@rstp.ca\">fbarabonerana@rstp.ca<\/a><\/p>\n<p><strong>Michelle Ndizeye, coordination des services en fran\u00e7ais | <\/strong><a href=\"mailto:mndizeye@rstp.ca\" target=\"_blank\" rel=\"noopener\">mndizeye@rstp.ca<\/a><\/p>\n<p><\/div>  <\/div><!-- end div.wp-spoiler -->\n<p>&nbsp;<\/p>\n<p>Il y a un formateur anglophone du PFPR dans la majorit\u00e9 des grandes villes du Canada. Cliquez sur votre province pour trouver les coordonn\u00e9es des formateurs pr\u00e8s de chez vous.<\/p>\n<div id=\"wp-spoiler-2\" class=\"accordion-box\" data-style=\"wpui-light\">  <p class=\"accordion-title\">Alberta<\/p><div class=\"accordion-body\"><\/p>\n<p><strong>Calgary\u00a0:<\/strong><\/p>\n<p>Anoush Newman | <a title=\"mailto:mnewman@rstp.ca\" contenteditable=\"false\" href=\"mailto:mnewman@rstp.ca\">mnewman@rstp.ca<\/a><\/p>\n<p>a\/s de Calgary Catholic Immigration Society (CCIS) office<br \/>\n1111 \u2013 11 Ave, SW<br \/>\nCalgary, AB<br \/>\nT2R 0G5<\/p>\n<p><strong>Edmonton\u00a0:<\/strong><\/p>\n<p>Meghri Nerses | <a href=\"mailto:mnerses@rstp.ca\">mnerses@rstp.ca<\/a><\/p>\n<p>a\/s de Catholic Social Services,<br \/>\n8212 118 Ave NW,<br \/>\nEdmonton, AB<br \/>\nT5B 0S3<\/p>\n<p>&nbsp;<\/p>\n<p><\/div>  <\/div><!-- end div.wp-spoiler -->\n<div id=\"wp-spoiler-3\" class=\"accordion-box\" data-style=\"wpui-light\">  <p class=\"accordion-title\">Colombie-Britannique<\/p><div class=\"accordion-body\"><\/p>\n<p>Gizol Timoor Shah | <a title=\"mailto:gshah@rstp.ca\" href=\"mailto:gshah@rstp.ca\" data-ogsc=\"\">gshah@rstp.ca<\/a><\/p>\n<p>a\/s de MOSAIC<\/p>\n<p>Bureau principal<br \/>\n5575 Boundary Road<br \/>\nVancouver, BC<br \/>\nV5R 2P9<\/p>\n<p>&nbsp;<\/p>\n<p><\/div>  <\/div><!-- end div.wp-spoiler -->\n<div id=\"wp-spoiler-4\" class=\"accordion-box\" data-style=\"wpui-light\">  <p class=\"accordion-title\">Manitoba<\/p><div class=\"accordion-body\"><\/p>\n<p>Hilina Shiwaye\u00a0<strong>| <\/strong><a href=\"mailto:hshiwaye@rstp.ca\">hshiwaye@rstp.ca<\/a><br \/>\na\/s de Welcome Place<br \/>\n521 Bannatyne Ave<br \/>\nWinnipeg, MB<br \/>\nR3A 0E4<\/p>\n<p><\/div>  <\/div><!-- end div.wp-spoiler -->\n<div id=\"wp-spoiler-5\" class=\"accordion-box\" data-style=\"wpui-light\">  <p class=\"accordion-title\">\u00cele-du-Prince-\u00c9douard, Nouveau-Brunswick, Nouvelle-\u00c9cosse et Terre-Neuve-et-Labrador<\/p><div class=\"accordion-body\"><\/p>\n<p>Tim Burnham | <a href=\"mailto:tburnham@rstp.ca\">tburnham@rstp.ca<\/a><\/p>\n<p>a\/s de l&rsquo;Association multiculturelle de Fredericton<\/p>\n<p>28, rue Saunders<\/p>\n<p>Fredericton (NB)<\/p>\n<p>E3B 1N1<\/p>\n<p>et<\/p>\n<p>Le Centre des nouveaux arrivants de Saint-Jean<br \/>\n75, rue Prince William<br \/>\nSaint-Jean (NB)<br \/>\nE2L 2B2<\/p>\n<p>&nbsp;<\/p>\n<p><\/div>  <\/div><!-- end div.wp-spoiler -->\n<div id=\"wp-spoiler-6\" class=\"accordion-box\" data-style=\"wpui-light\">  <p class=\"accordion-title\">Ontario<\/p><div class=\"accordion-body\"><\/p>\n<p><strong>R\u00e9gion du Grand Toronto :<\/strong><\/p>\n<p><span data-ogsc=\"rgb(47, 85, 151)\">Lubna Bajjali | <a href=\"mailto:lbajjali@rstp.ca\" data-ogsc=\"\">lbajjali@rstp.ca<\/a><\/span><\/p>\n<p style=\"font-weight: 400;\"><span data-ogsc=\"rgb(47, 85, 151)\">May Amouri | <a href=\"mailto:babraha@rstp.ca\" data-ogsc=\"\">mamouri@rstp.ca<\/a><\/span><\/p>\n<p><strong>Sud de l&rsquo;Ontario :<\/strong><\/p>\n<p><span data-ogsc=\"rgb(47, 85, 151)\">Said Nixon Bangura | <a href=\"mailto:sbangura@rstp.ca\">sbangura@rstp.ca<\/a><\/span><\/p>\n<p><\/div>  <\/div><!-- end div.wp-spoiler -->\n<div id=\"wp-spoiler-7\" class=\"accordion-box\" data-style=\"wpui-light\">  <p class=\"accordion-title\">Qu\u00e9bec<\/p><div class=\"accordion-body\"><\/p>\n<p>Si vous habitez au Qu\u00e9bec, consultez la page concernant le <a href=\"https:\/\/www.quebec.ca\/immigration\/refugies-demandeurs-asile\/parrainage-collectif\/apercu-du-programme\/parrainer-personne-refugiee\" target=\"_blank\" rel=\"noopener\">parrainage collectif des personnes r\u00e9fugi\u00e9es \u00e0 l\u2019\u00e9tranger<\/a>\u00a0du minist\u00e8re qu\u00e9b\u00e9cois responsable de l\u2019immigration.\u00a0Le PFPR n\u2019est pas en mesure de fournir des renseignements aux groupes de parrainage au Qu\u00e9bec.<\/p>\n<p><\/div>  <\/div><!-- end div.wp-spoiler -->\n<div id=\"wp-spoiler-8\" class=\"accordion-box\" data-style=\"wpui-light\">  <p class=\"accordion-title\">Saskatchewan<\/p><div class=\"accordion-body\"><\/p>\n<p>Helen Smith-McIntyre <span data-ogsc=\"rgb(47, 85, 151)\"> |\u00a0<\/span><a href=\"mailto:hsmithmcintyre@rstp.ca\">hsmithmcintyre@rstp.ca<\/a><br \/>\na\/s de Newcomer Information Centre<br \/>\n106 \u2013 129 3rd Avenue North<br \/>\nSaskatoon, SK<br \/>\nS7K 2H4<\/p>\n<p><\/div>  <\/div><!-- end div.wp-spoiler -->\n<p>&nbsp;<\/p>\n<p>Les membres suivants de notre \u00e9quipe sont responsables des programmes nationaux.<\/p>\n<div id=\"wp-spoiler-9\" class=\"accordion-box\" data-style=\"wpui-light\">  <p class=\"accordion-title\">Formateurs nationaux<\/p><div class=\"accordion-body\"><\/p>\n<p>&nbsp;<\/p>\n<p><strong>Coordination des services en fran\u00e7ais<\/strong> : Michelle Ndizeye | <a href=\"mailto:mndizeye@rstp.ca\" target=\"_blank\" rel=\"noopener\">mndizeye@rstp.ca<\/a><\/p>\n<p><strong>Formation en fran\u00e7ais :<\/strong> Florence Barabonerana | <a href=\"mailto:fbarabonerana@rstp.ca\">fbarabonerana@rstp.ca<\/a><\/p>\n<p><strong>Coordination de la formation en ligne :\u00a0<\/strong> Serena Richardson | <a href=\"mailto:etraining@rstp.ca\">etraining@rstp.ca<\/a><\/p>\n<p><strong>Facilitation du renforcement des capacit\u00e9s des SEP : <\/strong>Evelyn Jones | <a href=\"mailto:ejones@rstp.ca\">ejones@rstp.ca<\/a><\/p>\n<p><strong>Responsable du Programme mixte des r\u00e9fugi\u00e9s d\u00e9sign\u00e9s par un bureau des visas (RDBV)\u00a0:\u00a0<\/strong><\/p>\n<p>Parastoo Aznavehzadeh | <a href=\"mailto:pmarshall@rstp.ca\">paznavehzadeh@rstp.ca<\/a> ou <a href=\"mailto:bvor@rstp.ca\">bvor@rstp.ca<\/a><\/p>\n<p><strong>Conception de curriculum :<\/strong> Christina Hamer | <a href=\"mailto:chamer@rstp.ca\">chamer@rstp.ca<\/a><\/p>\n<p><strong>Coordination des communications et du marketing :<\/strong><\/p>\n<p>Saba Shahsiah | <a href=\"mailto:fbaahnkrumah@rstp.ca\">sshahsiah@rstp.ca<\/a><\/p>\n<p><strong>Gestion de la formation : <\/strong>Ekaterina Pak | <a href=\"mailto:epak@rstp.ca\">epak@rstp.ca<\/a><\/p>\n<p>a \/ s du bureau principal de MOSAIC, 5575 Boundary Road, Vancouver, BC, V5R 2P9<\/p>\n<p><strong>Gestion des initiatives sp\u00e9ciales :<\/strong> Suneet Kharay| <a href=\"mailto:skharay@rstp.ca\">skharay@rstp.ca<\/a><\/p>\n<p><\/div>  <\/div><!-- end div.wp-spoiler -->\n<p>&nbsp;<\/p>\n<p>Le <strong>bureau principal du PFPR<\/strong> se situe \u00e0\u00a0:<\/p>\n<p style=\"padding-left: 30px;\">Catholic Crosscultural Services<br \/>\n55 Town Centre Court, bureau 401<br \/>\nToronto, ON M1P 4X4<br \/>\nCanada<\/p>\n","protected":false},"excerpt":{"rendered":"<p>Appelez la ligne d&rsquo;assistance sans frais du PFPR si vous avez besoin de parler \u00e0 un formateur du PFPR (du lundi au vendredi de 9 h \u00e0 19 h, heure [&hellip;]<\/p>\n","protected":false},"author":4,"featured_media":0,"parent":0,"menu_order":9,"comment_status":"closed","ping_status":"closed","template":"","meta":{"_relevanssi_hide_post":"","_relevanssi_hide_content":"","_relevanssi_pin_for_all":"","_relevanssi_pin_keywords":"","_relevanssi_unpin_keywords":"","_relevanssi_related_keywords":"","_relevanssi_related_include_ids":"","_relevanssi_related_exclude_ids":"","_relevanssi_related_no_append":"","_relevanssi_related_not_related":"","_relevanssi_related_posts":"","_relevanssi_noindex_reason":"","passster_activate_protection":false,"passster_protect_child_pages":"","passster_protection_type":"password","passster_password":"","passster_activate_overwrite_defaults":"","passster_headline":"","passster_instruction":"","passster_placeholder":"","passster_button":"","passster_id":"","passster_activate_misc_settings":"","passster_redirect_url":"","passster_hide":"no","passster_area_shortcode":"","_price":"","_stock":"","_tribe_ticket_header":"","_tribe_default_ticket_provider":"","_tribe_ticket_capacity":"0","_ticket_start_date":"","_ticket_end_date":"","_tribe_ticket_show_description":"","_tribe_ticket_show_not_going":false,"_tribe_ticket_use_global_stock":"","_tribe_ticket_global_stock_level":"","_global_stock_mode":"","_global_stock_cap":"","_tribe_rsvp_for_event":"","_tribe_ticket_going_count":"","_tribe_ticket_not_going_count":"","_tribe_tickets_list":"[]","_tribe_ticket_has_attendee_info_fields":false,"footnotes":""},"meta_box":{"front_blocks":[]},"ticketed":false,"_links":{"self":[{"href":"https:\/\/www.rstp.ca\/fr\/wp-json\/wp\/v2\/pages\/1379"}],"collection":[{"href":"https:\/\/www.rstp.ca\/fr\/wp-json\/wp\/v2\/pages"}],"about":[{"href":"https:\/\/www.rstp.ca\/fr\/wp-json\/wp\/v2\/types\/page"}],"author":[{"embeddable":true,"href":"https:\/\/www.rstp.ca\/fr\/wp-json\/wp\/v2\/users\/4"}],"replies":[{"embeddable":true,"href":"https:\/\/www.rstp.ca\/fr\/wp-json\/wp\/v2\/comments?post=1379"}],"version-history":[{"count":57,"href":"https:\/\/www.rstp.ca\/fr\/wp-json\/wp\/v2\/pages\/1379\/revisions"}],"predecessor-version":[{"id":24306,"href":"https:\/\/www.rstp.ca\/fr\/wp-json\/wp\/v2\/pages\/1379\/revisions\/24306"}],"wp:attachment":[{"href":"https:\/\/www.rstp.ca\/fr\/wp-json\/wp\/v2\/media?parent=1379"}],"curies":[{"name":"wp","href":"https:\/\/api.w.org\/{rel}","templated":true}]}}