{"id":1367,"date":"2014-04-04T10:57:42","date_gmt":"2014-04-04T10:57:42","guid":{"rendered":"http:\/\/rstp.fantomdesign.net\/?page_id=1367"},"modified":"2020-10-01T16:52:39","modified_gmt":"2020-10-01T20:52:39","slug":"pratiques-exemplaires","status":"publish","type":"page","link":"https:\/\/www.rstp.ca\/fr\/ressources\/pratiques-exemplaires\/","title":{"rendered":"Pratiques exemplaires"},"content":{"rendered":"<p>La s\u00e9rie des pratiques exemplaires vise \u00e0 documenter et partager les meilleures pratiques et prometteuses au sein de la communaut\u00e9 du parrainage des r\u00e9fugi\u00e9s au Canada. Les pratiques sont compil\u00e9es et pr\u00e9sent\u00e9es dans la s\u00e9rie des pratiques exemplaires. Ils ont \u00e9t\u00e9 publi\u00e9s en anglais.<\/p>\n<p><strong><a href=\"\/wp-content\/uploads\/2014\/03\/\/bestpracticevol1.pdf\"><img loading=\"lazy\" decoding=\"async\" class=\"alignleft size-full wp-image-885\" style=\"margin-right: 20px;\" src=\"http:\/\/www.rstp.ca\/wp-content\/uploads\/2014\/03\/bestprac1img.jpg\" alt=\"bestprac1img\" width=\"130\" height=\"180\" \/>Best Practices Vol. I<\/a><br \/>\n<\/strong>Publi\u00e9 2009<strong><br \/>\n<\/strong><\/p>\n<p>La premi\u00e8re publication de la s\u00e9rie des pratiques exemplaires est un ensemble de pratiques de diverses organisations signataires d&rsquo;entente de parrainage qui sont organis\u00e9es par th\u00e8me en rapport avec le traitement des demandes des cas, les \u00e9valuations des cas, le suivi des cas, travailler avec les groupes constitutifs et les partenaires de parrainage, l\u2019aide \u00e0 l\u2019\u00e9tablissement, et le d\u00e9veloppement des capacit\u00e9s ainsi que la collecte de fonds.<\/p>\n<p>&nbsp;<\/p>\n<p><strong><a href=\"\/wp-content\/uploads\/2014\/03\/bestpracticevol2.pdf\"><img loading=\"lazy\" decoding=\"async\" class=\"alignleft size-full wp-image-886\" style=\"margin-right: 20px;\" src=\"http:\/\/www.rstp.ca\/wp-content\/uploads\/2014\/03\/bestprac2img.jpg\" alt=\"bestprac2img\" width=\"130\" height=\"178\" \/>Best Practices Vol. II &#8211; Building and Strenghtening Community Supports<\/a><br \/>\n<\/strong>Publi\u00e9 2012<strong><br \/>\n<\/strong><\/p>\n<p>Dans ce volume, les signataires d&rsquo;entente, les partenaires de parrainage, les groupes constitutifs, un groupe de cinq et les partenaires communautaires \u00e0 travers le Canada partagent leurs r\u00e9flexions, exp\u00e9riences et approches d\u2019innovation dans le cadre de la pr\u00e9paration et l\u2019engagement des groupes constitutifs et les communaut\u00e9s locales pour l\u2019aide \u00e0 l\u2019\u00e9tablissement des r\u00e9fugi\u00e9s parrain\u00e9s par le secteur priv\u00e9 . Il comprend 15 meilleurs articles pratiques ou prometteurs qui visent \u00e0 sensibiliser, \u00e9duquer le public, faire participer les membres de la communaut\u00e9, mobiliser, soutenir et encourager de nouveaux partenariats dans ce contexte plus large.<\/p>\n<p>&nbsp;<\/p>\n<p><strong><a href=\"\/wp-content\/uploads\/2014\/03\/Best-Practice-Vol-4-Knowledge-Sharing-Document.pdf\"><img loading=\"lazy\" decoding=\"async\" class=\"alignleft size-full wp-image-884\" style=\"margin-right: 20px;\" src=\"http:\/\/www.rstp.ca\/wp-content\/uploads\/2014\/03\/Best-Prcatice-IV-Knowledge-Sharing-Document-150x150.jpg\" alt=\"Best Prcatice IV - Knowledge-Sharing Document\" width=\"130\" height=\"178\" \/>Best Practices Vol. IV &#8211; Sponsoring\u00a0Agreement Holders working with Constituent Groups and Co-sponsors<\/a><br \/>\n<\/strong>Publi\u00e9 2015<\/p>\n<p>Ce document de partage de pratiques se concentre sur cinq domaines cl\u00e9s : 1) comment les SEP peuvent recruter et \u00e9valuer des GC et des co-r\u00e9pondants potentiels; 2) quelle partie au parrainage devrait remplir les formulaires de demande; 3) les ententes financi\u00e8res conclues entre le SEP, les GC et les co-r\u00e9pondants; 4) les r\u00f4les et responsabilit\u00e9s de chaque partie au parrainage en ce qui concerne le soutien \u00e0 l&rsquo;\u00e9tablissement fourni aux nouveaux arrivants; 5)\u00a0 les d\u00e9fis et les avantages de la collaboration avec des GC et des co-r\u00e9pondants.<\/p>\n","protected":false},"excerpt":{"rendered":"<p>La s\u00e9rie des pratiques exemplaires vise \u00e0 documenter et partager les meilleures pratiques et prometteuses au sein de la communaut\u00e9 du parrainage des r\u00e9fugi\u00e9s au Canada. Les pratiques sont compil\u00e9es [&hellip;]<\/p>\n","protected":false},"author":4,"featured_media":0,"parent":1355,"menu_order":3,"comment_status":"open","ping_status":"open","template":"","meta":{"_relevanssi_hide_post":"","_relevanssi_hide_content":"","_relevanssi_pin_for_all":"","_relevanssi_pin_keywords":"","_relevanssi_unpin_keywords":"","_relevanssi_related_keywords":"","_relevanssi_related_include_ids":"","_relevanssi_related_exclude_ids":"","_relevanssi_related_no_append":"","_relevanssi_related_not_related":"","_relevanssi_related_posts":"","_relevanssi_noindex_reason":"","passster_activate_protection":false,"passster_protect_child_pages":"","passster_protection_type":"password","passster_password":"","passster_activate_overwrite_defaults":"","passster_headline":"","passster_instruction":"","passster_placeholder":"","passster_button":"","passster_id":"","passster_activate_misc_settings":"","passster_redirect_url":"","passster_hide":"no","passster_area_shortcode":"","_price":"","_stock":"","_tribe_ticket_header":"","_tribe_default_ticket_provider":"","_tribe_ticket_capacity":"0","_ticket_start_date":"","_ticket_end_date":"","_tribe_ticket_show_description":"","_tribe_ticket_show_not_going":false,"_tribe_ticket_use_global_stock":"","_tribe_ticket_global_stock_level":"","_global_stock_mode":"","_global_stock_cap":"","_tribe_rsvp_for_event":"","_tribe_ticket_going_count":"","_tribe_ticket_not_going_count":"","_tribe_tickets_list":"[]","_tribe_ticket_has_attendee_info_fields":false,"footnotes":""},"meta_box":{"front_blocks":[]},"ticketed":false,"_links":{"self":[{"href":"https:\/\/www.rstp.ca\/fr\/wp-json\/wp\/v2\/pages\/1367"}],"collection":[{"href":"https:\/\/www.rstp.ca\/fr\/wp-json\/wp\/v2\/pages"}],"about":[{"href":"https:\/\/www.rstp.ca\/fr\/wp-json\/wp\/v2\/types\/page"}],"author":[{"embeddable":true,"href":"https:\/\/www.rstp.ca\/fr\/wp-json\/wp\/v2\/users\/4"}],"replies":[{"embeddable":true,"href":"https:\/\/www.rstp.ca\/fr\/wp-json\/wp\/v2\/comments?post=1367"}],"version-history":[{"count":4,"href":"https:\/\/www.rstp.ca\/fr\/wp-json\/wp\/v2\/pages\/1367\/revisions"}],"predecessor-version":[{"id":12507,"href":"https:\/\/www.rstp.ca\/fr\/wp-json\/wp\/v2\/pages\/1367\/revisions\/12507"}],"up":[{"embeddable":true,"href":"https:\/\/www.rstp.ca\/fr\/wp-json\/wp\/v2\/pages\/1355"}],"wp:attachment":[{"href":"https:\/\/www.rstp.ca\/fr\/wp-json\/wp\/v2\/media?parent=1367"}],"curies":[{"name":"wp","href":"https:\/\/api.w.org\/{rel}","templated":true}]}}