{"id":1364,"date":"2014-04-04T10:56:54","date_gmt":"2014-04-04T10:56:54","guid":{"rendered":"http:\/\/rstp.fantomdesign.net\/?page_id=1364"},"modified":"2026-03-15T14:01:19","modified_gmt":"2026-03-15T19:01:19","slug":"brochures-et-depliants","status":"publish","type":"page","link":"https:\/\/www.rstp.ca\/fr\/ressources\/brochures-et-depliants\/","title":{"rendered":"Brochures et livrets"},"content":{"rendered":"<div class=\"color10-bg\" style=\"margin-bottom: 30px; padding: 35px 35px 10px 35px;\">\n<p><strong><span style=\"color: #ff0000;\">IMPORTANT!<\/span><\/strong> Immigration, R\u00e9fugi\u00e9s et Citoyennet\u00e9 Canada (IRCC) a temporairement cess\u00e9 d\u2019accepter les nouvelles demandes des Groupes de cinq et des R\u00e9pondants communautaires dans le cadre du Programme de parrainage priv\u00e9 de r\u00e9fugi\u00e9s (PPPR) depuis le <strong> 29 novembre 2024 <\/strong>. <\/p>\n<p>Bien que cette mesure demeurera en vigueur jusqu\u2019au <strong> 31 d\u00e9cembre 2026<\/strong>, IRCC continuera de traiter les demandes du PPPR qui ont \u00e9t\u00e9 re\u00e7ues avant le 29 novembre 2024 et de r\u00e9installer les r\u00e9fugi\u00e9s parrain\u00e9s au Canada. Vous trouverez <strong>de plus amples renseignements<\/strong> <a href=\"https:\/\/www.rstp.ca\/fr\/refugee-sponsorship\/latest-policy-program-update\/prolongation-de-la-suspension-temporaire-jusquau-31-decembre-2026-des-nouvelles-demandes-presentees-par-les-groupes-de-cinq-et-les-repondants-communautaires-dans-le-cadre-du-programme-de-parrainage\/\" target=\"_blank\" rel=\"noopener\">ici<\/a>. <\/p>\n<\/div>\n<div class='content-column one_half'><div style=\"padding-right:20px;\"><p><a href=\"https:\/\/www.rstp.ca\/wp-content\/uploads\/2019\/07\/RSTP-Brochure_FR-2019.pdf\" target=\"_blank\" rel=\"noopener\"><img loading=\"lazy\" decoding=\"async\" class=\"alignleft\" src=\"https:\/\/www.rstp.ca\/wp-content\/uploads\/2019\/07\/RSTP-Brochure_ENG-2019.jpg\" alt=\"\" width=\"80\" height=\"143\" \/><\/a><strong><a href=\"https:\/\/www.rstp.ca\/wp-content\/uploads\/2019\/07\/RSTP-Brochure_FR-2019.pdf\" target=\"_blank\" rel=\"noopener\">D\u00e9pliant sur le Programme de formation sur le parrainage priv\u00e9 des r\u00e9fugi\u00e9s (PFPR)<\/a> (2019)<\/strong><\/p>\n<p>Ce d\u00e9pliant donne un aper\u00e7u des objectifs, activit\u00e9s et coordonn\u00e9es du Programme de formation sur le parrainage priv\u00e9 des r\u00e9fugi\u00e9s.<\/p><\/div><\/div><div class='content-column one_half last_column'><p><a href=\"https:\/\/www.rstp.ca\/wp-content\/uploads\/2019\/07\/Workplace-Sponsorship_FR-2019-1.pdf\" target=\"_blank\" rel=\"noopener\"><img loading=\"lazy\" decoding=\"async\" class=\"alignleft\" src=\"https:\/\/www.rstp.ca\/wp-content\/uploads\/2019\/07\/Workplace-Sponsorship-ENG-2019.jpg\" alt=\"\" width=\"80\" height=\"143\" \/><\/a><strong><a href=\"https:\/\/www.rstp.ca\/wp-content\/uploads\/2019\/07\/Workplace-Sponsorship_FR-2019-1.pdf\" target=\"_blank\" rel=\"noopener\">Le parrainage par un groupe de coll\u00e8gues<\/a> (2019)<\/strong><\/p>\n<p>Les employ\u00e9s et employeurs peuvent former des groupes pour parrainer des r\u00e9fugi\u00e9s et les aider \u00e0 s\u2019int\u00e9grer dans leur nouvelle communaut\u00e9. Ce d\u00e9pliant vous explique comment vous y prendre.<\/p><\/div><div class='clear_column'><\/div><\/p>\n<div class='content-column one_half'><div style=\"padding-right:20px;\"><p><strong><a href=\"https:\/\/www.rstp.ca\/wp-content\/uploads\/2020\/11\/Devenir-SEP-Brochure-nov.2020.pdf\"><img loading=\"lazy\" decoding=\"async\" class=\"wp-image-12821 alignleft\" src=\"https:\/\/www.rstp.ca\/wp-content\/uploads\/2020\/11\/Devenir-SEP-Brochure-nov.2020.jpg.jpg\" alt=\"\" width=\"80\" height=\"123\" srcset=\"https:\/\/www.rstp.ca\/wp-content\/uploads\/2020\/11\/Devenir-SEP-Brochure-nov.2020.jpg.jpg 1100w, https:\/\/www.rstp.ca\/wp-content\/uploads\/2020\/11\/Devenir-SEP-Brochure-nov.2020.jpg-194x300.jpg 194w, https:\/\/www.rstp.ca\/wp-content\/uploads\/2020\/11\/Devenir-SEP-Brochure-nov.2020.jpg-768x1187.jpg 768w, https:\/\/www.rstp.ca\/wp-content\/uploads\/2020\/11\/Devenir-SEP-Brochure-nov.2020.jpg-663x1024.jpg 663w, https:\/\/www.rstp.ca\/wp-content\/uploads\/2020\/11\/Devenir-SEP-Brochure-nov.2020.jpg-16x24.jpg 16w, https:\/\/www.rstp.ca\/wp-content\/uploads\/2020\/11\/Devenir-SEP-Brochure-nov.2020.jpg-23x36.jpg 23w, https:\/\/www.rstp.ca\/wp-content\/uploads\/2020\/11\/Devenir-SEP-Brochure-nov.2020.jpg-31x48.jpg 31w\" sizes=\"(max-width: 80px) 100vw, 80px\" \/><\/a><\/strong><strong><a href=\"https:\/\/www.rstp.ca\/wp-content\/uploads\/2021\/04\/Devenir-SEP-Brochure-avr.2021.pdf\">Devenir un Signataire d&rsquo;entente de parrainage\u00a0<\/a><\/strong><strong>(2021)<\/strong><\/p>\n<p>Cette brochure fournit des renseignements sur comment devenir un Signataire d&rsquo;entente de parrainage (SEP). Elle aborde les crit\u00e8res d&rsquo;admissibilit\u00e9, les conditions financi\u00e8res et le processus de demande.<\/p><\/div><\/div><div class='content-column one_half last_column'><p><a href=\"https:\/\/www.rstp.ca\/wp-content\/uploads\/2018\/11\/Groupes-de-cinq-brochure-nov2018.pdf\"><img loading=\"lazy\" decoding=\"async\" class=\"alignleft wp-image-864 size-full\" style=\"margin-right: 20px;\" src=\"https:\/\/www.rstp.ca\/wp-content\/uploads\/2014\/03\/g5brochimg.jpg\" alt=\"g5brochimg\" width=\"80\" height=\"137\" \/><\/a><strong><a href=\"https:\/\/www.rstp.ca\/en\/ressources\/brochures-et-depliants\/groupes-de-cinq-brochure-rev-mars2019\/\" target=\"_blank\" rel=\"attachment noopener wp-att-9692\">Groupes de cinq<\/a> (2019)<\/strong><\/p>\n<p>Cette brochure d&rsquo;information donne un aper\u00e7u du Programme de parrainage priv\u00e9 de r\u00e9fugi\u00e9s ainsi que des Groupes de cinq. Elle aborde la formation du groupe, l\u2019admissibilit\u00e9 du groupe et les crit\u00e8res financiers.<\/p>\n<p>&nbsp;<\/p><\/div><div class='clear_column'><\/div><\/p>\n<div class='content-column one_half'><div style=\"padding-right:20px;\"><p><strong><a href=\"https:\/\/www.rstp.ca\/wp-content\/uploads\/2018\/11\/DEVENIR-R\u00c9PONDANT-COMMUNAUTAIRE_FRBrochure_Nov2018Fin.pdf\" target=\"_blank\" rel=\"noopener\">Devenir R\u00e9pondant communautaire<\/a><a href=\"https:\/\/www.rstp.ca\/wp-content\/uploads\/2018\/11\/DEVENIR-R\u00c9PONDANT-COMMUNAUTAIRE_FRBrochure_Nov2018Fin.pdf\" target=\"_blank\" rel=\"noopener\"><img loading=\"lazy\" decoding=\"async\" class=\"alignleft wp-image-865 size-full\" style=\"margin-right: 20px;\" src=\"https:\/\/www.rstp.ca\/wp-content\/uploads\/2014\/03\/csbrochimg.jpg\" alt=\"csbrochimg\" width=\"80\" height=\"129\" \/><\/a> (2018)<\/strong><\/p>\n<p>Cette brochure fournit des informations sur le parrainage par les R\u00e9pondants communautaires. Elle aborde les crit\u00e8res financiers et les exigences d\u2019admissibilit\u00e9 et d\u00e9crit qui peut \u00eatre parrain\u00e9 ainsi que les limites et les responsabilit\u00e9s des R\u00e9pondants communautaires.<\/p>\n<p>&nbsp;<\/p><\/div><\/div><div class='content-column one_half last_column'><p><strong><a href=\"https:\/\/www.rstp.ca\/wp-content\/uploads\/2020\/11\/PAC.nov_2020.FR_.pdf\" target=\"_blank\" rel=\"noopener\">D\u00e9pliant sur le Parrainage d&rsquo;aide conjointe (PAC)<\/a><a href=\"https:\/\/www.rstp.ca\/wp-content\/uploads\/2020\/11\/PAC.nov_2020.FR_.pdf\"><img loading=\"lazy\" decoding=\"async\" class=\"wp-image-12693 alignleft\" src=\"https:\/\/www.rstp.ca\/wp-content\/uploads\/2020\/11\/PAC.depliant.couverture.png\" alt=\"\" width=\"72\" height=\"170\" srcset=\"https:\/\/www.rstp.ca\/wp-content\/uploads\/2020\/11\/PAC.depliant.couverture.png 252w, https:\/\/www.rstp.ca\/wp-content\/uploads\/2020\/11\/PAC.depliant.couverture-127x300.png 127w, https:\/\/www.rstp.ca\/wp-content\/uploads\/2020\/11\/PAC.depliant.couverture-10x24.png 10w, https:\/\/www.rstp.ca\/wp-content\/uploads\/2020\/11\/PAC.depliant.couverture-15x36.png 15w, https:\/\/www.rstp.ca\/wp-content\/uploads\/2020\/11\/PAC.depliant.couverture-20x48.png 20w\" sizes=\"(max-width: 72px) 100vw, 72px\" \/><\/a>\u00a0(2020)<\/strong><\/p>\n<p>Ce d\u00e9pliant donne un bref aper\u00e7u du programme de Parrainage d&rsquo;aide conjointe et r\u00e9pond \u00e0 quelques questions fr\u00e9quentes sur le processus d&rsquo;identification des r\u00e9fugi\u00e9s et les crit\u00e8res de qualification, ainsi que sur le soutien du PAR offert dans le cadre de ce programme.<\/p>\n<p>&nbsp;<\/p>\n<p>&nbsp;<\/p><\/div><div class='clear_column'><\/div><\/p>\n","protected":false},"excerpt":{"rendered":"<p>IMPORTANT! Immigration, R\u00e9fugi\u00e9s et Citoyennet\u00e9 Canada (IRCC) a temporairement cess\u00e9 d\u2019accepter les nouvelles demandes des Groupes de cinq et des R\u00e9pondants communautaires dans le cadre du Programme de parrainage priv\u00e9 [&hellip;]<\/p>\n","protected":false},"author":4,"featured_media":0,"parent":1355,"menu_order":5,"comment_status":"closed","ping_status":"closed","template":"","meta":{"_relevanssi_hide_post":"","_relevanssi_hide_content":"","_relevanssi_pin_for_all":"","_relevanssi_pin_keywords":"","_relevanssi_unpin_keywords":"","_relevanssi_related_keywords":"","_relevanssi_related_include_ids":"","_relevanssi_related_exclude_ids":"","_relevanssi_related_no_append":"","_relevanssi_related_not_related":"","_relevanssi_related_posts":"","_relevanssi_noindex_reason":"","passster_activate_protection":false,"passster_protect_child_pages":"","passster_protection_type":"password","passster_password":"","passster_activate_overwrite_defaults":"","passster_headline":"","passster_instruction":"","passster_placeholder":"","passster_button":"","passster_id":"","passster_activate_misc_settings":"","passster_redirect_url":"","passster_hide":"no","passster_area_shortcode":"","_price":"","_stock":"","_tribe_ticket_header":"","_tribe_default_ticket_provider":"","_tribe_ticket_capacity":"0","_ticket_start_date":"","_ticket_end_date":"","_tribe_ticket_show_description":"","_tribe_ticket_show_not_going":false,"_tribe_ticket_use_global_stock":"","_tribe_ticket_global_stock_level":"","_global_stock_mode":"","_global_stock_cap":"","_tribe_rsvp_for_event":"","_tribe_ticket_going_count":"","_tribe_ticket_not_going_count":"","_tribe_tickets_list":"[]","_tribe_ticket_has_attendee_info_fields":false,"footnotes":""},"meta_box":{"front_blocks":[]},"ticketed":false,"_links":{"self":[{"href":"https:\/\/www.rstp.ca\/fr\/wp-json\/wp\/v2\/pages\/1364"}],"collection":[{"href":"https:\/\/www.rstp.ca\/fr\/wp-json\/wp\/v2\/pages"}],"about":[{"href":"https:\/\/www.rstp.ca\/fr\/wp-json\/wp\/v2\/types\/page"}],"author":[{"embeddable":true,"href":"https:\/\/www.rstp.ca\/fr\/wp-json\/wp\/v2\/users\/4"}],"replies":[{"embeddable":true,"href":"https:\/\/www.rstp.ca\/fr\/wp-json\/wp\/v2\/comments?post=1364"}],"version-history":[{"count":49,"href":"https:\/\/www.rstp.ca\/fr\/wp-json\/wp\/v2\/pages\/1364\/revisions"}],"predecessor-version":[{"id":24615,"href":"https:\/\/www.rstp.ca\/fr\/wp-json\/wp\/v2\/pages\/1364\/revisions\/24615"}],"up":[{"embeddable":true,"href":"https:\/\/www.rstp.ca\/fr\/wp-json\/wp\/v2\/pages\/1355"}],"wp:attachment":[{"href":"https:\/\/www.rstp.ca\/fr\/wp-json\/wp\/v2\/media?parent=1364"}],"curies":[{"name":"wp","href":"https:\/\/api.w.org\/{rel}","templated":true}]}}