{"id":1355,"date":"2014-04-04T10:53:55","date_gmt":"2014-04-04T10:53:55","guid":{"rendered":"http:\/\/rstp.fantomdesign.net\/?page_id=1355"},"modified":"2025-03-11T15:05:08","modified_gmt":"2025-03-11T20:05:08","slug":"ressources","status":"publish","type":"page","link":"https:\/\/www.rstp.ca\/fr\/ressources\/","title":{"rendered":"Ressources"},"content":{"rendered":"<p>Vous trouverez ici un large \u00e9ventail de ressources sur le parrainage de r\u00e9fugi\u00e9s, dont des documents publi\u00e9s par IRCC, des fiches d\u2019informations sur divers sujets, des livrets d\u00e9taill\u00e9s sur les groupes de parrainage et notre vid\u00e9oth\u00e8que. Consultez notre site pour des mises \u00e0 jour r\u00e9guli\u00e8res.<\/p>\n<ul>\n<li><a href=\"https:\/\/www.rstp.ca\/fr\/ressources\/ressources-ircc\/\" target=\"_blank\" rel=\"noopener\">Ressources d&rsquo;IRCC<\/a><\/li>\n<li><a href=\"https:\/\/www.rstp.ca\/fr\/ressources\/fiches-dinformation\/\" target=\"_blank\" rel=\"noopener\">Fiches d\u2019information<\/a><\/li>\n<li><a href=\"https:\/\/www.rstp.ca\/fr\/ressources\/brochures-et-depliants\/\" target=\"_blank\" rel=\"noopener\">Brochures<\/a><\/li>\n<li><a href=\"https:\/\/www.rstp.ca\/fr\/resources\/video\/webinaires-precedents\/\" target=\"_blank\" rel=\"noopener\">Webinaires pr\u00e9c\u00e9dents<\/a><\/li>\n<li><a href=\"https:\/\/www.rstp.ca\/fr\/resources\/video\/videotheque\/\" target=\"_blank\" rel=\"noopener\">Vid\u00e9oth\u00e8que<\/a><\/li>\n<\/ul>\n","protected":false},"excerpt":{"rendered":"<p>Vous trouverez ici un large \u00e9ventail de ressources sur le parrainage de r\u00e9fugi\u00e9s, dont des documents publi\u00e9s par IRCC, des fiches d\u2019informations sur divers sujets, des livrets d\u00e9taill\u00e9s sur les [&hellip;]<\/p>\n","protected":false},"author":4,"featured_media":0,"parent":0,"menu_order":7,"comment_status":"open","ping_status":"open","template":"","meta":{"_relevanssi_hide_post":"","_relevanssi_hide_content":"","_relevanssi_pin_for_all":"","_relevanssi_pin_keywords":"","_relevanssi_unpin_keywords":"","_relevanssi_related_keywords":"","_relevanssi_related_include_ids":"","_relevanssi_related_exclude_ids":"","_relevanssi_related_no_append":"","_relevanssi_related_not_related":"","_relevanssi_related_posts":"","_relevanssi_noindex_reason":"","passster_activate_protection":false,"passster_protect_child_pages":"","passster_protection_type":"password","passster_password":"","passster_activate_overwrite_defaults":"","passster_headline":"","passster_instruction":"","passster_placeholder":"","passster_button":"","passster_id":"","passster_activate_misc_settings":"","passster_redirect_url":"","passster_hide":"no","passster_area_shortcode":"","_price":"","_stock":"","_tribe_ticket_header":"","_tribe_default_ticket_provider":"","_tribe_ticket_capacity":"0","_ticket_start_date":"","_ticket_end_date":"","_tribe_ticket_show_description":"","_tribe_ticket_show_not_going":false,"_tribe_ticket_use_global_stock":"","_tribe_ticket_global_stock_level":"","_global_stock_mode":"","_global_stock_cap":"","_tribe_rsvp_for_event":"","_tribe_ticket_going_count":"","_tribe_ticket_not_going_count":"","_tribe_tickets_list":"[]","_tribe_ticket_has_attendee_info_fields":false,"footnotes":""},"meta_box":{"front_blocks":[]},"ticketed":false,"_links":{"self":[{"href":"https:\/\/www.rstp.ca\/fr\/wp-json\/wp\/v2\/pages\/1355"}],"collection":[{"href":"https:\/\/www.rstp.ca\/fr\/wp-json\/wp\/v2\/pages"}],"about":[{"href":"https:\/\/www.rstp.ca\/fr\/wp-json\/wp\/v2\/types\/page"}],"author":[{"embeddable":true,"href":"https:\/\/www.rstp.ca\/fr\/wp-json\/wp\/v2\/users\/4"}],"replies":[{"embeddable":true,"href":"https:\/\/www.rstp.ca\/fr\/wp-json\/wp\/v2\/comments?post=1355"}],"version-history":[{"count":8,"href":"https:\/\/www.rstp.ca\/fr\/wp-json\/wp\/v2\/pages\/1355\/revisions"}],"predecessor-version":[{"id":22581,"href":"https:\/\/www.rstp.ca\/fr\/wp-json\/wp\/v2\/pages\/1355\/revisions\/22581"}],"wp:attachment":[{"href":"https:\/\/www.rstp.ca\/fr\/wp-json\/wp\/v2\/media?parent=1355"}],"curies":[{"name":"wp","href":"https:\/\/api.w.org\/{rel}","templated":true}]}}