{"id":1349,"date":"2014-04-04T10:51:58","date_gmt":"2014-04-04T10:51:58","guid":{"rendered":"http:\/\/rstp.fantomdesign.net\/?page_id=1349"},"modified":"2020-05-26T18:16:10","modified_gmt":"2020-05-26T22:16:10","slug":"formation-avancee-en-ligne","status":"publish","type":"page","link":"https:\/\/www.rstp.ca\/fr\/formation\/formation-en-ligne\/formation-avancee-en-ligne\/","title":{"rendered":"Formation avanc\u00e9e en ligne"},"content":{"rendered":"<p><strong>Consid\u00e9rations de recevabilit\u00e9 et d&rsquo;admissibilit\u00e9 li\u00e9es au parrainage priv\u00e9 de r\u00e9fugi\u00e9s (AET201-F)<\/strong><\/p>\n<p>Le PFPR offre un cours de formation en ligne portant sur des notions avanc\u00e9es concernant le Programme de parrainage priv\u00e9 de r\u00e9fugi\u00e9s (PPPR). L&rsquo;objectif du cours est d&rsquo;approfondir les connaissances des apprenants sur le contexte international dans lequel s&rsquo;ins\u00e8re le PPPR en tant qu&rsquo;outil de protection des r\u00e9fugi\u00e9s. Ce cours s&rsquo;appuie sur le cours d&rsquo;<a href=\"http:\/\/www.rstp.ca\/fr\/formation\/formation-en-ligne\/cours-dintroduction\/\" target=\"_blank\" rel=\"noopener\">Introduction au parrainage priv\u00e9 des r\u00e9fugi\u00e9s<\/a>, \u00e9galement offert par le PFPR, et fournit des informations plus d\u00e9taill\u00e9es sur l&rsquo;\u00e9valuation de la recevabilit\u00e9 et de l&rsquo;admissibilit\u00e9 des demandeurs d&rsquo;asile.<\/p>\n<p><strong>Pr\u00e9requis<\/strong><\/p>\n<p>Le cours en ligne<em><strong> Introduction au parrainage priv\u00e9 des r\u00e9fugi\u00e9s (IET101)<\/strong><\/em><\/p>\n<p><strong>Contenu du cours<\/strong><\/p>\n<p>Ce cours se divise en cinq modules abordant les sujets suivants :<\/p>\n<p><strong>Module 1 :\u00a0<span lang=\"EN\">Aper\u00e7u de la r\u00e9installation des r\u00e9fugi\u00e9s et du cadre international<\/span><\/strong><\/p>\n<ul id=\"yui_3_17_2_1_1590528183958_46\">\n<li><span lang=\"EN\">Le r\u00f4le et les responsabilit\u00e9s du HCR en mati\u00e8re de protection des r\u00e9fugi\u00e9s<\/span><\/li>\n<li><span lang=\"EN\">L&rsquo;\u00e9valution et la comparaison des solutions durables\u00a0<\/span><\/li>\n<li>L&rsquo;utilisation strat\u00e9gique de la r\u00e9installation en tant qu&rsquo;outil de protection<\/li>\n<\/ul>\n<p><strong>Module 2 :\u00a0<\/strong><span lang=\"EN\"><strong>Programme canadien de la r\u00e9installation humanitaire et des r\u00e9fugi\u00e9<\/strong>s<\/span><\/p>\n<ul id=\"yui_3_17_2_1_1590528183958_48\">\n<li id=\"yui_3_17_2_1_1590528183958_51\"><span lang=\"EN\">Le cadre juridique canadien pour la protection des r\u00e9fugi\u00e9s et l<\/span><span lang=\"EN\">es crit\u00e8res de recevabilit\u00e9<\/span><\/li>\n<li><span lang=\"EN\">La d\u00e9finition des cat\u00e9gories de r\u00e9fugi\u00e9s au sens de la Convention outre-fronti\u00e8res et de personnes de pays d&rsquo;accueil<\/span><\/li>\n<li>L&rsquo;\u00e9valuation de la cr\u00e9dibilit\u00e9 d&rsquo;un demandeur d&rsquo;asile<\/li>\n<\/ul>\n<p><strong>Module 3 :\u00a0<span lang=\"EN\">\u00c9valuation des autres solutions durables et de la capacit\u00e9 \u00e0 s\u2019\u00e9tablir avec succ\u00e8s<\/span><\/strong><\/p>\n<ul id=\"yui_3_17_2_1_1590528183958_53\">\n<li><span lang=\"EN\">V\u00e9rifier l&rsquo;absence d&rsquo;autres solutions durables<\/span><\/li>\n<li><span lang=\"EN\">\u00c9valuer l&rsquo;int\u00e9gration locale dans le pays d&rsquo;accueil (dans les pays signataires et non signataires)<\/span><\/li>\n<li><span lang=\"EN\">\u00c9valuer la capacit\u00e9 de \u00ab\u00a0s\u2019\u00e9tablir avec succ\u00e8s\u00a0\u00bb au Canada<\/span><\/li>\n<\/ul>\n<p><strong>Module 4 :\u00a0<span lang=\"EN\">Comprendre les crit\u00e8res d&rsquo;admissibilit\u00e9<\/span><\/strong><\/p>\n<ul id=\"yui_3_17_2_1_1590528183958_57\">\n<li><span lang=\"EN\">Le fondement juridique canadien et les politiques qui forment la base de l&rsquo;examen de l&rsquo;admissibilit\u00e9<\/span><\/li>\n<li>Les contr\u00f4les d&rsquo;admissibilit\u00e9 : sant\u00e9, criminalit\u00e9 et ant\u00e9c\u00e9dents criminels<\/li>\n<li><span lang=\"EN\">La distinction entre un crime de droit commun et un crime politique<\/span><\/li>\n<\/ul>\n<p><strong>Module 5 :\u00a0<span lang=\"EN\">Proc\u00e9dures d&rsquo;enregistrement et de recommandation du HCR<\/span><\/strong><\/p>\n<ul id=\"yui_3_17_2_1_1590528183958_61\">\n<li><span lang=\"EN\">Le r\u00f4le du HCR dans la d\u00e9termination du statut de r\u00e9fugi\u00e9\u00a0\u00a0<\/span><\/li>\n<li>Quel r\u00f4le jouent les recommandations du HCR dans le programme canadien de r\u00e9installation?<\/li>\n<li><span lang=\"EN\">Le programme PAC et le<\/span><span lang=\"EN\">\u00a0Programme mixte des RDBV<\/span><\/li>\n<\/ul>\n<p>&nbsp;<\/p>\n<p><strong>\u00c0 qui s&rsquo;adresse ce cours<\/strong><\/p>\n<p>Ce cours est destin\u00e9 aux personnes qui poss\u00e8dent une connaissance ou de l&rsquo;exp\u00e9rience pr\u00e9alables du programme canadien de r\u00e9installation des r\u00e9fugi\u00e9s. Contrairement au cours d&rsquo;<a href=\"http:\/\/www.rstp.ca\/fr\/formation\/formation-en-ligne\/cours-dintroduction\/\" target=\"_blank\" rel=\"noopener\">Introduction au parrainage priv\u00e9 de r\u00e9fugi\u00e9s<\/a>, il est pr\u00e9sum\u00e9 que les participants ont d\u00e9j\u00e0 une certaine connaissance du contexte mondial des r\u00e9fugi\u00e9s et du parrainage priv\u00e9 de r\u00e9fugi\u00e9s au Canada. Ce cours n&rsquo;est pas recommand\u00e9 pour les personnes qui ont peu de connaissances sur le parrainage des r\u00e9fugi\u00e9s.<\/p>\n<p>Ce cours donne l&rsquo;occasion aux apprenants d&rsquo;approfondir leurs connaissances sur le cadre international de la r\u00e9installation et plus particuli\u00e8rement sur le programme de r\u00e9installation du Canada. \u00c0 l&rsquo;aide de questions d\u00e9taill\u00e9es et d&rsquo;\u00e9tudes de cas, ce cours permet de d\u00e9velopper les comp\u00e9tences n\u00e9cessaires pour d\u00e9terminer si la r\u00e9installation est une solution durable et pour \u00e9valuer la recevabilit\u00e9 et l&rsquo;admissibilit\u00e9 des demandeurs d&rsquo;asile, ainsi que leur capacit\u00e9 de s&rsquo;\u00e9tablir au Canada avec succ\u00e8s,<\/p>\n<p>La r\u00e9ussite du cours en ligne d<strong>\u2019Introduction au parrainage priv\u00e9 des r\u00e9fugi\u00e9s<\/strong> (IETF101) est un pr\u00e9requis pour l\u2019inscription au cours avanc\u00e9 de formation en ligne. Une ma\u00eetrise du fran\u00e7ais \u00e9crit et des connaissances de base en informatique sont \u00e9galement exig\u00e9es.<\/p>\n<p><strong>Co\u00fbts<\/strong><\/p>\n<p>Ce cours est offert gratuitement \u00e0 tous les apprenants.<\/p>\n<p><strong>\u00c9ch\u00e9ancier<\/strong><\/p>\n<p>Ce cours est con\u00e7u pour \u00eatre suivi ind\u00e9pendamment. Une fois inscrits, les apprenants pourront acc\u00e9der \u00e0 la totalit\u00e9 du contenu du cours en ligne pour compl\u00e9ter les modules et passer les quiz \u00e0 leur propre rythme. Pour recevoir un <strong>certificat<\/strong>, le cours doit \u00eatre termin\u00e9 avec succ\u00e8s dans les <strong>quinze semaines\u00a0<\/strong>suivant la date d&rsquo;inscription.<\/p>\n<p>Acc\u00e9dez au plan du cours ici : <a href=\"http:\/\/www.rstp.ca\/wp-content\/uploads\/2020\/05\/Course-Syllabus-AET-201-french.lj_.rev_.pdf\" target=\"_blank\" rel=\"noopener\">Plan du cours AET 201-F<\/a><\/p>\n<p><strong>Inscription<\/strong><\/p>\n<p>Pour vous inscrire, visitez le site\u00a0<a href=\"http:\/\/etraining.rstp.ca\/login\/signup.php\" target=\"_blank\" rel=\"noopener\">http:\/\/etraining.rstp.ca\/login\/signup.php<\/a>. Assurez-vous de choisir le bon cours dans le menu d\u00e9roulant. Vous serez admis au cours dans les 5 prochains jours ouvrables suivant votre inscription.<\/p>\n","protected":false},"excerpt":{"rendered":"<p>Consid\u00e9rations de recevabilit\u00e9 et d&rsquo;admissibilit\u00e9 li\u00e9es au parrainage priv\u00e9 de r\u00e9fugi\u00e9s (AET201-F) Le PFPR offre un cours de formation en ligne portant sur des notions avanc\u00e9es concernant le Programme de [&hellip;]<\/p>\n","protected":false},"author":4,"featured_media":0,"parent":1343,"menu_order":1,"comment_status":"closed","ping_status":"closed","template":"","meta":{"_relevanssi_hide_post":"","_relevanssi_hide_content":"","_relevanssi_pin_for_all":"","_relevanssi_pin_keywords":"","_relevanssi_unpin_keywords":"","_relevanssi_related_keywords":"","_relevanssi_related_include_ids":"","_relevanssi_related_exclude_ids":"","_relevanssi_related_no_append":"","_relevanssi_related_not_related":"","_relevanssi_related_posts":"","_relevanssi_noindex_reason":"","passster_activate_protection":false,"passster_protect_child_pages":"","passster_protection_type":"password","passster_password":"","passster_activate_overwrite_defaults":"","passster_headline":"","passster_instruction":"","passster_placeholder":"","passster_button":"","passster_id":"","passster_activate_misc_settings":"","passster_redirect_url":"","passster_hide":"no","passster_area_shortcode":"","_price":"","_stock":"","_tribe_ticket_header":"","_tribe_default_ticket_provider":"","_tribe_ticket_capacity":"0","_ticket_start_date":"","_ticket_end_date":"","_tribe_ticket_show_description":"","_tribe_ticket_show_not_going":false,"_tribe_ticket_use_global_stock":"","_tribe_ticket_global_stock_level":"","_global_stock_mode":"","_global_stock_cap":"","_tribe_rsvp_for_event":"","_tribe_ticket_going_count":"","_tribe_ticket_not_going_count":"","_tribe_tickets_list":"[]","_tribe_ticket_has_attendee_info_fields":false,"footnotes":""},"meta_box":{"front_blocks":[]},"ticketed":false,"_links":{"self":[{"href":"https:\/\/www.rstp.ca\/fr\/wp-json\/wp\/v2\/pages\/1349"}],"collection":[{"href":"https:\/\/www.rstp.ca\/fr\/wp-json\/wp\/v2\/pages"}],"about":[{"href":"https:\/\/www.rstp.ca\/fr\/wp-json\/wp\/v2\/types\/page"}],"author":[{"embeddable":true,"href":"https:\/\/www.rstp.ca\/fr\/wp-json\/wp\/v2\/users\/4"}],"replies":[{"embeddable":true,"href":"https:\/\/www.rstp.ca\/fr\/wp-json\/wp\/v2\/comments?post=1349"}],"version-history":[{"count":3,"href":"https:\/\/www.rstp.ca\/fr\/wp-json\/wp\/v2\/pages\/1349\/revisions"}],"predecessor-version":[{"id":11898,"href":"https:\/\/www.rstp.ca\/fr\/wp-json\/wp\/v2\/pages\/1349\/revisions\/11898"}],"up":[{"embeddable":true,"href":"https:\/\/www.rstp.ca\/fr\/wp-json\/wp\/v2\/pages\/1343"}],"wp:attachment":[{"href":"https:\/\/www.rstp.ca\/fr\/wp-json\/wp\/v2\/media?parent=1349"}],"curies":[{"name":"wp","href":"https:\/\/api.w.org\/{rel}","templated":true}]}}