{"id":1346,"date":"2014-04-04T10:50:44","date_gmt":"2014-04-04T10:50:44","guid":{"rendered":"http:\/\/rstp.fantomdesign.net\/?page_id=1346"},"modified":"2020-05-26T17:13:42","modified_gmt":"2020-05-26T21:13:42","slug":"cours-dintroduction","status":"publish","type":"page","link":"https:\/\/www.rstp.ca\/fr\/formation\/formation-en-ligne\/cours-dintroduction\/","title":{"rendered":"Cours d&rsquo;introduction"},"content":{"rendered":"<p>Le Programme de formation sur le parrainage priv\u00e9 des r\u00e9fugi\u00e9s (PFPR) propose une fois par ann\u00e9e un cours en ligne en fran\u00e7ais intitul\u00e9\u00a0<strong>Introduction au parrainage priv\u00e9 des r\u00e9fugi\u00e9s.\u00a0<\/strong>Ce cours de 10 semaines permet d&rsquo;apprendre les notions et principes fondamentaux du programme canadien de parrainage priv\u00e9 des r\u00e9fugi\u00e9s. Le cours s&rsquo;adresse aux personnes habitant au Canada qui souhaitent en apprendre davantage sur le parrainage des r\u00e9fugi\u00e9s par le secteur priv\u00e9 et y participer. Les objectifs de cette formation sont d&rsquo;offrir une mani\u00e8re souple de s&rsquo;instruire \u00e0 propos des principales questions concernant le parrainage des r\u00e9fugi\u00e9s et de rejoindre des parrains nouveaux ou potentiels dans des r\u00e9gions moins accessibles du Canada.<\/p>\n<p>Le cours se divise en huit chapitres qui abordent les sujets suivants :<\/p>\n<ol>\n<li>Un aper\u00e7u de la migration forc\u00e9e<\/li>\n<li>Les programmes d\u2019immigration au Canada<\/li>\n<li>Qui peut \u00eatre parrain\u00e9? Recevabilit\u00e9 et admissibilit\u00e9<\/li>\n<li>Un aper\u00e7u du processus de parrainage par le secteur priv\u00e9<\/li>\n<li>Qui peut parrainer? Le processus de demande<\/li>\n<li>La planification de l&rsquo;\u00e9tablissement des nouveaux arrivants parrain\u00e9s<\/li>\n<li>Le traitement des demandes \u00e0 l&rsquo;\u00e9tranger et les questions survenant apr\u00e8s l&rsquo;arriv\u00e9e des r\u00e9fugi\u00e9s au Canada<\/li>\n<li>Le r\u00e9installation des r\u00e9fugi\u00e9s ayant des besoins particuliers<\/li>\n<\/ol>\n<p>Chaque chapitre comprend une question de discussion, des ressources suppl\u00e9mentaires d&rsquo;apprentissage et un quiz \u00e0 choix multiples. \u00c0 la fin de ce programme de 10 semaines, les apprenants auront \u00e0 passer un examen final \u00e9crit et recevront un certificat lorsqu&rsquo;ils auront termin\u00e9 toutes les exigences du cours.<\/p>\n<p><strong>Inscription :<\/strong><\/p>\n<p>Le cours d&rsquo;introduction est offert en fran\u00e7ais une fois par ann\u00e9e. Pour savoir quand aura lieu la prochaine session ou pour vous y inscrire, veuillez \u00e9crire \u00e0 <a href=\"mailto:ljarmasz@rstp.ca\">ljarmasz@rstp.ca<\/a>.<\/p>\n<p>&nbsp;<\/p>\n","protected":false},"excerpt":{"rendered":"<p>Le Programme de formation sur le parrainage priv\u00e9 des r\u00e9fugi\u00e9s (PFPR) propose une fois par ann\u00e9e un cours en ligne en fran\u00e7ais intitul\u00e9\u00a0Introduction au parrainage priv\u00e9 des r\u00e9fugi\u00e9s.\u00a0Ce cours de [&hellip;]<\/p>\n","protected":false},"author":4,"featured_media":0,"parent":1343,"menu_order":0,"comment_status":"closed","ping_status":"closed","template":"","meta":{"_relevanssi_hide_post":"","_relevanssi_hide_content":"","_relevanssi_pin_for_all":"","_relevanssi_pin_keywords":"","_relevanssi_unpin_keywords":"","_relevanssi_related_keywords":"","_relevanssi_related_include_ids":"","_relevanssi_related_exclude_ids":"","_relevanssi_related_no_append":"","_relevanssi_related_not_related":"","_relevanssi_related_posts":"","_relevanssi_noindex_reason":"","passster_activate_protection":false,"passster_protect_child_pages":"","passster_protection_type":"password","passster_password":"","passster_activate_overwrite_defaults":"","passster_headline":"","passster_instruction":"","passster_placeholder":"","passster_button":"","passster_id":"","passster_activate_misc_settings":"","passster_redirect_url":"","passster_hide":"no","passster_area_shortcode":"","_price":"","_stock":"","_tribe_ticket_header":"","_tribe_default_ticket_provider":"","_tribe_ticket_capacity":"0","_ticket_start_date":"","_ticket_end_date":"","_tribe_ticket_show_description":"","_tribe_ticket_show_not_going":false,"_tribe_ticket_use_global_stock":"","_tribe_ticket_global_stock_level":"","_global_stock_mode":"","_global_stock_cap":"","_tribe_rsvp_for_event":"","_tribe_ticket_going_count":"","_tribe_ticket_not_going_count":"","_tribe_tickets_list":"[]","_tribe_ticket_has_attendee_info_fields":false,"footnotes":""},"meta_box":{"front_blocks":[]},"ticketed":false,"_links":{"self":[{"href":"https:\/\/www.rstp.ca\/fr\/wp-json\/wp\/v2\/pages\/1346"}],"collection":[{"href":"https:\/\/www.rstp.ca\/fr\/wp-json\/wp\/v2\/pages"}],"about":[{"href":"https:\/\/www.rstp.ca\/fr\/wp-json\/wp\/v2\/types\/page"}],"author":[{"embeddable":true,"href":"https:\/\/www.rstp.ca\/fr\/wp-json\/wp\/v2\/users\/4"}],"replies":[{"embeddable":true,"href":"https:\/\/www.rstp.ca\/fr\/wp-json\/wp\/v2\/comments?post=1346"}],"version-history":[{"count":3,"href":"https:\/\/www.rstp.ca\/fr\/wp-json\/wp\/v2\/pages\/1346\/revisions"}],"predecessor-version":[{"id":11895,"href":"https:\/\/www.rstp.ca\/fr\/wp-json\/wp\/v2\/pages\/1346\/revisions\/11895"}],"up":[{"embeddable":true,"href":"https:\/\/www.rstp.ca\/fr\/wp-json\/wp\/v2\/pages\/1343"}],"wp:attachment":[{"href":"https:\/\/www.rstp.ca\/fr\/wp-json\/wp\/v2\/media?parent=1346"}],"curies":[{"name":"wp","href":"https:\/\/api.w.org\/{rel}","templated":true}]}}