{"id":1337,"date":"2014-04-04T10:47:48","date_gmt":"2014-04-04T10:47:48","guid":{"rendered":"http:\/\/rstp.fantomdesign.net\/?page_id=1337"},"modified":"2025-03-11T14:51:33","modified_gmt":"2025-03-11T19:51:33","slug":"formation","status":"publish","type":"page","link":"https:\/\/www.rstp.ca\/fr\/formation\/","title":{"rendered":"Formation"},"content":{"rendered":"<p>Le PFPR propose des ateliers, des webinaires et des cours de formation en ligne (e-formation) sur tous les aspects du parrainage de r\u00e9fugi\u00e9s, depuis la pr\u00e9paration du dossier de demande jusqu&rsquo;\u00e0 la transition des r\u00e9fugi\u00e9s \u00e0 la vie apr\u00e8s le parrainage. Ces \u00e9v\u00e8nements sont pr\u00e9vus tout au long de l\u2019ann\u00e9e et sont anim\u00e9s par notre r\u00e9seau de formateurs r\u00e9partis \u00e0 travers le Canada. Communiquez avec le formateur de votre r\u00e9gion si vous d\u00e9sirez demander une formation dans votre collectivit\u00e9 (un nombre minimal de participants sera exig\u00e9).<\/p>\n<ul>\n<li><a href=\"https:\/\/www.rstp.ca\/fr\/events\/\" target=\"_blank\" rel=\"noopener\">Calendrier des s\u00e9ances de formation (en direct; virtuel ou pr\u00e9sentiel)<\/a><\/li>\n<li><a href=\"https:\/\/www.rstp.ca\/fr\/formation\/formation-en-ligne\/\" target=\"_blank\" rel=\"noopener\">Formation en ligne (e-formation; cours autog\u00e9r\u00e9s)<\/a><\/li>\n<li><a href=\"https:\/\/forms.office.com\/Pages\/ResponsePage.aspx?id=yn-CpSsopkCYdXcv93aEMeeY5zHoLhNJt2InjzK9rohUNVpBRjJUWEVZVUFZSFRNTkxFTVdVTUo2OCQlQCN0PWcu\" target=\"_blank\" rel=\"noopener\">Devenir un SEP &#8211; formation obligatoire<\/a>\n<ul>\n<li>Ce cours est obligatoire pour les organismes souhaitant devenir <strong>Signataire d&rsquo;entente de parrainage<\/strong>.<\/li>\n<\/ul>\n<\/li>\n<\/ul>\n<p>&nbsp;<\/p>\n","protected":false},"excerpt":{"rendered":"<p>Le PFPR propose des ateliers, des webinaires et des cours de formation en ligne (e-formation) sur tous les aspects du parrainage de r\u00e9fugi\u00e9s, depuis la pr\u00e9paration du dossier de demande [&hellip;]<\/p>\n","protected":false},"author":4,"featured_media":0,"parent":0,"menu_order":6,"comment_status":"open","ping_status":"open","template":"","meta":{"_relevanssi_hide_post":"","_relevanssi_hide_content":"","_relevanssi_pin_for_all":"","_relevanssi_pin_keywords":"","_relevanssi_unpin_keywords":"","_relevanssi_related_keywords":"","_relevanssi_related_include_ids":"","_relevanssi_related_exclude_ids":"","_relevanssi_related_no_append":"","_relevanssi_related_not_related":"","_relevanssi_related_posts":"","_relevanssi_noindex_reason":"","passster_activate_protection":false,"passster_protect_child_pages":"","passster_protection_type":"password","passster_password":"","passster_activate_overwrite_defaults":"","passster_headline":"","passster_instruction":"","passster_placeholder":"","passster_button":"","passster_id":"","passster_activate_misc_settings":"","passster_redirect_url":"","passster_hide":"no","passster_area_shortcode":"","_price":"","_stock":"","_tribe_ticket_header":"","_tribe_default_ticket_provider":"","_tribe_ticket_capacity":"0","_ticket_start_date":"","_ticket_end_date":"","_tribe_ticket_show_description":"","_tribe_ticket_show_not_going":false,"_tribe_ticket_use_global_stock":"","_tribe_ticket_global_stock_level":"","_global_stock_mode":"","_global_stock_cap":"","_tribe_rsvp_for_event":"","_tribe_ticket_going_count":"","_tribe_ticket_not_going_count":"","_tribe_tickets_list":"[]","_tribe_ticket_has_attendee_info_fields":false,"footnotes":""},"meta_box":{"front_blocks":[]},"ticketed":false,"_links":{"self":[{"href":"https:\/\/www.rstp.ca\/fr\/wp-json\/wp\/v2\/pages\/1337"}],"collection":[{"href":"https:\/\/www.rstp.ca\/fr\/wp-json\/wp\/v2\/pages"}],"about":[{"href":"https:\/\/www.rstp.ca\/fr\/wp-json\/wp\/v2\/types\/page"}],"author":[{"embeddable":true,"href":"https:\/\/www.rstp.ca\/fr\/wp-json\/wp\/v2\/users\/4"}],"replies":[{"embeddable":true,"href":"https:\/\/www.rstp.ca\/fr\/wp-json\/wp\/v2\/comments?post=1337"}],"version-history":[{"count":12,"href":"https:\/\/www.rstp.ca\/fr\/wp-json\/wp\/v2\/pages\/1337\/revisions"}],"predecessor-version":[{"id":22576,"href":"https:\/\/www.rstp.ca\/fr\/wp-json\/wp\/v2\/pages\/1337\/revisions\/22576"}],"wp:attachment":[{"href":"https:\/\/www.rstp.ca\/fr\/wp-json\/wp\/v2\/media?parent=1337"}],"curies":[{"name":"wp","href":"https:\/\/api.w.org\/{rel}","templated":true}]}}