{"id":1292,"date":"2014-04-04T10:23:03","date_gmt":"2014-04-04T14:23:03","guid":{"rendered":"http:\/\/rstp.fantomdesign.net\/?page_id=1292"},"modified":"2026-01-14T16:50:28","modified_gmt":"2026-01-14T21:50:28","slug":"apercu-des-responsabilites-de-parrainage","status":"publish","type":"page","link":"https:\/\/www.rstp.ca\/fr\/responsabilites\/apercu-des-responsabilites-de-parrainage\/","title":{"rendered":"Aper\u00e7u des responsabilit\u00e9s de parrainage"},"content":{"rendered":"<p>Le parrainage de r\u00e9fugi\u00e9s implique un certain nombre de responsabilit\u00e9s morales, financi\u00e8res et juridiques de la part des r\u00e9pondants envers les r\u00e9fugi\u00e9s parrain\u00e9s. Les Signataires d&rsquo;entente de parrainage (SEP), ainsi que leurs Groupes constitutifs (GC) et partenaires de parrainage, les Groupes de cinq et les R\u00e9pondants communautaires doivent tous rendre des comptes \u00e0 IRCC par rapport \u00e0 la qualit\u00e9 et \u00e0 la mise en \u0153uvre du soutien financier et de l&rsquo;aide \u00e0 l&rsquo;\u00e9tablissement qu&rsquo;ils ont d\u00e9crit dans leur plan d&rsquo;\u00e9tablissement.<\/p>\n<h4>Responsabilit\u00e9s financi\u00e8res<\/h4>\n<p>Les groupes de parrainage doivent fournir un soutien financier qui \u00e9quivaut <b>au minimum <\/b>aux taux du PAR (Programme d&rsquo;aide \u00e0 la r\u00e9installation) en vigueur dans la communaut\u00e9 o\u00f9 le r\u00e9fugi\u00e9 s&rsquo;intallera. Les groupes de parrainage devraient se tenir \u00e0 jour en mati\u00e8re d&rsquo;exigences financi\u00e8res en consultant la grille des <a href=\"https:\/\/www.rstp.ca\/fr\/rdbv\/taux-du-programme-daide-a-la-reinstallation-par\/\" target=\"_blank\" rel=\"noopener\">taux du PAR<\/a> actuels et le document des <a href=\"https:\/\/www.canada.ca\/fr\/immigration-refugies-citoyennete\/services\/refugies\/aide-exterieur-canada\/programme-parrainage-prive\/evaluations\/exigences-apres-arrivee.html#3-2\" target=\"_blank\" rel=\"noopener\"><em>Exigences apr\u00e8s l&rsquo;arriv\u00e9e pour le parrainage priv\u00e9<\/em><\/a>.<\/p>\n<h4>Assurance apr\u00e8s l&rsquo;arriv\u00e9e et documentation<\/h4>\n<p>Tous les groupes de parrainage devraient conserver des preuves du soutien financier et de l&rsquo;aide \u00e0 l&rsquo;\u00e9tablissement qu&rsquo;ils procurent aux personnes parrain\u00e9es, y compris des documents comme des re\u00e7us pour le transport, le loyer, la nourriture, les co\u00fbts de d\u00e9marrage et autres d\u00e9penses. IRCC pourrait demander \u00e0 voir cette documentation dans le cadre de ses <a href=\"https:\/\/www.rstp.ca\/wp-content\/uploads\/2021\/04\/PSR-Post-Arrival-Assurance-Activities-March-2021-FR.pdf\" target=\"_blank\" rel=\"noopener\">activit\u00e9s d&rsquo;assurance apr\u00e8s l&rsquo;arriv\u00e9e<\/a>. Vous trouverez des exemples de documents qui peuvent \u00eatre pr\u00e9sent\u00e9s par un groupe de parrainage pour d\u00e9montrer le soutien fourni <a href=\"https:\/\/www.rstp.ca\/wp-content\/uploads\/2020\/06\/Case-Review-Examples-of-Proof-of-Support-FR-June-2020.pdf\" target=\"_blank\" rel=\"noopener\">en cliquant ici<\/a>.<\/p>\n<h4>Obligations des SEP<\/h4>\n<p>Tel qu&rsquo;\u00e9nonc\u00e9 dans l&rsquo;Entente de parrainage, un SEP doit effectuer des suivis aupr\u00e8s de ses Groupes constitutifs et partenaires de parrainage afin de s&rsquo;assurer que ceux-ci s&rsquo;acquittent de leurs responsabilit\u00e9s li\u00e9es au parrainage. L&rsquo;Entente de parrainage affirme \u00e9galement qu&rsquo;IRCC a la responsabilit\u00e9 d&rsquo;effectuer des suivis aupr\u00e8s des SEP, de leurs Groupes constitutifs et partenaires de parrainage. La trousse de ressources des <a href=\"https:\/\/www.rstp.ca\/fr\/responsabilites\/pratiques-exemplaires-pour-le-suivi-a-lintention-des-sep\/\" target=\"_blank\" rel=\"noopener\">Pratiques exemplaires pour le suivi<\/a> peut aider les SEP \u00e0 effectuer ces suivis aupr\u00e8s de leurs Groupes constitutifs et partenaires de parrainage.<\/p>\n<h4><strong>Deux volets de responsabilit\u00e9\u00a0<\/strong><\/h4>\n<p>D&rsquo;une mani\u00e8re g\u00e9n\u00e9rale, les responsabilit\u00e9s d&rsquo;ordre financier ou li\u00e9es \u00e0 l&rsquo;\u00e9tablissement d&rsquo;un groupe de parrainage peuvent \u00eatre class\u00e9es en deux volets : les responsabilit\u00e9s qui doivent \u00eatre effectu\u00e9es avant l&rsquo;arriv\u00e9e des r\u00e9fugi\u00e9s et les responsabilit\u00e9s qui devraient \u00eatre mises en \u0153uvre apr\u00e8s l&rsquo;arriv\u00e9e des r\u00e9fugi\u00e9s.<\/p>\n<p>Chaque volet n\u00e9cessite qu\u2019un groupe de parrainage effectue une s\u00e9rie d&rsquo;actions ou d&rsquo;activit\u00e9s qui aboutit \u00e0 des exp\u00e9riences ou des r\u00e9sultats positifs de parrainage. Voyez ci-dessous les principales t\u00e2ches de ces deux volets.<\/p>\n<div class='content-column one_half'><div style=\"padding-right:20px;\"><h4>Obligations avant l\u2019arriv\u00e9e<\/h4>\n<p><a class=\"button style1\" href=\"https:\/\/www.rstp.ca\/fr\/responsabilites\/apercu-des-responsabilites-de-parrainage\/obligations-avant-larrivee\/\" target=\"_blank\" rel=\"noopener\">Cliquez ici pour en apprendre davantage<\/a><\/p><\/div><\/div><div class='content-column one_half last_column'><h4>Obligations apr\u00e8s l\u2019arriv\u00e9e<\/h4>\n<p><a class=\"button style1\" href=\"https:\/\/www.rstp.ca\/fr\/responsabilites\/apercu-des-responsabilites-de-parrainage\/obligations-apres-larrivee\/\" target=\"_blank\" rel=\"noopener\">Cliquez ici pour en apprendre davantage<\/a><\/p><\/div><div class='clear_column'><\/div><\/p>\n<p>Il est recommand\u00e9 que tous les groupes de parrainage collaborent avec un organisme d&rsquo;<a href=\"https:\/\/www.rstp.ca\/fr\/responsabilites\/services-detablissement\/trouver-un-service-detablissement\/\">aide \u00e0 l&rsquo;\u00e9tablissement<\/a> financ\u00e9 par IRCC\u00a0 pour obtenir du soutien pour s&rsquo;acquitter de leurs responsabilit\u00e9s. Vous pouvez faire un contact initial avec l&rsquo;organisme avant l&rsquo;arriv\u00e9e des r\u00e9fugi\u00e9s, puis avoir recours aux services de l&rsquo;organisme apr\u00e8s l&rsquo;arriv\u00e9e des nouveaux arrivants. S&rsquo;il n&rsquo;y a aucun organisme \u00e0 une distance raisonnable de votre communaut\u00e9, v\u00e9rifiez si certains organismes offrent des &lsquo;services en ligne pertinents.<\/p>\n<h4 class=\"color10-bg\" style=\"margin-bottom: 20px; padding: 35px 25px 35px 25px;\"><em><strong>Besoin d&rsquo;aide pour trouver un conseiller en \u00e9tablissement apr\u00e8s l&rsquo;arriv\u00e9e des personnes parrain\u00e9es?<\/strong> <\/em>Communiquez avec un membre de l&rsquo;\u00e9quipe du PFPR! Vous trouverez leurs coordonn\u00e9es <a href=\"https:\/\/www.rstp.ca\/fr\/contactez-nous\/\" target=\"_blank\" rel=\"noopener\">sur cette page<\/a>.<\/h4>\n","protected":false},"excerpt":{"rendered":"<p>Le parrainage de r\u00e9fugi\u00e9s implique un certain nombre de responsabilit\u00e9s morales, financi\u00e8res et juridiques de la part des r\u00e9pondants envers les r\u00e9fugi\u00e9s parrain\u00e9s. Les Signataires d&rsquo;entente de parrainage (SEP), ainsi [&hellip;]<\/p>\n","protected":false},"author":4,"featured_media":0,"parent":1289,"menu_order":1,"comment_status":"open","ping_status":"open","template":"","meta":{"_relevanssi_hide_post":"","_relevanssi_hide_content":"","_relevanssi_pin_for_all":"","_relevanssi_pin_keywords":"","_relevanssi_unpin_keywords":"","_relevanssi_related_keywords":"","_relevanssi_related_include_ids":"","_relevanssi_related_exclude_ids":"","_relevanssi_related_no_append":"","_relevanssi_related_not_related":"","_relevanssi_related_posts":"","_relevanssi_noindex_reason":"","passster_activate_protection":false,"passster_protect_child_pages":"","passster_protection_type":"password","passster_password":"","passster_activate_overwrite_defaults":"","passster_headline":"","passster_instruction":"","passster_placeholder":"","passster_button":"","passster_id":"","passster_activate_misc_settings":"","passster_redirect_url":"","passster_hide":"no","passster_area_shortcode":"","_price":"","_stock":"","_tribe_ticket_header":"","_tribe_default_ticket_provider":"","_tribe_ticket_capacity":"0","_ticket_start_date":"","_ticket_end_date":"","_tribe_ticket_show_description":"","_tribe_ticket_show_not_going":false,"_tribe_ticket_use_global_stock":"","_tribe_ticket_global_stock_level":"","_global_stock_mode":"","_global_stock_cap":"","_tribe_rsvp_for_event":"","_tribe_ticket_going_count":"","_tribe_ticket_not_going_count":"","_tribe_tickets_list":"[]","_tribe_ticket_has_attendee_info_fields":false,"footnotes":""},"meta_box":{"front_blocks":[]},"ticketed":false,"_links":{"self":[{"href":"https:\/\/www.rstp.ca\/fr\/wp-json\/wp\/v2\/pages\/1292"}],"collection":[{"href":"https:\/\/www.rstp.ca\/fr\/wp-json\/wp\/v2\/pages"}],"about":[{"href":"https:\/\/www.rstp.ca\/fr\/wp-json\/wp\/v2\/types\/page"}],"author":[{"embeddable":true,"href":"https:\/\/www.rstp.ca\/fr\/wp-json\/wp\/v2\/users\/4"}],"replies":[{"embeddable":true,"href":"https:\/\/www.rstp.ca\/fr\/wp-json\/wp\/v2\/comments?post=1292"}],"version-history":[{"count":14,"href":"https:\/\/www.rstp.ca\/fr\/wp-json\/wp\/v2\/pages\/1292\/revisions"}],"predecessor-version":[{"id":24217,"href":"https:\/\/www.rstp.ca\/fr\/wp-json\/wp\/v2\/pages\/1292\/revisions\/24217"}],"up":[{"embeddable":true,"href":"https:\/\/www.rstp.ca\/fr\/wp-json\/wp\/v2\/pages\/1289"}],"wp:attachment":[{"href":"https:\/\/www.rstp.ca\/fr\/wp-json\/wp\/v2\/media?parent=1292"}],"curies":[{"name":"wp","href":"https:\/\/api.w.org\/{rel}","templated":true}]}}