{"id":1285,"date":"2014-04-04T10:20:15","date_gmt":"2014-04-04T10:20:15","guid":{"rendered":"http:\/\/rstp.fantomdesign.net\/?page_id=1285"},"modified":"2025-01-30T12:19:58","modified_gmt":"2025-01-30T17:19:58","slug":"verifier-letat-de-votre-demande","status":"publish","type":"page","link":"https:\/\/www.rstp.ca\/fr\/demandes\/verifier-letat-de-votre-demande\/","title":{"rendered":"V\u00e9rifier l&rsquo;\u00e9tat d&rsquo;une demande"},"content":{"rendered":"<p>Les demandeurs r\u00e9fugi\u00e9s peuvent v\u00e9rifier l&rsquo;\u00e9tat de leur demande de parrainage en ligne \u00e0 n&rsquo;importe quelle heure, \u00e0 partir de n&rsquo;importe quel endroit (24 heures sur 24, 7 jours sur 7), mais seulement une fois que la demande a \u00e9t\u00e9 transmise \u00e0 un bureau canadien des visas \u00e0 l&rsquo;\u00e9tranger (l&rsquo;\u00e9tat des demandes actuellement en cours de traitement au Canada ne peut pas \u00eatre v\u00e9rifi\u00e9 en ligne). Les demandeurs principaux peuvent v\u00e9rifier l&rsquo;\u00e9tat de leur demande en acc\u00e9dant au lien suivant : <a href=\"https:\/\/www.canada.ca\/fr\/immigration-refugies-citoyennete\/services\/demande\/verifier-etat.html\" target=\"_blank\" rel=\"noopener\">https:\/\/www.canada.ca\/fr\/immigration-refugies-citoyennete\/services\/demande\/verifier-etat.html<\/a>. Il faut ensuite choisir \u00ab R\u00e9fugi\u00e9 \u00bb puis cliquer sur le bouton \u00ab Allez \u00bb. Les demandeurs auront alors la possibilit\u00e9 de v\u00e9rifier l&rsquo;\u00e9tat de leur demande \u00e0 l&rsquo;aide de l&rsquo;outil d&rsquo;\u00e9tat de la demande du client ou de v\u00e9rifier les d\u00e9lais moyens de traitement des demandes dans la pays o\u00f9 ils se trouvent.<\/p>\n<div class='content-column one_half'><div style=\"padding-right:20px;\"><p>Pour v\u00e9rifier l&rsquo;\u00e9tat d&rsquo;une demande en cours, utilisez <a href=\"https:\/\/services3.cic.gc.ca\/ecas\/security.do?app=ecas&amp;lang=fr\" target=\"_blank\" rel=\"noopener\">l&rsquo;outil de v\u00e9rification de l&rsquo;\u00e9tat de la demande du client (e-CAS)<\/a>.<\/p>\n<p>Pour v\u00e9rifier \u00e0 quelle \u00e9tape de traitement se trouve votre dossier, saisissez le num\u00e9ro de dossier (num\u00e9ro G) fourni par le Centre des op\u00e9rations de r\u00e9installation &#8211; Ottawa (COR-O) ou votre num\u00e9ro d&rsquo;identification du client de 8 ou 10 chiffres, ainsi que le nom de famille, la date de naissance et le lieu de naissance du demandeur principal.<\/p><\/div><\/div><div class='content-column one_half last_column'><p>Si <a href=\"http:\/\/www.cic.gc.ca\/francais\/information\/delais\/perm\/ref-prive.asp\" target=\"_blank\" rel=\"noopener\">la dur\u00e9e moyenne de traitement au bureau des visas \u00e0 l&rsquo;\u00e9tranger<\/a> a \u00e9t\u00e9 d\u00e9pass\u00e9e et que vous n&rsquo;avez re\u00e7u re\u00e7u aucune communication du bureau des visas, vous pouvez soumettre une demande de mise \u00e0 jour de l&rsquo;\u00e9tat de la demande \u00e0 l&rsquo;aide du formulaire Web d&rsquo;IRCC. Les coordonn\u00e9es des bureaux canadiens des visas, dont le formulaire Web propre \u00e0 chaque bureau des visas, se trouvent sur la page suivante : <a href=\"https:\/\/www.canada.ca\/fr\/immigration-refugies-citoyennete\/organisation\/contactez-ircc\/bureaux\/bureaux-internationaux-visas.html\" target=\"_blank\" rel=\"noopener\">https:\/\/www.canada.ca\/fr\/immigration-refugies-citoyennete\/organisation\/contactez-ircc\/bureaux\/bureaux-internationaux-visas.html<\/a><\/p>\n<p>Pour informer le COR-O de tout changement concernant la demande (pendant que la demande est en cours de traitement au Canada), tel que des changements \u00e0 la composition de la famille (mariage, naissance, divorce, d\u00e9c\u00e8s, etc), un changement de coordonn\u00e9es ou de repr\u00e9sentant officiel ou encore le retrait d&rsquo;une demande, veuillez \u00e9crire \u00e0 l&rsquo;adresse suivante : <a href=\"mailto:IRCC.INROCO-CORORI.IRCC@cic.gc.ca\" target=\"_blank\" rel=\"noopener\">IRCC.INROCO-CORORI.IRCC@cic.gc.ca<\/a>. Lorsque la demande est en cours de traitement \u00e0 l&rsquo;\u00e9tranger, communiquez plut\u00f4t avec le bureau canadien des visas \u00e0 l&rsquo;\u00e9tranger pertinent (voir le lien ci-dessus) pour mettre \u00e0 jour les renseignements.<\/div><div class='clear_column'><\/div><\/p>\n","protected":false},"excerpt":{"rendered":"<p>Les demandeurs r\u00e9fugi\u00e9s peuvent v\u00e9rifier l&rsquo;\u00e9tat de leur demande de parrainage en ligne \u00e0 n&rsquo;importe quelle heure, \u00e0 partir de n&rsquo;importe quel endroit (24 heures sur 24, 7 jours sur [&hellip;]<\/p>\n","protected":false},"author":4,"featured_media":0,"parent":1266,"menu_order":4,"comment_status":"open","ping_status":"closed","template":"","meta":{"_relevanssi_hide_post":"","_relevanssi_hide_content":"","_relevanssi_pin_for_all":"","_relevanssi_pin_keywords":"","_relevanssi_unpin_keywords":"","_relevanssi_related_keywords":"","_relevanssi_related_include_ids":"","_relevanssi_related_exclude_ids":"","_relevanssi_related_no_append":"","_relevanssi_related_not_related":"","_relevanssi_related_posts":"","_relevanssi_noindex_reason":"","passster_activate_protection":false,"passster_protect_child_pages":"","passster_protection_type":"password","passster_password":"","passster_activate_overwrite_defaults":"","passster_headline":"","passster_instruction":"","passster_placeholder":"","passster_button":"","passster_id":"","passster_activate_misc_settings":"","passster_redirect_url":"","passster_hide":"no","passster_area_shortcode":"","_price":"","_stock":"","_tribe_ticket_header":"","_tribe_default_ticket_provider":"","_tribe_ticket_capacity":"0","_ticket_start_date":"","_ticket_end_date":"","_tribe_ticket_show_description":"","_tribe_ticket_show_not_going":false,"_tribe_ticket_use_global_stock":"","_tribe_ticket_global_stock_level":"","_global_stock_mode":"","_global_stock_cap":"","_tribe_rsvp_for_event":"","_tribe_ticket_going_count":"","_tribe_ticket_not_going_count":"","_tribe_tickets_list":"[]","_tribe_ticket_has_attendee_info_fields":false,"footnotes":""},"meta_box":{"front_blocks":[]},"ticketed":false,"_links":{"self":[{"href":"https:\/\/www.rstp.ca\/fr\/wp-json\/wp\/v2\/pages\/1285"}],"collection":[{"href":"https:\/\/www.rstp.ca\/fr\/wp-json\/wp\/v2\/pages"}],"about":[{"href":"https:\/\/www.rstp.ca\/fr\/wp-json\/wp\/v2\/types\/page"}],"author":[{"embeddable":true,"href":"https:\/\/www.rstp.ca\/fr\/wp-json\/wp\/v2\/users\/4"}],"replies":[{"embeddable":true,"href":"https:\/\/www.rstp.ca\/fr\/wp-json\/wp\/v2\/comments?post=1285"}],"version-history":[{"count":6,"href":"https:\/\/www.rstp.ca\/fr\/wp-json\/wp\/v2\/pages\/1285\/revisions"}],"predecessor-version":[{"id":22374,"href":"https:\/\/www.rstp.ca\/fr\/wp-json\/wp\/v2\/pages\/1285\/revisions\/22374"}],"up":[{"embeddable":true,"href":"https:\/\/www.rstp.ca\/fr\/wp-json\/wp\/v2\/pages\/1266"}],"wp:attachment":[{"href":"https:\/\/www.rstp.ca\/fr\/wp-json\/wp\/v2\/media?parent=1285"}],"curies":[{"name":"wp","href":"https:\/\/api.w.org\/{rel}","templated":true}]}}