{"id":1269,"date":"2014-04-04T10:13:15","date_gmt":"2014-04-04T10:13:15","guid":{"rendered":"http:\/\/rstp.fantomdesign.net\/?page_id=1269"},"modified":"2026-03-15T13:58:37","modified_gmt":"2026-03-15T18:58:37","slug":"les-formulaires-de-demande","status":"publish","type":"page","link":"https:\/\/www.rstp.ca\/fr\/demandes\/les-formulaires-de-demande\/","title":{"rendered":"Les formulaires de demande de parrainage de r\u00e9fugi\u00e9s"},"content":{"rendered":"<div class=\"color10-bg\" style=\"margin-bottom: 30px; padding: 35px 35px 10px 35px;\">\n<p><strong><span style=\"color: #ff0000;\">IMPORTANT!<\/span><\/strong> Immigration, R\u00e9fugi\u00e9s et Citoyennet\u00e9 Canada (IRCC) a temporairement cess\u00e9 d\u2019accepter les nouvelles demandes des Groupes de cinq et des R\u00e9pondants communautaires dans le cadre du Programme de parrainage priv\u00e9 de r\u00e9fugi\u00e9s (PPPR) depuis le <strong> 29&nbsp;novembre 2024<\/strong>.<\/p>\n<p>Bien que cette mesure demeurera en vigueur jusqu\u2019au <strong> 31&nbsp;d\u00e9cembre 2026<\/strong>, IRCC continuera de traiter les demandes du PPPR qui ont \u00e9t\u00e9 re\u00e7ues avant le 29&nbsp;novembre 2024 et de r\u00e9installer les r\u00e9fugi\u00e9s parrain\u00e9s au Canada. Vous trouverez <strong>de plus amples renseignements<\/strong> <a href=\"https:\/\/www.rstp.ca\/fr\/refugee-sponsorship\/latest-policy-program-update\/prolongation-de-la-suspension-temporaire-jusquau-31-decembre-2026-des-nouvelles-demandes-presentees-par-les-groupes-de-cinq-et-les-repondants-communautaires-dans-le-cadre-du-programme-de-parrainage\/\" target=\"_blank\" rel=\"noopener\">ici<\/a>.<\/p>\n<\/div>\n<div class='content-column one_half'><div style=\"padding-right:20px;\"><h2>Formulaires des groupes de parrainage\u00a0:<\/h2>\n<h3><span style=\"color: #000000;\"><strong>Signataires d\u2019entente de parrainage :<\/strong><\/span><\/h3>\n<p><a href=\"https:\/\/www.canada.ca\/fr\/immigration-refugies-citoyennete\/services\/demande\/formulaires-demande-guides\/guide-parrainer-refugies-signataires-entente-groupes-constitutifs.html\" target=\"_blank\" rel=\"noopener\">Lisez le guide<\/a> avant de commencer.<\/p>\n<ul>\n<li><a href=\"https:\/\/www.canada.ca\/content\/dam\/ircc\/migration\/ircc\/francais\/pdf\/trousses\/form\/imm5373f.pdf\" target=\"_blank\" rel=\"noopener\">Engagement de parrainage \u2013 Signataires d\u2019entente de parrainage\u00a0(SEP) [IMM\u00a05373] <\/a><\/li>\n<li><a href=\"https:\/\/www.canada.ca\/content\/dam\/ircc\/migration\/ircc\/francais\/pdf\/trousses\/form\/imm5440f.pdf\" target=\"_blank\" rel=\"noopener\">Plan d\u2019\u00e9tablissement \u2014 Signataires d\u2019entente de parrainage\u00a0(SEP) [IMM\u00a05440]<\/a><\/li>\n<li><a href=\"https:\/\/www.canada.ca\/content\/dam\/ircc\/migration\/ircc\/francais\/pdf\/trousses\/form\/imm5492f.pdf\" target=\"_blank\" rel=\"noopener\">\u00c9valuation du r\u00e9pondant [IMM\u00a05492]<\/a><\/li>\n<\/ul>\n<h3><span style=\"color: #000000;\"><strong>Groupes de cinq\u00ad :<\/strong><\/span><\/h3>\n<p><a href=\"https:\/\/www.canada.ca\/fr\/immigration-refugies-citoyennete\/services\/demande\/formulaires-demande-guides\/guide-parrainer-refugies-refugies-groupes-cinq.html\" target=\"_blank\" rel=\"noopener\">Lisez le guide<\/a> avant de commencer.<\/p>\n<ul>\n<li><a href=\"https:\/\/www.canada.ca\/content\/dam\/ircc\/migration\/ircc\/francais\/pdf\/trousses\/form\/imm5670f.pdf\" target=\"_blank\" rel=\"noopener\">Engagement de parrainage et plan d\u2019\u00e9tablissement \u2013 Groupes de cinq [IMM\u00a05670]<\/a><\/li>\n<li><a href=\"https:\/\/www.canada.ca\/content\/dam\/ircc\/migration\/ircc\/francais\/pdf\/trousses\/form\/imm5492f.pdf\" target=\"_blank\" rel=\"noopener\">\u00c9valuation du r\u00e9pondant [IMM 5492]<\/a><\/li>\n<li><a href=\"https:\/\/www.canada.ca\/content\/dam\/ircc\/migration\/ircc\/francais\/pdf\/trousses\/form\/imm5373bf.pdf\" target=\"_blank\" rel=\"noopener\">Profil financier [IMM 5373B]<\/a><\/li>\n<\/ul>\n<h3><span style=\"color: #000000;\"><strong>R\u00e9pondants communautaires :<\/strong><\/span><\/h3>\n<p><a href=\"https:\/\/www.canada.ca\/fr\/immigration-refugies-citoyennete\/services\/demande\/formulaires-demande-guides\/guide-parrainer-refugies-repondants-communautaires.html\" target=\"_blank\" rel=\"noopener\">Lisez le guide<\/a> avant de commencer.<\/p>\n<ul>\n<li><a href=\"https:\/\/www.canada.ca\/content\/dam\/ircc\/migration\/ircc\/francais\/pdf\/trousses\/form\/imm5663f.pdf\" target=\"_blank\" rel=\"noopener\">Engagement de parrainage et plan d\u2019\u00e9tablissement \u2013 R\u00e9pondants communautaires (RC) [IMM\u00a05663]<\/a><\/li>\n<li><a href=\"https:\/\/www.canada.ca\/content\/dam\/ircc\/migration\/ircc\/francais\/pdf\/trousses\/form\/imm5492f.pdf\" target=\"_blank\" rel=\"noopener\">\u00c9valuation du r\u00e9pondant [IMM\u00a05492]<\/a><\/li>\n<li><a href=\"https:\/\/www.canada.ca\/content\/dam\/ircc\/migration\/ircc\/francais\/pdf\/trousses\/form\/imm5373bf.pdf\" target=\"_blank\" rel=\"noopener\">Profil financier [IMM\u00a05373B]<\/a><\/li>\n<\/ul><\/div><\/div><div class='content-column one_half last_column'><h2>Formulaires du demandeur r\u00e9fugi\u00e9\u00a0:<\/h2>\n<h3><span style=\"color: #000000;\"><strong>Formulaires des demandeurs\u00a0:<\/strong><\/span><\/h3>\n<p><a href=\"https:\/\/www.canada.ca\/fr\/immigration-refugies-citoyennete\/services\/demande\/formulaires-demande-guides\/guide-6000-refugies-convention-personnes-protegees-humanitaire-outre-frontieres.html\" target=\"_blank\" rel=\"noopener\">Lisez le guide<\/a> avant de commener.<\/p>\n<ul>\n<li><a href=\"https:\/\/www.canada.ca\/content\/dam\/ircc\/migration\/ircc\/francais\/pdf\/trousses\/form\/imm0008fra_2d.pdf\" target=\"_blank\" rel=\"noopener\">Formulaire de demande g\u00e9n\u00e9rique pour le Canada [IMM\u00a00008]<\/a><\/li>\n<li><a href=\"https:\/\/www.canada.ca\/content\/dam\/ircc\/migration\/ircc\/francais\/pdf\/trousses\/form\/imm5669f.pdf\" target=\"_blank\" rel=\"noopener\">Annexe\u00a0A \u2013 Ant\u00e9c\u00e9dents\/D\u00e9claration [IMM\u00a05669]<\/a><\/li>\n<li><a href=\"https:\/\/www.canada.ca\/content\/dam\/ircc\/migration\/ircc\/francais\/pdf\/trousses\/form\/imm0008_2f.pdf\" target=\"_blank\" rel=\"noopener\">Annexe\u00a02\u00a0: R\u00e9fugi\u00e9s hors Canada [IMM\u00a00008\/Annexe\u00a02]<\/a><\/li>\n<\/ul><\/div><div class='clear_column'><\/div><\/p>\n<h2>Autres formulaires :<\/h2>\n<ul>\n<li><a href=\"https:\/\/www.canada.ca\/content\/dam\/ircc\/migration\/ircc\/francais\/pdf\/trousses\/form\/imm5476f.pdf\" target=\"_blank\" rel=\"noopener\">Recours aux services d\u2019un repr\u00e9sentant\u00a0[IMM\u00a05476]<\/a><\/li>\n<li><a href=\"https:\/\/www.canada.ca\/content\/dam\/ircc\/migration\/ircc\/francais\/pdf\/trousses\/form\/imm5956f.pdf\" target=\"_blank\" rel=\"noopener\">D\u00e9signation de repr\u00e9sentants dans une collectivit\u00e9 d\u2019\u00e9tablissement pr\u00e9vue [IMM\u00a05956]<\/a><\/li>\n<li><a href=\"https:\/\/www.canada.ca\/fr\/immigration-refugies-citoyennete\/services\/demande\/formulaires-demande-guides\/demande-parrainage-refugies-parrainage-aide-conjointe.html\" target=\"_blank\" rel=\"noopener\">Demande de parrainage de r\u00e9fugi\u00e9s dans le cadre du Programme d\u2019aide conjointe<\/a><\/li>\n<li><a href=\"https:\/\/www.canada.ca\/fr\/immigration-refugies-citoyennete\/services\/demande\/formulaires-demande-guides\/demande-traitement-visant-membres-famille-delai-prescrit-un-an.html\" target=\"_blank\" rel=\"noopener\">Demande de traitement visant les membres de la famille \u00e0 l&rsquo;\u00e9tranger dans le cadre du d\u00e9lai prescrit d&rsquo;un an<\/a><\/li>\n<li><a href=\"https:\/\/www.canada.ca\/content\/dam\/ircc\/migration\/ircc\/francais\/pdf\/trousses\/form\/imm5618f.pdf\" target=\"_blank\" rel=\"noopener\">Demande en vue de l\u2019ajout d\u2019un membre de la famille a une demande de refugi\u00e9 parrain\u00e9 par le secteur priv\u00e9 [IMM5618]<\/a><\/li>\n<li><a href=\"https:\/\/www.canada.ca\/content\/dam\/ircc\/documents\/pdf\/francais\/trousses\/form\/imm0193f.pdf\" target=\"_blank\" rel=\"noopener\">Signataire d&rsquo;entente de parrainage (SEP) &#8211; Formulaire de changement de coordonn\u00e9es [IMM 0193]<\/a><\/li>\n<\/ul>\n","protected":false},"excerpt":{"rendered":"<p>IMPORTANT! Immigration, R\u00e9fugi\u00e9s et Citoyennet\u00e9 Canada (IRCC) a temporairement cess\u00e9 d\u2019accepter les nouvelles demandes des Groupes de cinq et des R\u00e9pondants communautaires dans le cadre du Programme de parrainage priv\u00e9 [&hellip;]<\/p>\n","protected":false},"author":4,"featured_media":0,"parent":1266,"menu_order":2,"comment_status":"open","ping_status":"closed","template":"","meta":{"_relevanssi_hide_post":"","_relevanssi_hide_content":"","_relevanssi_pin_for_all":"","_relevanssi_pin_keywords":"","_relevanssi_unpin_keywords":"","_relevanssi_related_keywords":"","_relevanssi_related_include_ids":"","_relevanssi_related_exclude_ids":"","_relevanssi_related_no_append":"","_relevanssi_related_not_related":"","_relevanssi_related_posts":"","_relevanssi_noindex_reason":"","passster_activate_protection":false,"passster_protect_child_pages":"","passster_protection_type":"password","passster_password":"","passster_activate_overwrite_defaults":"","passster_headline":"","passster_instruction":"","passster_placeholder":"","passster_button":"","passster_id":"","passster_activate_misc_settings":"","passster_redirect_url":"","passster_hide":"no","passster_area_shortcode":"","_price":"","_stock":"","_tribe_ticket_header":"","_tribe_default_ticket_provider":"","_tribe_ticket_capacity":"0","_ticket_start_date":"","_ticket_end_date":"","_tribe_ticket_show_description":"","_tribe_ticket_show_not_going":false,"_tribe_ticket_use_global_stock":"","_tribe_ticket_global_stock_level":"","_global_stock_mode":"","_global_stock_cap":"","_tribe_rsvp_for_event":"","_tribe_ticket_going_count":"","_tribe_ticket_not_going_count":"","_tribe_tickets_list":"[]","_tribe_ticket_has_attendee_info_fields":false,"footnotes":""},"meta_box":{"front_blocks":[]},"ticketed":false,"_links":{"self":[{"href":"https:\/\/www.rstp.ca\/fr\/wp-json\/wp\/v2\/pages\/1269"}],"collection":[{"href":"https:\/\/www.rstp.ca\/fr\/wp-json\/wp\/v2\/pages"}],"about":[{"href":"https:\/\/www.rstp.ca\/fr\/wp-json\/wp\/v2\/types\/page"}],"author":[{"embeddable":true,"href":"https:\/\/www.rstp.ca\/fr\/wp-json\/wp\/v2\/users\/4"}],"replies":[{"embeddable":true,"href":"https:\/\/www.rstp.ca\/fr\/wp-json\/wp\/v2\/comments?post=1269"}],"version-history":[{"count":39,"href":"https:\/\/www.rstp.ca\/fr\/wp-json\/wp\/v2\/pages\/1269\/revisions"}],"predecessor-version":[{"id":24611,"href":"https:\/\/www.rstp.ca\/fr\/wp-json\/wp\/v2\/pages\/1269\/revisions\/24611"}],"up":[{"embeddable":true,"href":"https:\/\/www.rstp.ca\/fr\/wp-json\/wp\/v2\/pages\/1266"}],"wp:attachment":[{"href":"https:\/\/www.rstp.ca\/fr\/wp-json\/wp\/v2\/media?parent=1269"}],"curies":[{"name":"wp","href":"https:\/\/api.w.org\/{rel}","templated":true}]}}