{"id":1225,"date":"2014-04-04T09:51:22","date_gmt":"2014-04-04T09:51:22","guid":{"rendered":"http:\/\/rstp.fantomdesign.net\/?page_id=1225"},"modified":"2026-01-14T13:14:34","modified_gmt":"2026-01-14T18:14:34","slug":"refugies","status":"publish","type":"page","link":"https:\/\/www.rstp.ca\/fr\/refugies\/","title":{"rendered":"R\u00e9fugi\u00e9s"},"content":{"rendered":"<ul>\n<li><a href=\"https:\/\/www.rstp.ca\/fr\/refugies\/etes-vous-admissible\/\" target=\"_blank\" rel=\"noopener\">\u00cates-vous recevable?<\/a><\/li>\n<li><a href=\"https:\/\/www.rstp.ca\/fr\/refugies\/preparation-a-lentrevue\/\" target=\"_blank\" rel=\"noopener\">Pr\u00e9paration \u00e0 l&rsquo;entrevue<\/a><\/li>\n<li><a href=\"https:\/\/www.rstp.ca\/fr\/refugies\/a-quoi-s-attendre\/\" target=\"_blank\" rel=\"noopener\">\u00c0 quoi s&rsquo;attendre<\/a><\/li>\n<li><a href=\"https:\/\/www.rstp.ca\/fr\/les-droits-des-refugies-parraines-par-le-secteur-prive\/\" target=\"_blank\" rel=\"noopener\">Les droits des r\u00e9fugi\u00e9s parrain\u00e9s par le secteur priv\u00e9<\/a><\/li>\n<li><a href=\"https:\/\/www.rstp.ca\/fr\/refugies\/conditions-dans-les-pays-dorigine\/\" target=\"_blank\" rel=\"noopener\">Conditions dans les pays d\u2019origine<\/a><\/li>\n<li><a href=\"https:\/\/www.rstp.ca\/fr\/refugies\/regroupement-familial\/\" target=\"_blank\" rel=\"noopener\">D\u00e9lai prescrit d&rsquo;un an (regroupement familial)<\/a><\/li>\n<li><a href=\"https:\/\/www.rstp.ca\/fr\/refugies\/la-persecution-basee-sur-lorientation-sexuelle-et-identite-de-genre\/\" target=\"_blank\" rel=\"noopener\">La pers\u00e9cution bas\u00e9e sur l&rsquo;orientation sexuelle et l&rsquo;identit\u00e9 et expression de genre<\/a><\/li>\n<\/ul>\n","protected":false},"excerpt":{"rendered":"<p>\u00cates-vous recevable? Pr\u00e9paration \u00e0 l&rsquo;entrevue \u00c0 quoi s&rsquo;attendre Les droits des r\u00e9fugi\u00e9s parrain\u00e9s par le secteur priv\u00e9 Conditions dans les pays d\u2019origine D\u00e9lai prescrit d&rsquo;un an (regroupement familial) La pers\u00e9cution [&hellip;]<\/p>\n","protected":false},"author":4,"featured_media":0,"parent":0,"menu_order":2,"comment_status":"open","ping_status":"open","template":"","meta":{"_relevanssi_hide_post":"","_relevanssi_hide_content":"","_relevanssi_pin_for_all":"","_relevanssi_pin_keywords":"","_relevanssi_unpin_keywords":"","_relevanssi_related_keywords":"","_relevanssi_related_include_ids":"","_relevanssi_related_exclude_ids":"","_relevanssi_related_no_append":"","_relevanssi_related_not_related":"","_relevanssi_related_posts":"","_relevanssi_noindex_reason":"","passster_activate_protection":false,"passster_protect_child_pages":"","passster_protection_type":"password","passster_password":"","passster_activate_overwrite_defaults":"","passster_headline":"","passster_instruction":"","passster_placeholder":"","passster_button":"","passster_id":"","passster_activate_misc_settings":"","passster_redirect_url":"","passster_hide":"no","passster_area_shortcode":"","_price":"","_stock":"","_tribe_ticket_header":"","_tribe_default_ticket_provider":"","_tribe_ticket_capacity":"0","_ticket_start_date":"","_ticket_end_date":"","_tribe_ticket_show_description":"","_tribe_ticket_show_not_going":false,"_tribe_ticket_use_global_stock":"","_tribe_ticket_global_stock_level":"","_global_stock_mode":"","_global_stock_cap":"","_tribe_rsvp_for_event":"","_tribe_ticket_going_count":"","_tribe_ticket_not_going_count":"","_tribe_tickets_list":"[]","_tribe_ticket_has_attendee_info_fields":false,"footnotes":""},"meta_box":{"front_blocks":[]},"ticketed":false,"_links":{"self":[{"href":"https:\/\/www.rstp.ca\/fr\/wp-json\/wp\/v2\/pages\/1225"}],"collection":[{"href":"https:\/\/www.rstp.ca\/fr\/wp-json\/wp\/v2\/pages"}],"about":[{"href":"https:\/\/www.rstp.ca\/fr\/wp-json\/wp\/v2\/types\/page"}],"author":[{"embeddable":true,"href":"https:\/\/www.rstp.ca\/fr\/wp-json\/wp\/v2\/users\/4"}],"replies":[{"embeddable":true,"href":"https:\/\/www.rstp.ca\/fr\/wp-json\/wp\/v2\/comments?post=1225"}],"version-history":[{"count":6,"href":"https:\/\/www.rstp.ca\/fr\/wp-json\/wp\/v2\/pages\/1225\/revisions"}],"predecessor-version":[{"id":24200,"href":"https:\/\/www.rstp.ca\/fr\/wp-json\/wp\/v2\/pages\/1225\/revisions\/24200"}],"wp:attachment":[{"href":"https:\/\/www.rstp.ca\/fr\/wp-json\/wp\/v2\/media?parent=1225"}],"curies":[{"name":"wp","href":"https:\/\/api.w.org\/{rel}","templated":true}]}}