{"id":1208,"date":"2014-04-04T09:35:42","date_gmt":"2014-04-04T09:35:42","guid":{"rendered":"http:\/\/rstp.fantomdesign.net\/?page_id=1208"},"modified":"2020-09-02T17:02:09","modified_gmt":"2020-09-02T21:02:09","slug":"admissibilite","status":"publish","type":"page","link":"https:\/\/www.rstp.ca\/fr\/parrainage-de-refugies\/foire-aux-questions\/admissibilite\/","title":{"rendered":"Admissibilit\u00e9"},"content":{"rendered":"<div id=\"wp-spoiler-1\" class=\"accordion-box\" data-style=\"first\">  <p class=\"accordion-title\">1. Qu\u2019est-ce que l\u2019admissibilit\u00e9?<\/p><div class=\"accordion-body\">Pour la r\u00e9installation des r\u00e9fugi\u00e9s, l\u2019admissibilit\u00e9 est une exigence l\u00e9gale pour d\u00e9terminer si un demandeur est autoris\u00e9 \u00e0 entrer au Canada. L\u2019admissibilit\u00e9 consiste dans les contr\u00f4les de la sant\u00e9, de la s\u00e9curit\u00e9, et v\u00e9rifications des ant\u00e9c\u00e9dents criminels. Ces contr\u00f4les sont r\u00e9alis\u00e9s par le bureau canadien des visas apr\u00e8s qu\u2019une d\u00e9cision positive a \u00e9t\u00e9 faite sur la base de la demande et \/ ou une entrevue avec le demandeur d&rsquo;asile. Des exemples de motifs d&rsquo;inadmissibilit\u00e9 comprennent le fait que l&rsquo;individu constitue une menace pour la s\u00e9curit\u00e9 nationale, a des ant\u00e9c\u00e9dents de criminalit\u00e9 grave ou organis\u00e9e, a commis des violations du droit international ou des droits humains, constitue un danger pour la sant\u00e9 publique (par exemple la tuberculose r\u00e9sistante aux m\u00e9dicaments).<\/div>  <\/div><!-- end div.wp-spoiler -->\n<div id=\"wp-spoiler-2\" class=\"accordion-box\" data-style=\"wpui-light\">  <p class=\"accordion-title\">2. Le demandeur d'asile \u00e9tait dans l'arm\u00e9e. Est-ce un probl\u00e8me?<\/p><div class=\"accordion-body\">Pas n\u00e9cessairement. L\u2019inadmissibilit\u00e9 en raison de l&rsquo;implication militaire repose sur le r\u00f4le, le grade et les responsabilit\u00e9s que le demandeur du statut de r\u00e9fugi\u00e9 avait au moment de leur participation. G\u00e9n\u00e9ralement, les gens qui ont commis des violations graves des droits humains, les crimes contre l&rsquo;humanit\u00e9 ou crimes de guerre ne sont pas admissibles. Le gouvernement du Canada a d\u00e9sign\u00e9 certains r\u00e9gimes comme auteurs de violations flagrantes des droits de l&rsquo;homme. De hauts responsables des r\u00e9gimes d\u00e9sign\u00e9s comme tels peuvent par cons\u00e9quent \u00eatre consid\u00e9r\u00e9s comme inadmissibles au Canada.<\/div>  <\/div><!-- end div.wp-spoiler -->\n<div id=\"wp-spoiler-3\" class=\"accordion-box\" data-style=\"wpui-light\">  <p class=\"accordion-title\">3. Si le demandeur d'asile a un probl\u00e8me m\u00e9dical, peut-il \u00eatre rejet\u00e9?<\/p><div class=\"accordion-body\">Cela d\u00e9pend de l&rsquo;\u00e9tat de sant\u00e9. Dans le cas des r\u00e9fugi\u00e9s r\u00e9install\u00e9s, les personnes qui ont une maladie qui est consid\u00e9r\u00e9e comme une menace pour la sant\u00e9 ou un danger pour la sant\u00e9 et \/ ou la s\u00e9curit\u00e9 du public canadien ne peuvent pas \u00eatre autoris\u00e9s \u00e0 se r\u00e9installer au Canada (par exemple la tuberculose r\u00e9sistante aux m\u00e9dicaments).<\/div>  <\/div><!-- end div.wp-spoiler -->\n<div id=\"wp-spoiler-4\" class=\"accordion-box\" data-style=\"wpui-light\">  <p class=\"accordion-title\">4. Que faire si le demandeur d'asile est s\u00e9ropositif ou est atteint du SIDA?<\/p><div class=\"accordion-body\">Un demandeur d&rsquo;asile qui est s\u00e9ropositif ou atteint du SIDA n&rsquo;est pas automatiquement inadmissible pour des raisons m\u00e9dicales. Les candidats qui sont s\u00e9ropositifs ou atteints du SIDA recevront le \u00abDocument d\u2019information sur le suivi m\u00e9dical : Infection par le VIH \u00bb du m\u00e9decin d\u00e9sign\u00e9 qui comprend des informations sur le VIH et informe le demandeur de contacter un centre de sant\u00e9 sp\u00e9cialis\u00e9 dans les soins du VIH \/ SIDA une fois au Canada. Le demandeur d&rsquo;asile recevra \u00e9galement le counselling ult\u00e9rieur au test du d\u00e9pistage de VIH o\u00f9 un suivi m\u00e9dical et des soins au Canada sont discut\u00e9s avec le patient.<\/div>  <\/div><!-- end div.wp-spoiler -->\n<div id=\"wp-spoiler-5\" class=\"accordion-box\" data-style=\"wpui-light\">  <p class=\"accordion-title\">5. Pourquoi les demandeurs d'asile doivent subir une v\u00e9rification de leurs ant\u00e9c\u00e9dents de criminalit\u00e9?<\/p><div class=\"accordion-body\">Le gouvernement du Canada effectue des v\u00e9rifications des ant\u00e9c\u00e9dents criminels pour les demandeurs d&rsquo;asile afin de d\u00e9terminer si le demandeur n\u2019a \u00e9t\u00e9 reconnu coupable d&rsquo;aucun crime ou a commis des actes ou omissions qui feraient de lui \/ elle inadmissible au Canada.<\/div>  <\/div><!-- end div.wp-spoiler -->\n<div id=\"wp-spoiler-6\" class=\"accordion-box\" data-style=\"wpui-light\">  <p class=\"accordion-title\">6. Pour le contr\u00f4le de la criminalit\u00e9, est-ce-que le demandeur d'asile doit demander un certificat de police de son pays d'origine?<\/p><div class=\"accordion-body\">Non, on n\u2019est pas cens\u00e9 demander aux demandeurs d&rsquo;asile de faire cela parce que cela pourrait les mettre en danger de pers\u00e9cution. Un agent des visas canadien pourrait toutefois exiger le demandeur d&rsquo;obtenir un certificat de police du pays de r\u00e9sidence actuel. Une incapacit\u00e9 \u00e0 fournir un tel certificat ne donnera pas lieu \u00e0 un rejet de la demande de parrainage de r\u00e9fugi\u00e9s si le demandeur d&rsquo;asile est en mesure de fournir une raison \u00e0 cela. Le d\u00e9faut de fournir une raison ou explication peut susciter des inqui\u00e9tudes quant \u00e0 la cr\u00e9dibilit\u00e9 du demandeur d&rsquo;asile.<\/div>  <\/div><!-- end div.wp-spoiler -->\n<div id=\"wp-spoiler-7\" class=\"accordion-box\" data-style=\"wpui-light\">  <p class=\"accordion-title\">7. Qu'est-ce que le contr\u00f4le de s\u00e9curit\u00e9?<\/p><div class=\"accordion-body\">Un contr\u00f4le de s\u00e9curit\u00e9 est effectu\u00e9 par le gouvernement du Canada pour identifier les personnes qui peuvent pr\u00e9senter un risque pour la s\u00e9curit\u00e9 du Canada. Les demandeurs d&rsquo;asile qui s\u2019av\u00e8rent avoir \u00e9t\u00e9 ou sont encore membres d&rsquo;organisations terroristes et des personnes qui ont commis des violations graves des droits humains, les crimes contre l&rsquo;humanit\u00e9 ou de crimes de guerre ne sont pas admissibles au Canada (cad &#8211; ne sont pas autoris\u00e9s \u00e0 entrer et vivre au Canada). En outre, le gouvernement du Canada a d\u00e9sign\u00e9 certains r\u00e9gimes comme auteurs de violations flagrantes des droits de l&rsquo;homme. Les personnes qui \u00e9taient des hauts fonctionnaires des r\u00e9gimes d\u00e9sign\u00e9s peuvent alors \u00eatre consid\u00e9r\u00e9es comme inadmissibles au Canada.<\/div>  <\/div><!-- end div.wp-spoiler -->\n<div id=\"wp-spoiler-8\" class=\"accordion-box\" data-style=\"wpui-light\">  <p class=\"accordion-title\">8. Si le demandeur d'asile principal ou l'un des autres membres de la famille cit\u00e9s sur l'Engagement du parrainage est jug\u00e9 inadmissible, pouvons-nous aller de l'avant et parrainer le reste de la famille?<\/p><div class=\"accordion-body\">Non, en vertu de l&rsquo;article 42 de la LIPR, si l&rsquo;un des candidats (principal ou \u00e0 charge) est inadmissible, tous les membres de la famille inclus dans la demande de parrainage de r\u00e9fugi\u00e9s (ceux qui accompagnent ou n\u2019accompagnent pas) sont consid\u00e9r\u00e9s comme inadmissibles et ne pourront pas \u00eatre parrain\u00e9s.<\/div>  <\/div><!-- end div.wp-spoiler -->\n<p><a class=\"button style1\" style=\"margin-bottom: 25px;\" href=\"\/fr\/parrainage-de-refugies\/foire-aux-questions\/\">Retour<\/a><\/p>\n","protected":false},"excerpt":{"rendered":"<p>Retour<\/p>\n","protected":false},"author":4,"featured_media":0,"parent":1199,"menu_order":0,"comment_status":"open","ping_status":"open","template":"","meta":{"_relevanssi_hide_post":"","_relevanssi_hide_content":"","_relevanssi_pin_for_all":"","_relevanssi_pin_keywords":"","_relevanssi_unpin_keywords":"","_relevanssi_related_keywords":"","_relevanssi_related_include_ids":"","_relevanssi_related_exclude_ids":"","_relevanssi_related_no_append":"","_relevanssi_related_not_related":"","_relevanssi_related_posts":"","_relevanssi_noindex_reason":"","passster_activate_protection":false,"passster_protect_child_pages":"","passster_protection_type":"password","passster_password":"","passster_activate_overwrite_defaults":"","passster_headline":"","passster_instruction":"","passster_placeholder":"","passster_button":"","passster_id":"","passster_activate_misc_settings":"","passster_redirect_url":"","passster_hide":"no","passster_area_shortcode":"","_price":"","_stock":"","_tribe_ticket_header":"","_tribe_default_ticket_provider":"","_tribe_ticket_capacity":"0","_ticket_start_date":"","_ticket_end_date":"","_tribe_ticket_show_description":"","_tribe_ticket_show_not_going":false,"_tribe_ticket_use_global_stock":"","_tribe_ticket_global_stock_level":"","_global_stock_mode":"","_global_stock_cap":"","_tribe_rsvp_for_event":"","_tribe_ticket_going_count":"","_tribe_ticket_not_going_count":"","_tribe_tickets_list":"[]","_tribe_ticket_has_attendee_info_fields":false,"footnotes":""},"meta_box":{"front_blocks":[]},"ticketed":false,"_links":{"self":[{"href":"https:\/\/www.rstp.ca\/fr\/wp-json\/wp\/v2\/pages\/1208"}],"collection":[{"href":"https:\/\/www.rstp.ca\/fr\/wp-json\/wp\/v2\/pages"}],"about":[{"href":"https:\/\/www.rstp.ca\/fr\/wp-json\/wp\/v2\/types\/page"}],"author":[{"embeddable":true,"href":"https:\/\/www.rstp.ca\/fr\/wp-json\/wp\/v2\/users\/4"}],"replies":[{"embeddable":true,"href":"https:\/\/www.rstp.ca\/fr\/wp-json\/wp\/v2\/comments?post=1208"}],"version-history":[{"count":5,"href":"https:\/\/www.rstp.ca\/fr\/wp-json\/wp\/v2\/pages\/1208\/revisions"}],"predecessor-version":[{"id":12437,"href":"https:\/\/www.rstp.ca\/fr\/wp-json\/wp\/v2\/pages\/1208\/revisions\/12437"}],"up":[{"embeddable":true,"href":"https:\/\/www.rstp.ca\/fr\/wp-json\/wp\/v2\/pages\/1199"}],"wp:attachment":[{"href":"https:\/\/www.rstp.ca\/fr\/wp-json\/wp\/v2\/media?parent=1208"}],"curies":[{"name":"wp","href":"https:\/\/api.w.org\/{rel}","templated":true}]}}