{"id":1193,"date":"2014-04-04T09:29:28","date_gmt":"2014-04-04T09:29:28","guid":{"rendered":"http:\/\/rstp.fantomdesign.net\/?page_id=1193"},"modified":"2026-03-15T13:50:45","modified_gmt":"2026-03-15T18:50:45","slug":"les-repondants-communautaires","status":"publish","type":"page","link":"https:\/\/www.rstp.ca\/fr\/parrainage-de-refugies\/les-repondants-communautaires\/","title":{"rendered":"Les R\u00e9pondants communautaires"},"content":{"rendered":"<div class='content-column one_half'><div style=\"padding-top:20px;padding-right:40px;\"><div class=\"color10-bg\" style=\"margin-bottom: 30px; padding: 35px 35px 10px 35px;\">\n<p><strong><span style=\"color: #ff0000;\">IMPORTANT!<\/span><\/strong> Immigration, R\u00e9fugi\u00e9s et Citoyennet\u00e9 Canada (IRCC) a temporairement cess\u00e9 d\u2019accepter les nouvelles demandes des Groupes de cinq et des R\u00e9pondants communautaires dans le cadre du Programme de parrainage priv\u00e9 de r\u00e9fugi\u00e9s (PPPR) depuis le <strong> 29 novembre 2024 <\/strong>. <\/p>\n<p>Bien que cette mesure demeurera en vigueur jusqu\u2019au <strong> 31 d\u00e9cembre 2026<\/strong>, IRCC continuera de traiter les demandes du PPPR qui ont \u00e9t\u00e9 re\u00e7ues avant le 29 novembre 2024 et de r\u00e9installer les r\u00e9fugi\u00e9s parrain\u00e9s au Canada. Vous trouverez <strong>de plus amples renseignements<\/strong> <a href=\"https:\/\/www.rstp.ca\/fr\/refugee-sponsorship\/latest-policy-program-update\/prolongation-de-la-suspension-temporaire-jusquau-31-decembre-2026-des-nouvelles-demandes-presentees-par-les-groupes-de-cinq-et-les-repondants-communautaires-dans-le-cadre-du-programme-de-parrainage\/\" target=\"_blank\" rel=\"noopener\">ici<\/a>. <\/p>\n<\/div>\n<p class=\"s4\"><span class=\"s5\">Un<\/span> R<span class=\"s5\">\u00e9pondant<\/span> <span class=\"s5\">communautaire<\/span> <span class=\"s5\">est<\/span> <span class=\"s5\">une<\/span><span class=\"s5\"> organisation, association <\/span><span class=\"s5\">ou <\/span><span class=\"s5\">soci\u00e9t\u00e9<\/span><span class=\"s5\">\u00a0qui <\/span><span class=\"s5\">parraine<\/span><span class=\"s5\"> des <\/span><span class=\"s5\">r\u00e9fugi\u00e9s<\/span><span class=\"s5\"> pour les faire <\/span><span class=\"s5\">venir<\/span><span class=\"s5\"> au Canada.<\/span><\/p>\n<p class=\"s4\"><span class=\"s5\">Ces<\/span><span class=\"s5\"> organisations n<\/span><span class=\"s5\">e <\/span><span class=\"s5\">doivent<\/span><span class=\"s5\"> pas obligatoirement <\/span><span class=\"s5\">\u00eatre<\/span> <span class=\"s5\">constitu\u00e9es <\/span><span class=\"s5\">en<\/span> <span class=\"s5\">soci\u00e9t\u00e9<\/span>\u00a0<span class=\"s5\">en<\/span> <span class=\"s5\">vertu<\/span><span class=\"s5\"> de la <\/span><span class=\"s5\">loi<\/span> <span class=\"s5\">f\u00e9d\u00e9rale<\/span> <span class=\"s5\">ou<\/span> <span class=\"s5\">provinciale, mais elles doivent exister en tant qu&rsquo;entit\u00e9 juridique. <\/span><span class=\"s5\">Elles<\/span> <span class=\"s5\">doivent\u00a0:<\/span><\/p>\n<ul>\n<li class=\"s4\"><span class=\"s5\">avoir<\/span><span class=\"s5\"> une <\/span><span class=\"s5\">capacit\u00e9<\/span> <span class=\"s5\">financi\u00e8re<\/span> et d&rsquo;aide \u00e0 l&rsquo;\u00e9tablissement suffisante pour \u00eatre en mesure d&rsquo;<span class=\"s5\">honorer<\/span> <span class=\"s5\">l\u2019engagement<\/span><span class=\"s5\"> de parrainage;<\/span><\/li>\n<li class=\"s4\"><span class=\"s5\">\u00eatre<\/span> <span class=\"s5\">situ\u00e9es<\/span> <span class=\"s5\">dans<\/span><span class=\"s5\"> la <\/span><span class=\"s5\">communaut\u00e9<\/span> <span class=\"s5\">o\u00f9<\/span><span class=\"s5\"> le <\/span><span class=\"s5\">r\u00e9fugi\u00e9<\/span> <span class=\"s5\">est<\/span> <span class=\"s5\">cens\u00e9 <\/span><span class=\"s5\">s\u2019\u00e9tablir<\/span><span class=\"s5\">.<\/span><\/li>\n<\/ul>\n<p class=\"s4\"><span class=\"s5\">En<\/span> <span class=\"s5\">outre<\/span><span class=\"s5\">, les R<\/span><span class=\"s5\">\u00e9pondants<\/span> <span class=\"s5\">communautaires<\/span> <span class=\"s5\">doivent<\/span> <span class=\"s5\">\u00e9galement\u00a0:<\/span><\/p>\n<ul>\n<li class=\"s4\"><span class=\"s5\">prouver<\/span> <span class=\"s5\">qu\u2019ils<\/span> <span class=\"s5\">ont<\/span><span class=\"s5\"> la <\/span><span class=\"s5\">capacit\u00e9<\/span> <span class=\"s5\">de procurer de l&rsquo;aide<\/span><span class=\"s5\"> \u00e0\u00a0<\/span><span class=\"s5\">l\u2019\u00e9tablissement;<\/span><\/li>\n<li class=\"s4\"><span class=\"s5\">donner du <\/span><span class=\"s5\">soutien<\/span> <span class=\"s5\">\u00e9motionnel<\/span> <span class=\"s5\">et<\/span><span class=\"s5\"> social au <\/span><span class=\"s5\">r\u00e9fugi\u00e9<\/span><span class=\"s5\"> et \u00e0 <\/span><span class=\"s5\">sa<\/span>\u00a0<span class=\"s5\">famille;<\/span><\/li>\n<li class=\"s4\"><span class=\"s5\">s\u2019engager<\/span><span class=\"s5\"> \u00e0 <\/span><span class=\"s5\">soutenir<\/span><span class=\"s5\"> les <\/span><span class=\"s5\">r\u00e9fugi\u00e9s<\/span> <span class=\"s5\">parrain\u00e9s<\/span><span class=\"s5\"> pendant la totalit\u00e9 de la <\/span><span class=\"s5\">p\u00e9riode<\/span><span class=\"s5\"> de <\/span><span class=\"s5\">de parrainage, qui dure normalement<\/span><span class=\"s5\"> un an.<\/span><\/li>\n<\/ul>\n<p class=\"s4\"><span class=\"s5\">Il <\/span><span class=\"s5\">n\u2019y<\/span><span class=\"s5\"> a pas de <\/span><span class=\"s5\">limites<\/span> <span class=\"s5\">annuelles<\/span><span class=\"s5\"> sur le <\/span><span class=\"s5\">nombre<\/span><span class=\"s5\"> de <\/span><span class=\"s5\">demandes<\/span><span class=\"s5\"> de parrainage que peuvent soumettre<\/span><span class=\"s5\"> les R<\/span><span class=\"s5\">\u00e9pondants<\/span> <span class=\"s5\">communautaires<\/span><span class=\"s5\">, <\/span><span class=\"s5\">pourvu<\/span> <span class=\"s5\">qu\u2019ils<\/span> <span class=\"s5\">puissent<\/span> <span class=\"s5\">d\u00e9montrer<\/span><span class=\"s5\"> qu&rsquo;ils ont une <\/span><span class=\"s5\">capactit\u00e9<\/span> <span class=\"s5\">financi\u00e8re et d&rsquo;aide \u00e0 l&rsquo;\u00e9tablissement <\/span><span class=\"s5\">suffisante<\/span><span class=\"s5\">. <\/span><span class=\"s5\">Veuillez<\/span><span class=\"s5\">\u00a0<\/span><a href=\"https:\/\/www.rstp.ca\/fr\/traitement\/les-formulaires-de-demande\/\" target=\"_blank\" rel=\"noopener\"><span class=\"s6\">voir<\/span><span class=\"s6\"> les <\/span><span class=\"s6\">formulaires<\/span><span class=\"s6\"> de <\/span><span class=\"s6\">demande<\/span><span class=\"s6\"> pour les R<\/span><span class=\"s6\">\u00e9pondants<\/span> <span class=\"s6\">communautaires<\/span><\/a><span class=\"s5\">.<\/span><\/p>\n<p><span class=\"s5\">Les R\u00e9pondants communautaires peuvent uniquement parrainer des personnes qui ont d\u00e9j\u00e0 formellement \u00e9t\u00e9 reconnues comme r\u00e9fugi\u00e9es dans leur pays d&rsquo;accueil (c&rsquo;est-\u00e0-dire, le pays vers lequel elles ont fui) et qui peuvent fournir une preuve documentaire de leur statut de r\u00e9fugi\u00e9, p. ex., document \u00e9mis par le gouverment du pays d&rsquo;accueil ou lettre de mandat de protection du Haut Commissariat des Nations Unies pour les r\u00e9fugi\u00e9s (HCR).<\/span><\/p>\n<p class=\"s4\"><span class=\"s5\">Un R<\/span><span class=\"s5\">\u00e9pondant<\/span>\u00a0<span class=\"s5\">communautaire<\/span> <span class=\"s5\">peut<\/span> <span class=\"s5\">aussi<\/span> <span class=\"s5\">choisir<\/span><span class=\"s5\"> de <\/span><span class=\"s5\">s\u2019associer <\/span><span class=\"s5\">officiellement<\/span><span class=\"s5\"> \u00e0 <\/span><span class=\"s5\">une<\/span> <span class=\"s5\">personne<\/span><span class=\"s5\"> (p. ex, un <\/span><span class=\"s5\">membre<\/span><span class=\"s5\"> de la <\/span><span class=\"s5\">famille<\/span><span class=\"s5\"> du <\/span><span class=\"s5\">r\u00e9fugi\u00e9<\/span><span class=\"s5\"> au Canada) <\/span><span class=\"s5\">ou<\/span><span class=\"s5\"> \u00e0 <\/span><span class=\"s5\">une<\/span> <span class=\"s5\">autre<\/span><span class=\"s5\"> organisation <\/span><span class=\"s5\">dans<\/span> <span class=\"s5\">l\u2019ex\u00e9cution <\/span><span class=\"s5\">des <\/span><span class=\"s5\">t\u00e2ches<\/span> <span class=\"s5\">d\u2019aide<\/span><span class=\"s5\"> \u00e0 <\/span><span class=\"s5\">l\u2019\u00e9tablissement<\/span><span class=\"s5\">.<\/span><\/p><\/div><\/div>\n<h5><\/h5>\n<div class='content-column one_half last_column'><div class=\"color10-bg\" style=\"margin-bottom: 30px; padding: 35px 35px 10px 35px;\">\n<h1>FAQ des R\u00e9pondants communautaires<\/h1>\n<p>Vous trouverez ci-dessous des questions fr\u00e9quemment pos\u00e9es concernant les R\u00e9pondants commaunautaires. Veuillez cliquer sur les fl\u00e8ches vers le bas pour afficher chaque section\u00a0:<\/p>\n<div id=\"wp-spoiler-1\" class=\"accordion-box\" data-style=\"first\">  <p class=\"accordion-title\">1. Est-ce qu\u2019il y a une limite annuelle sur le nombre de demandes qu\u2019un R\u00e9pondant communautaire est autoris\u00e9 \u00e0 pr\u00e9senter?<\/p><div class=\"accordion-body\"><\/p>\n<p class=\"s7\">Pourvu que le R\u00e9pondant communautaire puisse d\u00e9montrer qu\u2019il a la capacit\u00e9 financi\u00e8re et les ressources d&rsquo;aide \u00e0 l\u2019\u00e9tablissement suffisantes pour parrainer toutes les demandes pr\u00e9sent\u00e9es avec succ\u00e8s, il n\u2019y aucune limite.<\/p>\n<p><\/div>  <\/div><!-- end div.wp-spoiler -->\n<p class=\"s7\"><span class=\"s14\"><div id=\"wp-spoiler-2\" class=\"accordion-box\" data-style=\"first\">  <p class=\"accordion-title\">2. Qui signe les formulaires de l\u2019Engagement de parrainage et plan d'\u00e9tablissement et de Profil financier au nom du R\u00e9pondant communautaire?<\/p><div class=\"accordion-body\"><\/span><\/p>\n<p class=\"s7\">Le signataire autoris\u00e9 de l&rsquo;organisme R\u00e9pondant communautaire et le directeur g\u00e9n\u00e9ral, le pr\u00e9sident ou le PDG (selon la structure de l\u2019organisation) doivent signer l\u2019Engagement de parrainage et plan d&rsquo;\u00e9tablissement au nom du R\u00e9pondant communautaire. (NB : Le pr\u00e9sident d\u2019un organisme peut \u00eatre le signataire autoris\u00e9 ou il peut nommer une autre personne qui agira \u00e0 titre de signataire autoris\u00e9.) Si le R\u00e9pondant communautaire s\u2019associe \u00e0 un individu ou une organisation comme partenaire de parrainage, le signataire autoris\u00e9 de l&rsquo;organisme et le partenaire de parrainage doivent tous deux signer le formulaire d\u2019Engagement de parrainage et plan d&rsquo;\u00e9tablissement. De plus, chaque partenaire de parrainage qui pr\u00e9voit utiliser son revenu personnel pour contribuer au co\u00fbt du parrainage ou faire un don pour les fonds d\u00e9tenus en fiducie doit soumettre le formulaire du Profil financier.<\/p>\n<p><\/div>  <\/div><!-- end div.wp-spoiler --><\/p>\n<p class=\"s7\"><span class=\"s14\"><div id=\"wp-spoiler-3\" class=\"accordion-box\" data-style=\"first\">  <p class=\"accordion-title\">3. Qui doit pr\u00e9senter un formulaire d\u2019\u00c9valuation du r\u00e9pondant dans une demande de parrainage par un R\u00e9pondant communautaire?<\/p><div class=\"accordion-body\"><\/span><\/p>\n<p class=\"s7\">Le signataire autoris\u00e9 du R\u00e9pondant communautaire et tout partenaire de parrainage (individuel ou repr\u00e9sentant d&rsquo;une organisation) qui a sign\u00e9 l\u2019Engagement de parrainage et plan d&rsquo;\u00e9tablissement doivent compl\u00e9ter l\u2019\u00c9valuation du r\u00e9pondant et fournir une copie d&rsquo;une preuve de leur r\u00e9sidence permanente ou citoyennet\u00e9 canadienne.<\/p>\n<p><\/div>  <\/div><!-- end div.wp-spoiler --><\/p>\n<p class=\"s7\"><span class=\"s14\"><div id=\"wp-spoiler-4\" class=\"accordion-box\" data-style=\"first\">  <p class=\"accordion-title\">4. Si un partenaire de parrainage d'un organisme R\u00e9pondant communautaire est une personne repr\u00e9sentant un groupe de parrainage plus grand qui n'est pas une organisation, suffirait-il que le repr\u00e9sentant du groupe signe l'\u00c9valuation du r\u00e9pondant et joigne de la documentation \u00e9num\u00e9rant les membres du groupe pour d\u00e9montrer le niveau de soutien \u00e0 l'\u00e9tablissement qui sera procur\u00e9?<\/p><div class=\"accordion-body\"><\/span><\/p>\n<p>Le partenaire de parrainage d\u2019un R\u00e9pondant communautaire signe l\u2019Engagement de parrainage et plan d&rsquo;\u00e9tablissement et pr\u00e9sente un formulaire d&rsquo;\u00c9valuation du r\u00e9pondant. M\u00eame si cet individu repr\u00e9sente un groupe plus grand, ce partenaire de parrainage devient une partie l\u00e9gale au parrainage et peut \u00eatre tenu responsable pour l\u2019Engagement du parrainage et plan d&rsquo;\u00e9tablissement en cas d\u2019un d\u00e9faut. Si le R\u00e9pondant communautaire souhaite inclure des renseignements sur d\u2019autres personnes qui n\u2019ont pas sign\u00e9 l\u2019Engagement de parrainage, mais qui soutiennent les efforts, il peuvent le faire sous forme de documents suppl\u00e9mentaires.<\/p>\n<p class=\"s15\"><\/div>  <\/div><!-- end div.wp-spoiler --><\/p>\n<div class=\"color10-bg\" style=\"margin-bottom: 30px; padding: 35px 35px 10px 35px;\"><\/div><div class='clear_column'><\/div>\n<\/div>\n<\/div>\n","protected":false},"excerpt":{"rendered":"","protected":false},"author":4,"featured_media":0,"parent":1184,"menu_order":0,"comment_status":"open","ping_status":"open","template":"","meta":{"_relevanssi_hide_post":"","_relevanssi_hide_content":"","_relevanssi_pin_for_all":"","_relevanssi_pin_keywords":"","_relevanssi_unpin_keywords":"","_relevanssi_related_keywords":"","_relevanssi_related_include_ids":"","_relevanssi_related_exclude_ids":"","_relevanssi_related_no_append":"","_relevanssi_related_not_related":"","_relevanssi_related_posts":"","_relevanssi_noindex_reason":"","passster_activate_protection":false,"passster_protect_child_pages":"","passster_protection_type":"password","passster_password":"","passster_activate_overwrite_defaults":"","passster_headline":"","passster_instruction":"","passster_placeholder":"","passster_button":"","passster_id":"","passster_activate_misc_settings":"","passster_redirect_url":"","passster_hide":"no","passster_area_shortcode":"","_price":"","_stock":"","_tribe_ticket_header":"","_tribe_default_ticket_provider":"","_tribe_ticket_capacity":"0","_ticket_start_date":"","_ticket_end_date":"","_tribe_ticket_show_description":"","_tribe_ticket_show_not_going":false,"_tribe_ticket_use_global_stock":"","_tribe_ticket_global_stock_level":"","_global_stock_mode":"","_global_stock_cap":"","_tribe_rsvp_for_event":"","_tribe_ticket_going_count":"","_tribe_ticket_not_going_count":"","_tribe_tickets_list":"[]","_tribe_ticket_has_attendee_info_fields":false,"footnotes":""},"meta_box":{"front_blocks":[]},"ticketed":false,"_links":{"self":[{"href":"https:\/\/www.rstp.ca\/fr\/wp-json\/wp\/v2\/pages\/1193"}],"collection":[{"href":"https:\/\/www.rstp.ca\/fr\/wp-json\/wp\/v2\/pages"}],"about":[{"href":"https:\/\/www.rstp.ca\/fr\/wp-json\/wp\/v2\/types\/page"}],"author":[{"embeddable":true,"href":"https:\/\/www.rstp.ca\/fr\/wp-json\/wp\/v2\/users\/4"}],"replies":[{"embeddable":true,"href":"https:\/\/www.rstp.ca\/fr\/wp-json\/wp\/v2\/comments?post=1193"}],"version-history":[{"count":31,"href":"https:\/\/www.rstp.ca\/fr\/wp-json\/wp\/v2\/pages\/1193\/revisions"}],"predecessor-version":[{"id":24605,"href":"https:\/\/www.rstp.ca\/fr\/wp-json\/wp\/v2\/pages\/1193\/revisions\/24605"}],"up":[{"embeddable":true,"href":"https:\/\/www.rstp.ca\/fr\/wp-json\/wp\/v2\/pages\/1184"}],"wp:attachment":[{"href":"https:\/\/www.rstp.ca\/fr\/wp-json\/wp\/v2\/media?parent=1193"}],"curies":[{"name":"wp","href":"https:\/\/api.w.org\/{rel}","templated":true}]}}