{"id":10546,"date":"2019-09-01T11:50:47","date_gmt":"2019-09-01T15:50:47","guid":{"rendered":"http:\/\/www.rstp.ca\/?page_id=10546"},"modified":"2024-07-26T13:44:05","modified_gmt":"2024-07-26T18:44:05","slug":"documents-dinformation-sur-les-rdbv","status":"publish","type":"page","link":"https:\/\/www.rstp.ca\/fr\/rdbv\/documents-dinformation-sur-les-rdbv\/","title":{"rendered":"Documents d\u2019information sur les RDBV"},"content":{"rendered":"<p>De quels pays viennent les r\u00e9fugi\u00e9s d\u00e9sign\u00e9s par un bureau des visas (RDBV), o\u00f9 vivent-ils actuellement, et pourquoi ont-ils un besoin de r\u00e9installation au Canada? Ces webinaires et documents d\u2019information sur le pays d\u2019origine des RDBV vous aideront \u00e0 mieux comprendre les conditions des RDBV et les raisons humanitaires pour lesquelles le HCR les a recommand\u00e9s au Canada. Tous les RDBV sont approuv\u00e9s par le gouvernement du Canada avant qu\u2019ils n\u2019entrent au pays.<\/p>\n<p>&nbsp;<\/p>\n<h2>Documents d\u2019information<\/h2>\n<div class='content-column one_third'><h4>R\u00e9fugi\u00e9s congolais<\/h4>\n<p><a href=\"https:\/\/www.rstp.ca\/wp-content\/uploads\/2020\/02\/Congo-backgrounder_FR_jan31-web.pdf\"><img loading=\"lazy\" decoding=\"async\" class=\"alignnone size-medium wp-image-11280\" src=\"https:\/\/www.rstp.ca\/wp-content\/uploads\/2020\/02\/Congo-backgrounder_FR_jan31-web_Page_1-232x300.jpg\" alt=\"\" width=\"232\" height=\"300\" \/><\/a><br \/><\/div><div class='content-column one_third'><h4>R\u00e9fugi\u00e9s \u00e9rythr\u00e9ens<\/h4>\n<p><a href=\"https:\/\/www.rstp.ca\/wp-content\/uploads\/2020\/02\/Eritrea-backgrounder_FR_jan31_web.pdf\"><img loading=\"lazy\" decoding=\"async\" class=\"alignnone size-medium wp-image-11278\" src=\"https:\/\/www.rstp.ca\/wp-content\/uploads\/2020\/02\/Eritrea-backgrounder_FR_jan31_web_Page_1-232x300.jpg\" alt=\"\" width=\"232\" height=\"300\" srcset=\"https:\/\/www.rstp.ca\/wp-content\/uploads\/2020\/02\/Eritrea-backgrounder_FR_jan31_web_Page_1-232x300.jpg 232w, https:\/\/www.rstp.ca\/wp-content\/uploads\/2020\/02\/Eritrea-backgrounder_FR_jan31_web_Page_1-768x994.jpg 768w, https:\/\/www.rstp.ca\/wp-content\/uploads\/2020\/02\/Eritrea-backgrounder_FR_jan31_web_Page_1-791x1024.jpg 791w, https:\/\/www.rstp.ca\/wp-content\/uploads\/2020\/02\/Eritrea-backgrounder_FR_jan31_web_Page_1-19x24.jpg 19w, https:\/\/www.rstp.ca\/wp-content\/uploads\/2020\/02\/Eritrea-backgrounder_FR_jan31_web_Page_1-28x36.jpg 28w, https:\/\/www.rstp.ca\/wp-content\/uploads\/2020\/02\/Eritrea-backgrounder_FR_jan31_web_Page_1-37x48.jpg 37w, https:\/\/www.rstp.ca\/wp-content\/uploads\/2020\/02\/Eritrea-backgrounder_FR_jan31_web_Page_1.jpg 850w\" sizes=\"(max-width: 232px) 100vw, 232px\" \/><\/a><br \/><\/div><div class='content-column one_third last_column'><h4>\u00a0R\u00e9fugi\u00e9s irakiens<\/h4>\n<p><a href=\"https:\/\/www.rstp.ca\/wp-content\/uploads\/2020\/02\/Iraq-backgrounder_FR_jan31-web.pdf\" rel=\"attachment wp-att-11276\"><img loading=\"lazy\" decoding=\"async\" class=\"alignnone wp-image-11276 size-medium\" src=\"https:\/\/www.rstp.ca\/wp-content\/uploads\/2020\/02\/Iraq-backgrounder_FR_jan31-web_Page_1-232x300.jpg\" alt=\"\" width=\"232\" height=\"300\" srcset=\"https:\/\/www.rstp.ca\/wp-content\/uploads\/2020\/02\/Iraq-backgrounder_FR_jan31-web_Page_1-232x300.jpg 232w, https:\/\/www.rstp.ca\/wp-content\/uploads\/2020\/02\/Iraq-backgrounder_FR_jan31-web_Page_1-768x994.jpg 768w, https:\/\/www.rstp.ca\/wp-content\/uploads\/2020\/02\/Iraq-backgrounder_FR_jan31-web_Page_1-791x1024.jpg 791w, https:\/\/www.rstp.ca\/wp-content\/uploads\/2020\/02\/Iraq-backgrounder_FR_jan31-web_Page_1-19x24.jpg 19w, https:\/\/www.rstp.ca\/wp-content\/uploads\/2020\/02\/Iraq-backgrounder_FR_jan31-web_Page_1-28x36.jpg 28w, https:\/\/www.rstp.ca\/wp-content\/uploads\/2020\/02\/Iraq-backgrounder_FR_jan31-web_Page_1-37x48.jpg 37w, https:\/\/www.rstp.ca\/wp-content\/uploads\/2020\/02\/Iraq-backgrounder_FR_jan31-web_Page_1.jpg 850w\" sizes=\"(max-width: 232px) 100vw, 232px\" \/><\/a><\/p><\/div><div class='clear_column'><\/div><\/p>\n<h2>Webinaires (en anglais; certains seront disponibles en fran\u00e7ais sous peu)<\/h2>\n<div class='content-column one_third'><h4>Femmes en p\u00e9ril<\/h4>\n<p><a href=\"https:\/\/www.youtube.com\/watch?v=cQm6N-GRTxg\" target=\"_blank\" rel=\"noopener\"><img loading=\"lazy\" decoding=\"async\" class=\"alignnone size-medium wp-image-8231\" src=\"\/wp-content\/uploads\/2018\/08\/BVOR-Program-Women-at-Risk-300x169.jpg\" alt=\"\" width=\"300\" height=\"169\" \/><\/a><br \/><\/div><div class='content-column one_third'><h4>R\u00e9fugi\u00e9s \u00e9rythr\u00e9ens<\/h4>\n<p><a href=\"https:\/\/www.youtube.com\/watch?v=4yiMK0k1t7I\" target=\"_blank\" rel=\"noopener\"><img loading=\"lazy\" decoding=\"async\" class=\"alignnone size-medium wp-image-8232\" src=\"\/wp-content\/uploads\/2018\/08\/BVOR-Program-Eritrean-Refugees-300x169.jpg\" alt=\"\" width=\"300\" height=\"169\" \/><\/a><br \/><\/div><div class='content-column one_third last_column'><h4>R\u00e9fugi\u00e9s congolais<\/h4>\n<p><a href=\"https:\/\/www.youtube.com\/watch?v=LQ8DWWcqA1M\" target=\"_blank\" rel=\"noopener\"><img loading=\"lazy\" decoding=\"async\" class=\"alignnone size-medium wp-image-8233\" src=\"\/wp-content\/uploads\/2018\/08\/BVOR-program-Congolese-Refugees-300x169.jpg\" alt=\"\" width=\"300\" height=\"169\" \/><\/a><br \/><\/div><div class='clear_column'><\/div><\/p>\n<p>&nbsp;<\/p>\n<h2><\/h2>\n<h2>Profils d\u00e9mographiques d\u2019IRCC<\/h2>\n<div class='content-column one_third'><h4>Les r\u00e9fugi\u00e9s y\u00e9zidis (en anglais seulement)<\/h4>\n<p><a href=\"https:\/\/www.rstp.ca\/wp-content\/uploads\/2019\/08\/Yazidi-Population-Profile-February-2017.pdf\" target=\"_blank\" rel=\"noopener\"><img loading=\"lazy\" decoding=\"async\" class=\"attachment-medium size-medium\" src=\"https:\/\/www.rstp.ca\/wp-content\/uploads\/2019\/08\/Yazidi-Population-Profile-February-2017-pdf-232x300.jpg\" alt=\"\" width=\"232\" height=\"300\" \/><\/a><br \/><\/div><div class='content-column one_third'><h4><\/h4><\/div><div class='content-column one_third last_column'><h4><\/h4><\/div><div class='clear_column'><\/div><\/p>\n","protected":false},"excerpt":{"rendered":"<p>De quels pays viennent les r\u00e9fugi\u00e9s d\u00e9sign\u00e9s par un bureau des visas (RDBV), o\u00f9 vivent-ils actuellement, et pourquoi ont-ils un besoin de r\u00e9installation au Canada? Ces webinaires et documents d\u2019information [&hellip;]<\/p>\n","protected":false},"author":5,"featured_media":0,"parent":10542,"menu_order":0,"comment_status":"closed","ping_status":"closed","template":"","meta":{"_relevanssi_hide_post":"","_relevanssi_hide_content":"","_relevanssi_pin_for_all":"","_relevanssi_pin_keywords":"","_relevanssi_unpin_keywords":"","_relevanssi_related_keywords":"","_relevanssi_related_include_ids":"","_relevanssi_related_exclude_ids":"","_relevanssi_related_no_append":"","_relevanssi_related_not_related":"","_relevanssi_related_posts":"","_relevanssi_noindex_reason":"","passster_activate_protection":false,"passster_protect_child_pages":"","passster_protection_type":"password","passster_password":"","passster_activate_overwrite_defaults":"","passster_headline":"","passster_instruction":"","passster_placeholder":"","passster_button":"","passster_id":"","passster_activate_misc_settings":"","passster_redirect_url":"","passster_hide":"no","passster_area_shortcode":"","_price":"","_stock":"","_tribe_ticket_header":"","_tribe_default_ticket_provider":"","_tribe_ticket_capacity":"0","_ticket_start_date":"","_ticket_end_date":"","_tribe_ticket_show_description":"","_tribe_ticket_show_not_going":false,"_tribe_ticket_use_global_stock":"","_tribe_ticket_global_stock_level":"","_global_stock_mode":"","_global_stock_cap":"","_tribe_rsvp_for_event":"","_tribe_ticket_going_count":"","_tribe_ticket_not_going_count":"","_tribe_tickets_list":"[]","_tribe_ticket_has_attendee_info_fields":false,"footnotes":""},"meta_box":{"front_blocks":[]},"ticketed":false,"_links":{"self":[{"href":"https:\/\/www.rstp.ca\/fr\/wp-json\/wp\/v2\/pages\/10546"}],"collection":[{"href":"https:\/\/www.rstp.ca\/fr\/wp-json\/wp\/v2\/pages"}],"about":[{"href":"https:\/\/www.rstp.ca\/fr\/wp-json\/wp\/v2\/types\/page"}],"author":[{"embeddable":true,"href":"https:\/\/www.rstp.ca\/fr\/wp-json\/wp\/v2\/users\/5"}],"replies":[{"embeddable":true,"href":"https:\/\/www.rstp.ca\/fr\/wp-json\/wp\/v2\/comments?post=10546"}],"version-history":[{"count":6,"href":"https:\/\/www.rstp.ca\/fr\/wp-json\/wp\/v2\/pages\/10546\/revisions"}],"predecessor-version":[{"id":21383,"href":"https:\/\/www.rstp.ca\/fr\/wp-json\/wp\/v2\/pages\/10546\/revisions\/21383"}],"up":[{"embeddable":true,"href":"https:\/\/www.rstp.ca\/fr\/wp-json\/wp\/v2\/pages\/10542"}],"wp:attachment":[{"href":"https:\/\/www.rstp.ca\/fr\/wp-json\/wp\/v2\/media?parent=10546"}],"curies":[{"name":"wp","href":"https:\/\/api.w.org\/{rel}","templated":true}]}}