{"id":10542,"date":"2019-09-01T11:30:04","date_gmt":"2019-09-01T15:30:04","guid":{"rendered":"http:\/\/www.rstp.ca\/?page_id=10542"},"modified":"2024-10-23T11:09:09","modified_gmt":"2024-10-23T16:09:09","slug":"rdbv","status":"publish","type":"page","link":"https:\/\/www.rstp.ca\/fr\/rdbv\/","title":{"rendered":"RDBV"},"content":{"rendered":"<ul>\n<li><a href=\"https:\/\/www.rstp.ca\/fr\/rdbv\/info\/\" target=\"_blank\" rel=\"noopener\">Qu&rsquo;est-ce que le Programme mixte des r\u00e9fugi\u00e9s d\u00e9sign\u00e9s par un bureau des visas (RDBV)?<\/a><\/li>\n<li><a href=\"https:\/\/www.rstp.ca\/fr\/rdbv\/comment-peut-on-parrainer-un-refugie-pour-le-faire-venir-au-canada\/\">Comment parrainer un r\u00e9fugi\u00e9 pour le faire venir au Canada : Le Programme mixte des r\u00e9fugi\u00e9s d\u00e9sign\u00e9s par un bureau des visas (RDBV)<\/a><\/li>\n<li><a href=\"https:\/\/www.rstp.ca\/fr\/rdbv\/parcours-repondants-rdbv\/\" target=\"_blank\" rel=\"noopener\">Le parcours des r\u00e9pondants participant au Programme mixte des RDBV<\/a><\/li>\n<li><a href=\"https:\/\/www.rstp.ca\/en\/bvor\/refugee-profiles\/\">Profils de RDBV<\/a><\/li>\n<li><a href=\"https:\/\/www.rstp.ca\/fr\/rdbv\/motifs-de-la-reinstallation\/\" target=\"_blank\" rel=\"noopener\">Motifs de la r\u00e9installation<\/a><\/li>\n<li><a href=\"https:\/\/www.rstp.ca\/fr\/rdbv\/formulaires-de-demande-pour-le-programme-mixte-des-rdbv\/\">Formulaires de demande pour le Programme mixte des RDBV<\/a><\/li>\n<li><a href=\"https:\/\/www.rstp.ca\/fr\/rdbv\/taux-du-programme-daide-a-la-reinstallation-par\/\">Taux du Programme d&rsquo;aide \u00e0 la r\u00e9installation (PAR)<\/a><\/li>\n<li><a href=\"https:\/\/www.rstp.ca\/fr\/rdbv\/le-parrainage-par-un-groupe-de-collegues-et-le-programme-mixte-des-rdbv\/\">Le parrainage par un groupe de coll\u00e8gues et le Programme mixte des RDBV<\/a><\/li>\n<\/ul>\n","protected":false},"excerpt":{"rendered":"<p>Qu&rsquo;est-ce que le Programme mixte des r\u00e9fugi\u00e9s d\u00e9sign\u00e9s par un bureau des visas (RDBV)? Comment parrainer un r\u00e9fugi\u00e9 pour le faire venir au Canada : Le Programme mixte des r\u00e9fugi\u00e9s [&hellip;]<\/p>\n","protected":false},"author":5,"featured_media":0,"parent":0,"menu_order":0,"comment_status":"closed","ping_status":"closed","template":"","meta":{"_relevanssi_hide_post":"","_relevanssi_hide_content":"","_relevanssi_pin_for_all":"","_relevanssi_pin_keywords":"","_relevanssi_unpin_keywords":"","_relevanssi_related_keywords":"","_relevanssi_related_include_ids":"","_relevanssi_related_exclude_ids":"","_relevanssi_related_no_append":"","_relevanssi_related_not_related":"","_relevanssi_related_posts":"","_relevanssi_noindex_reason":"","passster_activate_protection":false,"passster_protect_child_pages":"","passster_protection_type":"password","passster_password":"","passster_activate_overwrite_defaults":"","passster_headline":"","passster_instruction":"","passster_placeholder":"","passster_button":"","passster_id":"","passster_activate_misc_settings":"","passster_redirect_url":"","passster_hide":"no","passster_area_shortcode":"","_price":"","_stock":"","_tribe_ticket_header":"","_tribe_default_ticket_provider":"","_tribe_ticket_capacity":"0","_ticket_start_date":"","_ticket_end_date":"","_tribe_ticket_show_description":"","_tribe_ticket_show_not_going":false,"_tribe_ticket_use_global_stock":"","_tribe_ticket_global_stock_level":"","_global_stock_mode":"","_global_stock_cap":"","_tribe_rsvp_for_event":"","_tribe_ticket_going_count":"","_tribe_ticket_not_going_count":"","_tribe_tickets_list":"[]","_tribe_ticket_has_attendee_info_fields":false,"footnotes":""},"meta_box":{"front_blocks":[]},"ticketed":false,"_links":{"self":[{"href":"https:\/\/www.rstp.ca\/fr\/wp-json\/wp\/v2\/pages\/10542"}],"collection":[{"href":"https:\/\/www.rstp.ca\/fr\/wp-json\/wp\/v2\/pages"}],"about":[{"href":"https:\/\/www.rstp.ca\/fr\/wp-json\/wp\/v2\/types\/page"}],"author":[{"embeddable":true,"href":"https:\/\/www.rstp.ca\/fr\/wp-json\/wp\/v2\/users\/5"}],"replies":[{"embeddable":true,"href":"https:\/\/www.rstp.ca\/fr\/wp-json\/wp\/v2\/comments?post=10542"}],"version-history":[{"count":5,"href":"https:\/\/www.rstp.ca\/fr\/wp-json\/wp\/v2\/pages\/10542\/revisions"}],"predecessor-version":[{"id":21902,"href":"https:\/\/www.rstp.ca\/fr\/wp-json\/wp\/v2\/pages\/10542\/revisions\/21902"}],"wp:attachment":[{"href":"https:\/\/www.rstp.ca\/fr\/wp-json\/wp\/v2\/media?parent=10542"}],"curies":[{"name":"wp","href":"https:\/\/api.w.org\/{rel}","templated":true}]}}