{"id":10339,"date":"2019-08-08T08:50:03","date_gmt":"2019-08-08T12:50:03","guid":{"rendered":"http:\/\/www.rstp.ca\/?page_id=10339"},"modified":"2026-01-14T15:47:44","modified_gmt":"2026-01-14T20:47:44","slug":"obligations-apres-larrivee","status":"publish","type":"page","link":"https:\/\/www.rstp.ca\/fr\/responsabilites\/apercu-des-responsabilites-de-parrainage\/obligations-apres-larrivee\/","title":{"rendered":"Obligations apr\u00e8s l\u2019arriv\u00e9e"},"content":{"rendered":"<p>Le groupe de parrainage a un ensemble de responsabilit\u00e9s qui consistent \u00e0 r\u00e9pondre aux besoins de base en mati\u00e8re d&rsquo;\u00e9tablissement des r\u00e9fugi\u00e9s parrain\u00e9s \u00e0 leur arriv\u00e9e au Canada. Ces obligations sont les suivantes\u00a0:<\/p>\n<p><strong>Logement<\/strong><\/p>\n<p>Fournir un logement convenable, du mobilier et d&rsquo;autres articles m\u00e9nagers essentiels.<\/p>\n<p><strong>Soins<\/strong><\/p>\n<p>Fournir de la nourriture, des v\u00eatements, les frais de transport local et d&rsquo;autres n\u00e9cessit\u00e9s de la vie.<\/p>\n<p><strong>Soutien et aide \u00e0 l\u2019\u00e9tablissement<\/strong><\/p>\n<ul>\n<li>Aider \u00e0 inscrire les personnes parrain\u00e9es aupr\u00e8s d&rsquo;un organisme d&rsquo;\u00e9tablissement<\/li>\n<li>Aider \u00e0 remplir les formulaires exig\u00e9s, y compris l&rsquo;inscription \u00e0 l&rsquo;assurance-maladie, \u00e0 l&rsquo;assurance sociale, \u00e0 l&rsquo;allocation candienne pour enfants,<\/li>\n<li>Aider \u00e0 ouvrir un compte bancaire;<\/li>\n<li>Faciliter l&rsquo;acc\u00e8s \u00e0 des cours d&rsquo;anglais ou de fran\u00e7ais;<\/li>\n<li>Comprendre les droits et responsabilit\u00e9s des r\u00e9sidents permanents;<\/li>\n<li>Faciliter l&rsquo;acc\u00e8s \u00e0 l&#8217;emploi;<\/li>\n<li>Faciliter l&rsquo;acc\u00e8s \u00e0 des groupes communautaires de soutien, services d\u2019\u00e9tablissement et autres ressources dans la communaut\u00e9;<\/li>\n<li>Aider \u00e0 inscrire les enfants \u00e0 l&rsquo;\u00e9cole et donner une orientation au syst\u00e8me scolaire;<\/li>\n<li>Aider \u00e0 trouver un m\u00e9decin de famille et un dentiste, et soutenir l&rsquo;autonomisation et l&rsquo;ind\u00e9pendance.<\/li>\n<\/ul>\n<p><strong>Suivi<\/strong><\/p>\n<p>Le suivi afin de s&rsquo;assurer que les besoins en \u00e9tablissement des personnes parrain\u00e9es sont combl\u00e9s est une responsabilit\u00e9 cl\u00e9 des organismes parraineurs qui collaborent avec des partenaires de parrainage ou des Groupes constitutifs ou d&rsquo;autres organismes subsidiaires.<\/p>\n<p>Tout groupe de parrainage doit soit mettre en \u0153uvre lui-m\u00eame son plan d&rsquo;\u00e9tablissement dans son int\u00e9grit\u00e9, soit s&rsquo;assurer que ceux qui parrainent sous son \u00e9gide mettent en \u0153uvre convenablement le plan d&rsquo;\u00e9tablissement.<\/p>\n","protected":false},"excerpt":{"rendered":"<p>Le groupe de parrainage a un ensemble de responsabilit\u00e9s qui consistent \u00e0 r\u00e9pondre aux besoins de base en mati\u00e8re d&rsquo;\u00e9tablissement des r\u00e9fugi\u00e9s parrain\u00e9s \u00e0 leur arriv\u00e9e au Canada. Ces obligations [&hellip;]<\/p>\n","protected":false},"author":5,"featured_media":0,"parent":1292,"menu_order":0,"comment_status":"closed","ping_status":"closed","template":"","meta":{"_relevanssi_hide_post":"","_relevanssi_hide_content":"","_relevanssi_pin_for_all":"","_relevanssi_pin_keywords":"","_relevanssi_unpin_keywords":"","_relevanssi_related_keywords":"","_relevanssi_related_include_ids":"","_relevanssi_related_exclude_ids":"","_relevanssi_related_no_append":"","_relevanssi_related_not_related":"","_relevanssi_related_posts":"","_relevanssi_noindex_reason":"","passster_activate_protection":false,"passster_protect_child_pages":"","passster_protection_type":"password","passster_password":"","passster_activate_overwrite_defaults":"","passster_headline":"","passster_instruction":"","passster_placeholder":"","passster_button":"","passster_id":"","passster_activate_misc_settings":"","passster_redirect_url":"","passster_hide":"no","passster_area_shortcode":"","_price":"","_stock":"","_tribe_ticket_header":"","_tribe_default_ticket_provider":"","_tribe_ticket_capacity":"0","_ticket_start_date":"","_ticket_end_date":"","_tribe_ticket_show_description":"","_tribe_ticket_show_not_going":false,"_tribe_ticket_use_global_stock":"","_tribe_ticket_global_stock_level":"","_global_stock_mode":"","_global_stock_cap":"","_tribe_rsvp_for_event":"","_tribe_ticket_going_count":"","_tribe_ticket_not_going_count":"","_tribe_tickets_list":"[]","_tribe_ticket_has_attendee_info_fields":false,"footnotes":""},"meta_box":{"front_blocks":[]},"ticketed":false,"_links":{"self":[{"href":"https:\/\/www.rstp.ca\/fr\/wp-json\/wp\/v2\/pages\/10339"}],"collection":[{"href":"https:\/\/www.rstp.ca\/fr\/wp-json\/wp\/v2\/pages"}],"about":[{"href":"https:\/\/www.rstp.ca\/fr\/wp-json\/wp\/v2\/types\/page"}],"author":[{"embeddable":true,"href":"https:\/\/www.rstp.ca\/fr\/wp-json\/wp\/v2\/users\/5"}],"replies":[{"embeddable":true,"href":"https:\/\/www.rstp.ca\/fr\/wp-json\/wp\/v2\/comments?post=10339"}],"version-history":[{"count":4,"href":"https:\/\/www.rstp.ca\/fr\/wp-json\/wp\/v2\/pages\/10339\/revisions"}],"predecessor-version":[{"id":24213,"href":"https:\/\/www.rstp.ca\/fr\/wp-json\/wp\/v2\/pages\/10339\/revisions\/24213"}],"up":[{"embeddable":true,"href":"https:\/\/www.rstp.ca\/fr\/wp-json\/wp\/v2\/pages\/1292"}],"wp:attachment":[{"href":"https:\/\/www.rstp.ca\/fr\/wp-json\/wp\/v2\/media?parent=10339"}],"curies":[{"name":"wp","href":"https:\/\/api.w.org\/{rel}","templated":true}]}}