{"id":898,"date":"2014-03-27T14:15:36","date_gmt":"2014-03-27T14:15:36","guid":{"rendered":"http:\/\/rstp.fantomdesign.net\/?page_id=898"},"modified":"2024-08-14T11:30:23","modified_gmt":"2024-08-14T16:30:23","slug":"training-guides","status":"publish","type":"page","link":"https:\/\/www.rstp.ca\/en\/resources\/training-guides\/","title":{"rendered":"Training Guides | Guides de formation"},"content":{"rendered":"<p>These materials have been created by the RSTP for Refugee Sponsorship Coordinators in training sessions of their staff and constituent groups. The RSTP encourages users to adapt and modify the materials to fit their organization&#8217;s particulars.| <span style=\"color: #800080;\">Ces guides ont \u00e9t\u00e9 cr\u00e9\u00e9s par le PFPR pour les personnes-ressources des programmes de parrainage de r\u00e9fugi\u00e9s d&#8217;organismes parraineurs. Ces guides servent \u00e0 former le personnel et les Groupes constitutifs des organismes parraineurs. Le PFPR invite les utilisateurs \u00e0 adapter et \u00e0 modifier ces guides pour mieux correspondre aux besoins et caract\u00e9ristiques de leur organisme.<\/span><\/p>\n<div class='content-column one_half'><div style=\"padding-right:20px;\"><p><strong><img loading=\"lazy\" decoding=\"async\" class=\"alignleft size-full wp-image-899\" style=\"margin-right: 20px; 20px; margin-bottom: 20px;\" src=\"https:\/\/www.rstp.ca\/wp-content\/uploads\/2014\/03\/settlmttrainguideimg.jpg\" alt=\"settlmttrainguideimg\" width=\"130\" height=\"161\" \/>Supporting Settlement &amp; Integration<\/strong> (2012) &#8211; The Facilitator&#8217;s Guide is available in English and French. | <span style=\"color: #800080;\">Le guide de l&#8217;animateur est disponible en fran\u00e7ais et en anglais.<\/span><\/p>\n<p><a href=\"\/wp-content\/uploads\/2014\/03\/settlementtrainingguide.pdf\">Facilitator\u2019s Guide &amp; Handouts<\/a><br \/>\n<a href=\"\/wp-content\/uploads\/2024\/08\/PFPR.soutenir_etablissement_integration.pdf\">Guide de l&#8217;animateur et documents<\/a><br \/>\n<a href=\"\/wp-content\/uploads\/2014\/03\/sttlmtslides.pdf\">Presentation slides<\/a><\/p><\/div><\/div><div class='content-column one_half last_column'><p><strong><img loading=\"lazy\" decoding=\"async\" class=\"alignleft size-full wp-image-902\" style=\"margin-right: 20px; 20px; margin-bottom: 20px;\" src=\"https:\/\/www.rstp.ca\/wp-content\/uploads\/2014\/03\/crossculturalguide.jpg\" alt=\"crossculturalguide\" width=\"130\" height=\"161\" \/>Crosscultural Awareness<\/strong><\/p>\n<p><a href=\"\/wp-content\/uploads\/2014\/03\/crossculturaltrainingguide.pdf\">Facilitator\u2019s Guide<\/a><br \/>\n<a href=\"\/wp-content\/uploads\/2014\/03\/crossculturalparticipantguide.pdf\">Participant\u2019s Guide<\/a><br \/>\n<a href=\"\/wp-content\/uploads\/2014\/03\/crossculturalhandouts.pdf\">Handouts\/Overheads<\/a><br \/>\n<a href=\"\/wp-content\/uploads\/2014\/03\/crosscultural1.pdf\">Presentation slides &#8211; Part 1<\/a><br \/>\n<a href=\"\/wp-content\/uploads\/2014\/03\/crosscultural2.pdf\">Presentation slides &#8211; Part 2<\/a><br \/>\n<a href=\"\/wp-content\/uploads\/2014\/03\/crosscultural3.pdf\">Presentation slides &#8211; Part 3<\/a><\/p><\/div><div class='clear_column'><\/div><div class='content-column one_half'><div style=\"padding-top:20px;padding-right:20px;\"><p><strong><img loading=\"lazy\" decoding=\"async\" class=\"alignleft size-full wp-image-901\" style=\"margin-right: 20px; 20px; margin-bottom: 20px;\" src=\"https:\/\/www.rstp.ca\/wp-content\/uploads\/2014\/03\/conflictresguide.jpg\" alt=\"conflictresguide\" width=\"130\" height=\"161\" \/>Conflict Management &amp; Resolution<\/strong> (2001) &#8211; The faciliator&#8217;s guide is available in English and French. | <span style=\"color: #800080;\">Le guide de l&#8217;animateur est disponible en fran\u00e7ais et en anglais.<\/span><\/p>\n<p><a href=\"\/wp-content\/uploads\/2014\/03\/conflicttrainingguide.pdf\">Facilitator\u2019s Guide<\/a><br \/>\n<a href=\"\/wp-content\/uploads\/2024\/08\/PFPR.formation_gestion_resolution_conflits.pdf\">Guide de l&#8217;animateur<\/a><br \/>\n<a href=\"\/wp-content\/uploads\/2014\/03\/conflictparticipantguide.pdf\">Participant\u2019s Guide<\/a><br \/>\n<a href=\"\/wp-content\/uploads\/2014\/03\/conflicthandouts.pdf\">Handouts\/Overheads<\/a><br \/>\n<a href=\"\/wp-content\/uploads\/2014\/03\/conflict1.pdf\">Presentation slides- Part 1<\/a><br \/>\n<a href=\"\/wp-content\/uploads\/2014\/03\/conflict2.pdf\">Presentation slides &#8211; Part 2<\/a><br \/>\n<a href=\"\/wp-content\/uploads\/2014\/03\/conflict3.pdf\">Presentation slides &#8211; Part 3<\/a><br \/>\n<a href=\"\/wp-content\/uploads\/2014\/03\/conflict4.pdf\">Presentation slides &#8211; Part 4<\/a><\/p><\/div><\/div><div class='content-column one_half last_column'><div style=\"padding-top:20px;\"><\/div><\/div><div class='clear_column'><\/div><\/p>\n","protected":false},"excerpt":{"rendered":"<p>These materials have been created by the RSTP for Refugee Sponsorship Coordinators in training sessions of their staff and constituent groups. The RSTP encourages users to adapt and modify the [&hellip;]<\/p>\n","protected":false},"author":4,"featured_media":0,"parent":17,"menu_order":4,"comment_status":"open","ping_status":"open","template":"","meta":{"_relevanssi_hide_post":"","_relevanssi_hide_content":"","_relevanssi_pin_for_all":"","_relevanssi_pin_keywords":"","_relevanssi_unpin_keywords":"","_relevanssi_related_keywords":"","_relevanssi_related_include_ids":"","_relevanssi_related_exclude_ids":"","_relevanssi_related_no_append":"","_relevanssi_related_not_related":"","_relevanssi_related_posts":"","_relevanssi_noindex_reason":"","passster_activate_protection":false,"passster_protect_child_pages":"","passster_protection_type":"password","passster_password":"","passster_activate_overwrite_defaults":"","passster_headline":"","passster_instruction":"","passster_placeholder":"","passster_button":"","passster_id":"","passster_activate_misc_settings":"","passster_redirect_url":"","passster_hide":"no","passster_area_shortcode":"","_price":"","_stock":"","_tribe_ticket_header":"","_tribe_default_ticket_provider":"","_tribe_ticket_capacity":"0","_ticket_start_date":"","_ticket_end_date":"","_tribe_ticket_show_description":"","_tribe_ticket_show_not_going":false,"_tribe_ticket_use_global_stock":"","_tribe_ticket_global_stock_level":"","_global_stock_mode":"","_global_stock_cap":"","_tribe_rsvp_for_event":"","_tribe_ticket_going_count":"","_tribe_ticket_not_going_count":"","_tribe_tickets_list":"[]","_tribe_ticket_has_attendee_info_fields":false,"footnotes":""},"meta_box":{"front_blocks":[]},"ticketed":false,"_links":{"self":[{"href":"https:\/\/www.rstp.ca\/en\/wp-json\/wp\/v2\/pages\/898"}],"collection":[{"href":"https:\/\/www.rstp.ca\/en\/wp-json\/wp\/v2\/pages"}],"about":[{"href":"https:\/\/www.rstp.ca\/en\/wp-json\/wp\/v2\/types\/page"}],"author":[{"embeddable":true,"href":"https:\/\/www.rstp.ca\/en\/wp-json\/wp\/v2\/users\/4"}],"replies":[{"embeddable":true,"href":"https:\/\/www.rstp.ca\/en\/wp-json\/wp\/v2\/comments?post=898"}],"version-history":[{"count":10,"href":"https:\/\/www.rstp.ca\/en\/wp-json\/wp\/v2\/pages\/898\/revisions"}],"predecessor-version":[{"id":21585,"href":"https:\/\/www.rstp.ca\/en\/wp-json\/wp\/v2\/pages\/898\/revisions\/21585"}],"up":[{"embeddable":true,"href":"https:\/\/www.rstp.ca\/en\/wp-json\/wp\/v2\/pages\/17"}],"wp:attachment":[{"href":"https:\/\/www.rstp.ca\/en\/wp-json\/wp\/v2\/media?parent=898"}],"curies":[{"name":"wp","href":"https:\/\/api.w.org\/{rel}","templated":true}]}}