{"id":14346,"date":"2021-12-07T14:50:02","date_gmt":"2021-12-07T19:50:02","guid":{"rendered":"https:\/\/www.rstp.ca\/?page_id=14346"},"modified":"2026-04-14T12:07:38","modified_gmt":"2026-04-14T17:07:38","slug":"refugeeprofiles","status":"publish","type":"page","link":"https:\/\/www.rstp.ca\/en\/bvor\/refugeeprofiles\/","title":{"rendered":"BVOR Refugee Profiles"},"content":{"rendered":"<h4 class=\"color10-bg\" style=\"margin-bottom: 20px; padding: 35px 25px 35px 65px;\">Skip the instructions &amp; jump ahead to see the BVOR Profiles &#8211;\u00a0 \u00a0<a class=\"maxbutton-2 maxbutton maxbutton-register-here\" href=\"#bvorprofiles\"><span class='mb-text'>HERE<\/span><\/a><\/h4>\n<p>&nbsp;<\/p>\n<ol>\n<li><a class=\"button style2\" style=\"margin-bottom: 25px;\" href=\"https:\/\/rms.rstp.ca\/login\">\u00a0 Login\/Register to the BVOR Matching Database\u00a0 \u00a0\u00a0<\/a><\/li>\n<\/ol>\n<p><span style=\"color: #000000;\">Please note that the refugee profiles visible below do not reflect cases that have since been placed on hold or that have a confirmed match. <\/span><\/p>\n<p><span style=\"color: #000000;\">Please <a href=\"https:\/\/rms.rstp.ca\/login\"><strong>login<\/strong><\/a> to the <strong>BVOR Matching Database<\/strong> using the blue button above to place a case on hold or to confirm a match and for the most detailed and up to date profile information. If you are not an existing user, please register by also clicking the blue button above.<\/span><\/p>\n<p><strong>Please note that you cannot refer a family member or friend who is a refugee into the BVOR program.<\/strong> The BVOR program is only for refugees that have been referred for resettlement to Canada by UNHCR. If you have a family member or friend who is a refugee that you would like to sponsor to Canada, you can do so via the <a href=\"https:\/\/www.rstp.ca\/en\/refugee-sponsorship\/the-private-sponsorship-of-refugees-program\/\">Private Sponsorship of Refugees (PSR) program<\/a>.<\/p>\n<hr \/>\n<h5>\u00a0<a class=\"button style2\" style=\"margin-bottom: 25px;\" href=\"https:\/\/rms.rstp.ca\/login\">Se <span class=\"ui-provider a b c d e f g h i j k l m n o p q r s t u v w x y z ab ac ae af ag ah ai aj ak\" dir=\"ltr\">connecter \u00e0 la base de donn\u00e9es de jumelage des RDBV<\/span><\/a><\/h5>\n<p>Veuillez noter que les profils de r\u00e9fugi\u00e9s visibles ci-dessous pourraient inclure des dossiers qui ont d\u00e9sormais \u00e9t\u00e9 r\u00e9serv\u00e9s ou dont le jumelage a d\u00e9j\u00e0 \u00e9t\u00e9 confirm\u00e9.<\/p>\n<p>Nous demandons aux r\u00e9pondants de <a href=\"https:\/\/rms.rstp.ca\/login\" target=\"_blank\" rel=\"noopener\">se connecter<\/a> \u00e0 <strong>la base de donn\u00e9es de jumelage<\/strong> <strong>des RDBV<\/strong> \u00e0 l&#8217;aide du bouton bleu ci-dessus pour r\u00e9server un dossier ou pour confirmer un jumelage, ou encore pour obtenir les informations de profil les plus d\u00e9taill\u00e9es et les plus actuelles. Si vous n&#8217;avez pas de compte utilisateur, veuillez vous inscrire \u00e0 la base de donn\u00e9es de jumelage en cliquant sur le m\u00eame bouton bleu ci-dessus.<\/p>\n<p><strong>Veuillez noter que vous ne pouvez pas parrainer un membre de votre famille ou un ami r\u00e9fugi\u00e9 dans le cadre du Programme mixte des r\u00e9fugi\u00e9s d\u00e9sign\u00e9s par un bureau des visas (RDBV).<\/strong> Le Programme mixte des RDBV s&#8217;adresse uniquement aux r\u00e9fugi\u00e9s dont le HCR a recommand\u00e9 la r\u00e9installation au Canada. Si vous avez un membre de votre famille ou un ami qui est un r\u00e9fugi\u00e9 et que vous souhaitez parrainer pour qu&#8217;il ou elle se r\u00e9installe au Canada, vous pouvez le faire dans le cadre du <a href=\"https:\/\/can01.safelinks.protection.outlook.com\/?url=https%3A%2F%2Fwww.rstp.ca%2Ffr%2Fparrainage-de-refugies%2Fle-programme-de-parrainage-prive-des-refugies%2F&amp;data=05%7C01%7C%7C1449354ab53443e5812008db03b6ca13%7Ca5827fca282b40a69875772ff7768431%7C0%7C0%7C638107855829926707%7CUnknown%7CTWFpbGZsb3d8eyJWIjoiMC4wLjAwMDAiLCJQIjoiV2luMzIiLCJBTiI6Ik1haWwiLCJXVCI6Mn0%3D%7C3000%7C%7C%7C&amp;sdata=Td9kIatUW538Rp0y1j%2BnYS7Z4%2FJXO5OFGwFK8DAXiSY%3D&amp;reserved=0\" target=\"_blank\" rel=\"noopener\">Programme de parrainage priv\u00e9 de r\u00e9fugi\u00e9s (PPPR)<\/a><\/p>\n<div id=\"bvorprofiles\">\n<h4 class=\"color10-bg\" style=\"margin-bottom: 20px; padding: 35px 25px; text-align: center;\">BVOR PROFILES \/ PROFILS RDBV<\/h4>\n<p style=\"text-align: center;\">April 14 &#8211;\u00a0 April 28, 2026 (published at 1 pm EDT),\u00a0 14 avril &#8211; 28 avril 2026\u00a0 (publi\u00e9 \u00e0 13:00 heure de l&#8217;Est)<\/p>\n<p>&nbsp;<\/p>\n<h4><strong>Profile 26-0061: An individual from Somalia.<\/strong><\/h4>\n<p>This 40-year-old has 1 year of education and experience selling shoes. She speaks Somali and basic Swahili.<\/p>\n<p>&nbsp;<\/p>\n<h4>Profile 26-0062: An individual from Sudan.<\/h4>\n<p>This 32-year-old has 4 years of education and experience as a shop sales assistant, crop farm labourer, cleaner and helper, and in hotels and other establishments. He speaks Arabic.<\/p>\n<p>&nbsp;<\/p>\n<h4>Profile 26-0063: An individual from Eritrea.<\/h4>\n<p>This 23-year-old has 12 years of education and experience as a handicraft worker, hairdresser, beautician, and driver. He speaks Arabic, Tigrigna, and Tigre.<\/p>\n<p>&nbsp;<\/p>\n<h4>Profile 26-0064: An individual from Sudan.<\/h4>\n<p>This 30-year-old has a university education and experience as a vocational education teacher, construction supervisor, shopkeeper, and writer. He speaks Arabic and Fur.<\/p>\n<p>&nbsp;<\/p>\n<h4>Profile 26-0065 &amp; 26-0066: Two linked individuals from Sudan.<\/h4>\n<p>These two individuals are brothers (25 and 31). The 25-year-old has 10 years of education and experience as a manufacturing labourer. He speaks Arabic. The 31-year-old has a university education and experience as a general office clerk, electronics mechanic and servicer, and driver. He speaks Arabic.<\/p>\n<p>&nbsp;<\/p>\n<h4>Profile 26-0067: An individual from Eritrea.<\/h4>\n<p>This 28-year-old has 10 years of education and experience as a crop farm labourer. He speaks Tigrigna. This individual must be relocated to Brantford, Ontario, Canada where family members reside.<\/p>\n<p>&nbsp;<\/p>\n<h4>Profile 26-0068: A family of 5 from Syria.<\/h4>\n<p>This family consists of a parent (37) and four children (9, 11, 8, and 6). The parent has 9 years of education and experience as a housekeeper. The children have between kindergarten and 5 years of education and are students. The family speaks Arabic (one child also speaks Turkish).<\/p>\n<p>&nbsp;<\/p>\n<h4>Profile 26-0069: A family of 5 from Syria.<\/h4>\n<p>This family consists of a parent (43) and four children (19, 17, 15, and 13). The parent has 6 years of education and experience as a housekeeper. The children have between 6 and 12 years of education and are students. The family speaks Arabic (some also speak Turkish).<\/p>\n<p>&nbsp;<\/p>\n<h4>Profile 26-0070 &amp; 26-0071: Two linked individuals from Jamaica.<\/h4>\n<p>These two individuals are mother and daughter (65 and 28). The 65-year-old has 10 years of education and experience as a security guard and street food salesperson. The 28-year-old has 9 years of education and experience as a security guard and sales worker. Both speak English.<\/p>\n<p>&nbsp;<\/p>\n<h4>Profile 26-0072: An individual from Afghanistan.<\/h4>\n<p>This 47-year-old has 12 years of education. She speaks Farsi (Eastern).<\/p>\n<\/div>\n","protected":false},"excerpt":{"rendered":"<p>Skip the instructions &amp; jump ahead to see the BVOR Profiles &#8211;\u00a0 \u00a0 &nbsp; \u00a0 Login\/Register to the BVOR Matching Database\u00a0 \u00a0\u00a0 Please note that the refugee profiles visible below [&hellip;]<\/p>\n","protected":false},"author":11,"featured_media":0,"parent":10009,"menu_order":0,"comment_status":"closed","ping_status":"closed","template":"","meta":{"_relevanssi_hide_post":"","_relevanssi_hide_content":"","_relevanssi_pin_for_all":"","_relevanssi_pin_keywords":"","_relevanssi_unpin_keywords":"","_relevanssi_related_keywords":"","_relevanssi_related_include_ids":"","_relevanssi_related_exclude_ids":"","_relevanssi_related_no_append":"","_relevanssi_related_not_related":"","_relevanssi_related_posts":"","_relevanssi_noindex_reason":"","passster_activate_protection":false,"passster_protect_child_pages":"","passster_protection_type":"password","passster_password":"","passster_activate_overwrite_defaults":"","passster_headline":"","passster_instruction":"","passster_placeholder":"","passster_button":"","passster_id":"","passster_activate_misc_settings":"","passster_redirect_url":"","passster_hide":"no","passster_area_shortcode":"","_price":"","_stock":"","_tribe_ticket_header":"","_tribe_default_ticket_provider":"","_tribe_ticket_capacity":"0","_ticket_start_date":"","_ticket_end_date":"","_tribe_ticket_show_description":"","_tribe_ticket_show_not_going":false,"_tribe_ticket_use_global_stock":"","_tribe_ticket_global_stock_level":"","_global_stock_mode":"","_global_stock_cap":"","_tribe_rsvp_for_event":"","_tribe_ticket_going_count":"","_tribe_ticket_not_going_count":"","_tribe_tickets_list":"[]","_tribe_ticket_has_attendee_info_fields":false,"footnotes":""},"meta_box":{"front_blocks":[]},"ticketed":false,"_links":{"self":[{"href":"https:\/\/www.rstp.ca\/en\/wp-json\/wp\/v2\/pages\/14346"}],"collection":[{"href":"https:\/\/www.rstp.ca\/en\/wp-json\/wp\/v2\/pages"}],"about":[{"href":"https:\/\/www.rstp.ca\/en\/wp-json\/wp\/v2\/types\/page"}],"author":[{"embeddable":true,"href":"https:\/\/www.rstp.ca\/en\/wp-json\/wp\/v2\/users\/11"}],"replies":[{"embeddable":true,"href":"https:\/\/www.rstp.ca\/en\/wp-json\/wp\/v2\/comments?post=14346"}],"version-history":[{"count":311,"href":"https:\/\/www.rstp.ca\/en\/wp-json\/wp\/v2\/pages\/14346\/revisions"}],"predecessor-version":[{"id":24705,"href":"https:\/\/www.rstp.ca\/en\/wp-json\/wp\/v2\/pages\/14346\/revisions\/24705"}],"up":[{"embeddable":true,"href":"https:\/\/www.rstp.ca\/en\/wp-json\/wp\/v2\/pages\/10009"}],"wp:attachment":[{"href":"https:\/\/www.rstp.ca\/en\/wp-json\/wp\/v2\/media?parent=14346"}],"curies":[{"name":"wp","href":"https:\/\/api.w.org\/{rel}","templated":true}]}}